{"id":3,"date":"2019-09-30T10:53:03","date_gmt":"2019-09-30T10:53:03","guid":{"rendered":"http:\/\/nuriaaebi.com\/?page_id=3"},"modified":"2020-09-15T11:25:33","modified_gmt":"2020-09-15T09:25:33","slug":"politica-de-privacidad","status":"publish","type":"page","link":"https:\/\/nuriaaebi.com\/es\/politica-de-privacidad","title":{"rendered":"Pol\u00edtica de Privacidad"},"content":{"rendered":"<div class=\"wpb-content-wrapper\"><p>[vc_row row_type=\u00bbparallax\u00bb content_aligment=\u00bbcenter\u00bb full_screen_section_height=\u00bbno\u00bb parallax_background_image=\u00bb4950&#8243; parallax_speed=\u00bb0.2&#8243; css=\u00bb.vc_custom_1598889259701{background-color: #ffffff !important;background-position: center !important;background-repeat: no-repeat !important;background-size: cover !important;}\u00bb][vc_column][vc_empty_space height=\u00bb80&#8243;][vc_column_text]<\/p>\n<h1 style=\"text-align: center;\"><span style=\"color: #ffffff;\">POL\u00cdTICA DE PRIVACIDAD<\/span><\/h1>\n<div id=\"gtx-trans\" style=\"position: absolute; left: 196px; top: -0.5625px;\">\n<div class=\"gtx-trans-icon\"><\/div>\n<\/div>\n<p>[\/vc_column_text][vc_empty_space height=\u00bb80&#8243;][vc_empty_space height=\u00bb80&#8243;][vc_empty_space height=\u00bb80&#8243;][\/vc_column][\/vc_row][vc_row content_width=\u00bbgrid\u00bb][vc_column][vc_empty_space][vc_column_text]<\/p>\n<p style=\"text-align: justify;\">El objetivo de comunicarte nuestra pol\u00edtica de privacidad es que conozcas de la manera m\u00e1s clara y sencilla posible c\u00f3mo tratamos la informaci\u00f3n personal en nuestra web.<\/p>\n<p style=\"text-align: justify;\">Esta pol\u00edtica de privacidad es aplicable a los datos personales recogidos en <a href=\"https:\/\/nuriaaebi.com\/\">https:\/\/nuriaaebi.com\/<\/a>, no siendo v\u00e1lida para aquella informaci\u00f3n recabada por terceros en otras p\u00e1ginas web, incluso si \u00e9stas se encuentran enlazadas por el <a href=\"https:\/\/nuriaaebi.com\/\">https:\/\/nuriaaebi.com\/<\/a>.<\/p>\n<p style=\"text-align: justify;\">Leyes que se aplican:<\/p>\n<p style=\"text-align: justify;\">El RGPD (Reglamento (UE) 2016\/679 del Parlamento Europeo y del Consejo de 27 de abril de 2016 relativo a la protecci\u00f3n de las personas f\u00edsicas)<\/p>\n<p style=\"text-align: justify;\">La LOPD (Ley Org\u00e1nica 15\/1999, de 13 de diciembre, de Protecci\u00f3n de Datos de Car\u00e1cter Personal y Real Decreto 1720\/2007, de 21 de diciembre, el Reglamento de desarrollo de la LOPD)<\/p>\n<p style=\"text-align: justify;\">La LSSI (Ley 34\/2002, de 11 de julio, de Servicios de la Sociedad de la Informaci\u00f3n y Comercio Electr\u00f3nico)<\/p>\n<p>[\/vc_column_text][vc_empty_space][vc_column_text]<\/p>\n<h4>Responsable del tratamiento de tus datos personales<\/h4>\n<p>[\/vc_column_text][vc_column_text]Nuria Dieguez Aebi<br \/>\nCIF: 45741624Y<br \/>\nEmail:info@nuriaaebi.com[\/vc_column_text][vc_empty_space][vc_column_text]<\/p>\n<h4>C\u00f3mo se recogen los datos personales<\/h4>\n<p>[\/vc_column_text][vc_column_text]<\/p>\n<p style=\"text-align: justify;\">Cuando el usuario se pone en contacto con https:\/\/nuriaaebi.com\/ a trav\u00e9s del formulario de contacto. Los datos requeridos ser\u00e1n: nombre, email, tel\u00e9fono, asunto y mensaje.<\/p>\n<p style=\"text-align: justify;\">Cuando el usuario publique alg\u00fan comentario en el blog. Los datos requeridos son nombre, e email.<\/p>\n<p style=\"text-align: justify;\">Cookies: Cuando el usuario se registra o navega en esta web, se almacenan \u201ccookies\u201d, El usuario puede consultar en cualquier momento la pol\u00edtica de cookies para ampliar informaci\u00f3n sobre el uso de cookies y c\u00f3mo desactivarlas.<\/p>\n<p style=\"text-align: justify;\">Las categor\u00edas de datos que se tratan son: Datos identificativos, concretamente, nombre y correo electr\u00f3nico.<\/p>\n<p style=\"text-align: justify;\">No se tratan categor\u00edas de datos especialmente protegidos.[\/vc_column_text][vc_empty_space][vc_column_text]<\/p>\n<h4>Finalidad del tratamiento de tus datos personales<\/h4>\n<p>[\/vc_column_text][vc_column_text]<\/p>\n<p style=\"text-align: justify;\">En concreto, los datos recogidos se utilizar\u00e1n para:<\/p>\n<p>Responder a los requerimientos de los usuarios. En el caso de que alg\u00fan usuario deje sus datos personales en nuestros formularios de contacto, se podr\u00e1n utilizar dichos datos para responder a su solicitud, dudas o quejas.<\/p>\n<p style=\"text-align: justify;\">Proporcionar informaci\u00f3n de nuestros servicios en el caso de que sean requeridos. La informaci\u00f3n recabada permitir\u00e1 solicitar el servicio correspondiente para una posible tramitaci\u00f3n del mismo offline. Las solicitudes ser\u00e1n respondidas por correo electr\u00f3nico.<\/p>\n<p style=\"text-align: justify;\">Gestionar los comentarios en el blog.<\/p>\n<p style=\"text-align: justify;\">Garantizar el cumplimiento de las condiciones de uso y la ley aplicable. Esto puede incluir desarrollo de herramientas y algoritmos que ayudan a esta web a garantizar la confidencialidad de los datos personales que recoge.<\/p>\n<p style=\"text-align: justify;\">Para gestionar las redes sociales. El tratamiento de los datos que se lleve a cabo de las personas que se hagan seguidoras en las redes sociales de las p\u00e1ginas oficiales de https:\/\/nuriaaebi.com\/, se regir\u00e1 por este apartado. As\u00ed como por aquellas condiciones de uso, pol\u00edticas de privacidad y normativas de acceso que pertenezcan a la red social que proceda en cada caso y aceptadas previamente por el usuario de https:\/\/nuriaaebi.com\/. Tratar\u00e9 tus datos con las finalidades de administrar correctamente mi presencia en la red social, informando de actividades, productos o servicios de https:\/\/nuriaaebi.com\/. As\u00ed como para cualquier otra finalidad que las normativas de las redes sociales permitan. En ning\u00fan caso utilizar\u00e9 los perfiles de seguidores en redes sociales para enviar publicidad de manera individual.<\/p>\n<p style=\"text-align: justify;\">Tus datos personales podr\u00e1n ser tratados posteriormente con la finalidad de realizar estad\u00edsticas y acciones comerciales puntuales.<\/p>\n<p style=\"text-align: justify;\">En ning\u00fan caso esta web ceder\u00e1 los datos personales de sus usuarios a terceros sin informarles previamente y requerir su consentimiento. No es necesario que facilites ning\u00fan dato de car\u00e1cter personal para la navegaci\u00f3n por esta web.<\/p>\n<p>[\/vc_column_text][vc_empty_space][vc_column_text]<\/p>\n<h4>Tiempo de conservaci\u00f3n de los datos personales<\/h4>\n<p>[\/vc_column_text][vc_column_text]<\/p>\n<p style=\"text-align: justify;\">Los datos personales proporcionados se conservar\u00e1n hasta que el usuario pida su eliminaci\u00f3n.<\/p>\n<p>[\/vc_column_text][vc_empty_space][vc_column_text]<\/p>\n<h4>Legitimaci\u00f3n para el tratamiento de tus datos<\/h4>\n<p>[\/vc_column_text][vc_column_text]<\/p>\n<p style=\"text-align: justify;\">La base legal para el tratamiento de sus datos es: el consentimiento.<\/p>\n<p style=\"text-align: justify;\">Para contactar o realizar comentarios en esta web se requiere el consentimiento con esta pol\u00edtica de privacidad. La oferta prospectiva o comercial de productos y servicios est\u00e1 basada en el consentimiento que se le solicita, sin que en ning\u00fan caso la retirada de este consentimiento condicione la ejecuci\u00f3n del contrato de suscripci\u00f3n.<\/p>\n<p>[\/vc_column_text][vc_empty_space][vc_column_text]<\/p>\n<h4>Destinatarios a quienes se comunicar\u00e1n los datos<\/h4>\n<p>[\/vc_column_text][vc_column_text]Los datos se comunicar\u00e1n a las siguientes empresas para prestan servicios estrictamente necesarios para el desarrollo de su actividad, Nuria D. Aebi, comparte datos con los siguientes prestadores bajo sus correspondientes condiciones de privacidad.<\/p>\n<p>Hosting: Digital Ocean con direcci\u00f3n en 101 Avenue of the Americas, 10th Floor, New York, NY 10013 y VAT ID: EU528002224.<\/p>\n<p>Plataforma web: WordPress.org.<\/p>\n<p>Google Analytics: Herramienta de Google, cuya direcci\u00f3n principal es 1600 Amphitheatre Parkway, Mountain View (California), CA 94043, Estados Unidos, utiliza cookies que se instalan en el ordenador del usuario para analizar el uso que hacen los usuarios de la web. Toda la informaci\u00f3n que genera las cookies es transmitida y archivada por Google.[\/vc_column_text][vc_empty_space][vc_column_text]<\/p>\n<h4>Derechos del usuario al facilitar sus datos<\/h4>\n<p>[\/vc_column_text][vc_column_text]Solicitar el acceso a los datos personales relativos al interesado.<\/p>\n<p>Solicitar su rectificaci\u00f3n o supresi\u00f3n.<\/p>\n<p>Solicitar la limitaci\u00f3n de su tratamiento.<\/p>\n<p>Oponerse al tratamiento.<\/p>\n<p>Podr\u00e1 ejercitar materialmente sus derechos por correo electr\u00f3nico a : info@nuriaaebi.com[\/vc_column_text][vc_empty_space][vc_column_text]<\/p>\n<h4>Secreto y seguridad de los datos<\/h4>\n<p>[\/vc_column_text][vc_column_text]<\/p>\n<p style=\"text-align: justify;\">En https:\/\/nuriaaebi.com\/ tratamos los datos personales de los usuarios respetando su confidencialidad y nos comprometemos a utilizarlos de acuerdo con la finalidad con la que se recogieron. Y tambi\u00e9n a cumplir nuestra obligaci\u00f3n de guardarlos y adaptar todas las medidas para evitar la alteraci\u00f3n, p\u00e9rdida, tratamiento o acceso no autorizado, tal y como establece la normativa vigente de protecci\u00f3n de datos.<\/p>\n<p>Por ello usamos en nuestra web un certificado SSL. Se trata de un protocolo de seguridad que hace que tus datos viajen de manera \u00edntegra y segura, es decir, la transmisi\u00f3n de los datos entre un servidor y usuario web, y en retroalimentaci\u00f3n, est\u00e1 totalmente cifrada o encriptada.<\/p>\n<p style=\"text-align: justify;\">L\u00f3gicamente no podemos garantizar la absoluta inexpugnabilidad de Internet y por tanto la violaci\u00f3n de los datos mediante accesos fraudulentos por parte de terceros como hackers y otros.<\/p>\n<p style=\"text-align: justify;\">Con respecto a la confidencialidad del procesamiento, Nuria D. Aebi y cualquier persona autorizada por https:\/\/nuriaaebi.com\/ para procesar los datos de los usuarios (personal, colaboradores\u2026) estar\u00e1 bajo la obligaci\u00f3n apropiada de confidencialidad (ya sea un deber contractual o legal).<\/p>\n<p style=\"text-align: justify;\">Si se presenta alg\u00fan incidente de seguridad, al darnos cuenta, desde https:\/\/nuriaaebi.com\/ se le notificar\u00e1 al usuario y se le dar\u00e1 la informaci\u00f3n necesaria con el incidente tal como se conozca o cuando nos lo pida razonablemente.<\/p>\n<p>[\/vc_column_text][vc_empty_space][vc_column_text]<\/p>\n<h4>Exactitud y veracidad de los datos<\/h4>\n<p>[\/vc_column_text][vc_column_text]<\/p>\n<p style=\"text-align: justify;\">El Usuario garantiza que los datos personales facilitados a trav\u00e9s de los diferentes formularios son veraces, quedando obligado a comunicar cualquier modificaci\u00f3n de los mismos. Igualmente, el Usuario garantiza que toda la informaci\u00f3n facilitada corresponde con su situaci\u00f3n real, que est\u00e1 puesta al d\u00eda y es exacta.<\/p>\n<p style=\"text-align: justify;\">Adem\u00e1s el Usuario se obliga a mantener en todo momento sus datos actualizados, siendo el \u00fanico responsable de la inexactitud o falsedad de los datos facilitados y de los perjuicios que pueda causar por ello a Nuria D. Aebi como titular de la web https:\/\/nuriaaebi.com\/<\/p>\n<p>[\/vc_column_text][vc_empty_space][vc_column_text]<\/p>\n<h4>Aceptaci\u00f3n y Consentimiento<\/h4>\n<p>[\/vc_column_text][vc_column_text]La pol\u00edtica de privacidad es un contrato entre el usuario y Nuria D. Aebi, es necesario que la hayas le\u00eddo y est\u00e9s conforme con estas condiciones sobre la protecci\u00f3n de datos de car\u00e1cter personal, aceptando y consintiendo el tratamiento de los mismos por parte de Nuria D. Aebi, en la forma y para las finalidades que te he indicado en esta pol\u00edtica y en el aviso legal.<\/p>\n<p>En caso de cualquier duda o comentario sobre esta pol\u00edtica de privacidad, no dudes en contactar a trav\u00e9s de info@nuriaaebi.com[\/vc_column_text][vc_empty_space][vc_column_text]<\/p>\n<h4>Revocabilidad<\/h4>\n<p>[\/vc_column_text][vc_column_text]<\/p>\n<p style=\"text-align: justify;\">El consentimiento que da el usuario, tanto para el tratamiento como para la cesi\u00f3n de tus datos, es revocable en cualquier momento comunic\u00e1ndolo a Nuria D. Aebi (https:\/\/nuriaaebi.com\/).<\/p>\n<p style=\"text-align: justify;\">Esta revocaci\u00f3n en ning\u00fan caso tendr\u00e1 car\u00e1cter retroactivo.<\/p>\n<p>[\/vc_column_text][vc_empty_space][vc_column_text]<\/p>\n<h4>Cambios en la presente pol\u00edtica de privacidad<\/h4>\n<p>[\/vc_column_text][vc_column_text]<\/p>\n<p style=\"text-align: justify;\">Nuria D. Aebi se reserva el derecho a modificar la presente pol\u00edtica para adaptarla a novedades legislativas o jurisprudenciales as\u00ed como a pr\u00e1cticas de la industria. En dichos supuestos, el Prestador anunciar\u00e1 en esta p\u00e1gina los cambios introducidos con razonable antelaci\u00f3n a su puesta en pr\u00e1ctica.<\/p>\n<p>[\/vc_column_text][vc_empty_space][vc_column_text]<\/p>\n<h4>Correos comerciales<\/h4>\n<p>[\/vc_column_text][vc_column_text]<\/p>\n<p style=\"text-align: justify;\">De acuerdo con la LSSICE, Nuria D. Aebi no realiza pr\u00e1cticas de SPAM, por lo que no env\u00eda correos comerciales por v\u00eda electr\u00f3nica que no hayan sido previamente solicitados o autorizados por el Usuario, en algunas ocasiones, puede remitir promociones y ofertas puntuales propias y terceros, solo en los casos en los que cuente con la autorizaci\u00f3n de los destinatarios.<\/p>\n<p>[\/vc_column_text][\/vc_column][\/vc_row][vc_row content_aligment=\u00bbcenter\u00bb][vc_column]<a href=\"mailto:info@nuriaaebi.com\" target=\"_self\"  class=\"mkdf-btn mkdf-btn-huge-full-width mkdf-btn-solid mkdf-btn-custom-hover-bg mkdf-btn-custom-border-hover mkdf-btn-hover-solid\"  data-hover-bg-color=\"#363636\" data-hover-border-color=\"#363636\" >\n\t<span class=\"mkdf-btn-text\">\u00bfHABLAMOS?<\/span>\n\t\n\t<\/a>[vc_empty_space][\/vc_column][\/vc_row]<\/p>\n<\/div>","protected":false},"excerpt":{"rendered":"<p>[vc_row row_type=\u00bbparallax\u00bb content_aligment=\u00bbcenter\u00bb full_screen_section_height=\u00bbno\u00bb parallax_background_image=\u00bb4950&#8243; parallax_speed=\u00bb0.2&#8243; css=\u00bb.vc_custom_1598889259701{background-color: #ffffff !important;background-position: center !important;background-repeat: no-repeat !important;background-size: cover !important;}\u00bb][vc_column][vc_empty_space height=\u00bb80&#8243;][vc_column_text] POL\u00cdTICA DE PRIVACIDAD [\/vc_column_text][vc_empty_space height=\u00bb80&#8243;][vc_empty_space height=\u00bb80&#8243;][vc_empty_space height=\u00bb80&#8243;][\/vc_column][\/vc_row][vc_row content_width=\u00bbgrid\u00bb][vc_column][vc_empty_space][vc_column_text] El objetivo de comunicarte nuestra pol\u00edtica de privacidad es que conozcas de la manera m\u00e1s clara y sencilla posible c\u00f3mo tratamos la informaci\u00f3n personal en nuestra web. Esta pol\u00edtica de privacidad es aplicable a los datos personales recogidos en https:\/\/nuriaaebi.com\/, no siendo v\u00e1lida para aquella informaci\u00f3n recabada por terceros en otras p\u00e1ginas web, incluso si \u00e9stas se encuentran enlazadas por el https:\/\/nuriaaebi.com\/. Leyes que se aplican: [&hellip;]<\/p>\n","protected":false},"author":3,"featured_media":0,"parent":0,"menu_order":0,"comment_status":"closed","ping_status":"closed","template":"full-width.php","meta":{"_joinchat":[],"footnotes":""},"class_list":["post-3","page","type-page","status-publish","hentry"],"yoast_head":"<!-- This site is optimized with the Yoast SEO plugin v27.3 - https:\/\/yoast.com\/product\/yoast-seo-wordpress\/ -->\n<title>Pol\u00edtica de Privacidad - Gu\u00eda Turstico en C\u00f3rdoba, Espa\u00f1a. Deutsch \/ Italiano<\/title>\n<meta name=\"description\" content=\"Pol\u00edtica de Privacidad. El objetivo es informarte sobre qu\u00e9 datos recogemos, por qu\u00e9 los recogemos y c\u00f3mo puedes gestionarlos.\" \/>\n<meta name=\"robots\" content=\"index, follow, max-snippet:-1, max-image-preview:large, max-video-preview:-1\" \/>\n<link rel=\"canonical\" href=\"https:\/\/nuriaaebi.com\/politica-de-privacidad\" \/>\n<meta property=\"og:locale\" content=\"es_ES\" \/>\n<meta property=\"og:type\" content=\"article\" \/>\n<meta property=\"og:title\" content=\"Pol\u00edtica de Privacidad - Gu\u00eda Turstico en C\u00f3rdoba, Espa\u00f1a. Deutsch \/ Italiano\" \/>\n<meta property=\"og:description\" content=\"Pol\u00edtica de Privacidad. El objetivo es informarte sobre qu\u00e9 datos recogemos, por qu\u00e9 los recogemos y c\u00f3mo puedes gestionarlos.\" \/>\n<meta property=\"og:url\" content=\"https:\/\/nuriaaebi.com\/politica-de-privacidad\" \/>\n<meta property=\"og:site_name\" content=\"Gu\u00eda Turstico en C\u00f3rdoba, Espa\u00f1a. Deutsch \/ Italiano\" \/>\n<meta property=\"article:modified_time\" content=\"2020-09-15T09:25:33+00:00\" \/>\n<meta name=\"twitter:card\" content=\"summary_large_image\" \/>\n<meta name=\"twitter:label1\" content=\"Tiempo de lectura\" \/>\n\t<meta name=\"twitter:data1\" content=\"9 minutos\" \/>\n<script type=\"application\/ld+json\" class=\"yoast-schema-graph\">{\"@context\":\"https:\\\/\\\/schema.org\",\"@graph\":[{\"@type\":\"WebPage\",\"@id\":\"https:\\\/\\\/nuriaaebi.com\\\/politica-de-privacidad\",\"url\":\"https:\\\/\\\/nuriaaebi.com\\\/politica-de-privacidad\",\"name\":\"Pol\u00edtica de Privacidad - Gu\u00eda Turstico en C\u00f3rdoba, Espa\u00f1a. Deutsch \\\/ Italiano\",\"isPartOf\":{\"@id\":\"https:\\\/\\\/nuriaaebi.com\\\/#website\"},\"datePublished\":\"2019-09-30T10:53:03+00:00\",\"dateModified\":\"2020-09-15T09:25:33+00:00\",\"description\":\"Pol\u00edtica de Privacidad. El objetivo es informarte sobre qu\u00e9 datos recogemos, por qu\u00e9 los recogemos y c\u00f3mo puedes gestionarlos.\",\"breadcrumb\":{\"@id\":\"https:\\\/\\\/nuriaaebi.com\\\/politica-de-privacidad#breadcrumb\"},\"inLanguage\":\"es\",\"potentialAction\":[{\"@type\":\"ReadAction\",\"target\":[\"https:\\\/\\\/nuriaaebi.com\\\/politica-de-privacidad\"]}]},{\"@type\":\"BreadcrumbList\",\"@id\":\"https:\\\/\\\/nuriaaebi.com\\\/politica-de-privacidad#breadcrumb\",\"itemListElement\":[{\"@type\":\"ListItem\",\"position\":1,\"name\":\"Portada\",\"item\":\"https:\\\/\\\/nuriaaebi.com\\\/es\"},{\"@type\":\"ListItem\",\"position\":2,\"name\":\"Pol\u00edtica de Privacidad\"}]},{\"@type\":\"WebSite\",\"@id\":\"https:\\\/\\\/nuriaaebi.com\\\/#website\",\"url\":\"https:\\\/\\\/nuriaaebi.com\\\/\",\"name\":\"Gu\u00eda Turstico en C\u00f3rdoba, Espa\u00f1a. Deutsch \\\/ Italiano\",\"description\":\"Visita guiada a C\u00f3rdoba - F\u00fchrung durch Cordoba auf Deutsch - Visita guidata di Cordova in italiano\",\"potentialAction\":[{\"@type\":\"SearchAction\",\"target\":{\"@type\":\"EntryPoint\",\"urlTemplate\":\"https:\\\/\\\/nuriaaebi.com\\\/?s={search_term_string}\"},\"query-input\":{\"@type\":\"PropertyValueSpecification\",\"valueRequired\":true,\"valueName\":\"search_term_string\"}}],\"inLanguage\":\"es\"}]}<\/script>\n<!-- \/ Yoast SEO plugin. -->","yoast_head_json":{"title":"Pol\u00edtica de Privacidad - Gu\u00eda Turstico en C\u00f3rdoba, Espa\u00f1a. Deutsch \/ Italiano","description":"Pol\u00edtica de Privacidad. El objetivo es informarte sobre qu\u00e9 datos recogemos, por qu\u00e9 los recogemos y c\u00f3mo puedes gestionarlos.","robots":{"index":"index","follow":"follow","max-snippet":"max-snippet:-1","max-image-preview":"max-image-preview:large","max-video-preview":"max-video-preview:-1"},"canonical":"https:\/\/nuriaaebi.com\/politica-de-privacidad","og_locale":"es_ES","og_type":"article","og_title":"Pol\u00edtica de Privacidad - Gu\u00eda Turstico en C\u00f3rdoba, Espa\u00f1a. Deutsch \/ Italiano","og_description":"Pol\u00edtica de Privacidad. El objetivo es informarte sobre qu\u00e9 datos recogemos, por qu\u00e9 los recogemos y c\u00f3mo puedes gestionarlos.","og_url":"https:\/\/nuriaaebi.com\/politica-de-privacidad","og_site_name":"Gu\u00eda Turstico en C\u00f3rdoba, Espa\u00f1a. Deutsch \/ Italiano","article_modified_time":"2020-09-15T09:25:33+00:00","twitter_card":"summary_large_image","twitter_misc":{"Tiempo de lectura":"9 minutos"},"schema":{"@context":"https:\/\/schema.org","@graph":[{"@type":"WebPage","@id":"https:\/\/nuriaaebi.com\/politica-de-privacidad","url":"https:\/\/nuriaaebi.com\/politica-de-privacidad","name":"Pol\u00edtica de Privacidad - Gu\u00eda Turstico en C\u00f3rdoba, Espa\u00f1a. Deutsch \/ Italiano","isPartOf":{"@id":"https:\/\/nuriaaebi.com\/#website"},"datePublished":"2019-09-30T10:53:03+00:00","dateModified":"2020-09-15T09:25:33+00:00","description":"Pol\u00edtica de Privacidad. El objetivo es informarte sobre qu\u00e9 datos recogemos, por qu\u00e9 los recogemos y c\u00f3mo puedes gestionarlos.","breadcrumb":{"@id":"https:\/\/nuriaaebi.com\/politica-de-privacidad#breadcrumb"},"inLanguage":"es","potentialAction":[{"@type":"ReadAction","target":["https:\/\/nuriaaebi.com\/politica-de-privacidad"]}]},{"@type":"BreadcrumbList","@id":"https:\/\/nuriaaebi.com\/politica-de-privacidad#breadcrumb","itemListElement":[{"@type":"ListItem","position":1,"name":"Portada","item":"https:\/\/nuriaaebi.com\/es"},{"@type":"ListItem","position":2,"name":"Pol\u00edtica de Privacidad"}]},{"@type":"WebSite","@id":"https:\/\/nuriaaebi.com\/#website","url":"https:\/\/nuriaaebi.com\/","name":"Gu\u00eda Turstico en C\u00f3rdoba, Espa\u00f1a. Deutsch \/ Italiano","description":"Visita guiada a C\u00f3rdoba - F\u00fchrung durch Cordoba auf Deutsch - Visita guidata di Cordova in italiano","potentialAction":[{"@type":"SearchAction","target":{"@type":"EntryPoint","urlTemplate":"https:\/\/nuriaaebi.com\/?s={search_term_string}"},"query-input":{"@type":"PropertyValueSpecification","valueRequired":true,"valueName":"search_term_string"}}],"inLanguage":"es"}]}},"_links":{"self":[{"href":"https:\/\/nuriaaebi.com\/es\/wp-json\/wp\/v2\/pages\/3","targetHints":{"allow":["GET"]}}],"collection":[{"href":"https:\/\/nuriaaebi.com\/es\/wp-json\/wp\/v2\/pages"}],"about":[{"href":"https:\/\/nuriaaebi.com\/es\/wp-json\/wp\/v2\/types\/page"}],"author":[{"embeddable":true,"href":"https:\/\/nuriaaebi.com\/es\/wp-json\/wp\/v2\/users\/3"}],"replies":[{"embeddable":true,"href":"https:\/\/nuriaaebi.com\/es\/wp-json\/wp\/v2\/comments?post=3"}],"version-history":[{"count":9,"href":"https:\/\/nuriaaebi.com\/es\/wp-json\/wp\/v2\/pages\/3\/revisions"}],"predecessor-version":[{"id":5192,"href":"https:\/\/nuriaaebi.com\/es\/wp-json\/wp\/v2\/pages\/3\/revisions\/5192"}],"wp:attachment":[{"href":"https:\/\/nuriaaebi.com\/es\/wp-json\/wp\/v2\/media?parent=3"}],"curies":[{"name":"wp","href":"https:\/\/api.w.org\/{rel}","templated":true}]}}