{"id":3083,"date":"2016-10-31T15:12:44","date_gmt":"2016-10-31T15:12:44","guid":{"rendered":"http:\/\/gotravel.mikado-themes.com\/?page_id=3083"},"modified":"2019-09-30T13:38:48","modified_gmt":"2019-09-30T11:38:48","slug":"quienes-somos","status":"publish","type":"page","link":"https:\/\/nuriaaebi.com\/es\/quienes-somos","title":{"rendered":"Qui\u00e9nes somos"},"content":{"rendered":"<div class=\"wpb-content-wrapper\"><p>[vc_row content_width=\u00bbgrid\u00bb css=\u00bb.vc_custom_1478528916943{padding-top: 119px !important;padding-bottom: 71px !important;background-color: #f9f9f9 !important;}\u00bb][vc_column offset=\u00bbvc_col-md-6&#8243;][vc_column_text]<\/p>\n<h3>About Us<\/h3>\n<p>[\/vc_column_text][vc_empty_space height=\u00bb15&#8243;][vc_column_text]This is Photoshop&#8217;s version\u00a0 of Lorem Ipsum. Proin gravida nibh vel velit auctor aliquet. Aenean sollicitudin, lorem quis bibendum auctor, nisi elit consequat ipsum, nec sagittis sem nibh id elit. Duis sed odio sit amet nibh vulputate cursus a sit amet mauris. Morbi accumsan ipsum velit. Nam nec tellus a odio tincidunt auctor a ornare odio. Sed non\u00a0 mauris vitae erat consequat auctor eu in elit. Class aptent taciti sociosqu ad litora.[\/vc_column_text][vc_empty_space height=\u00bb50&#8243;][\/vc_column][vc_column offset=\u00bbvc_col-md-6&#8243;][vc_column_text]<\/p>\n<h3>Our Mission<\/h3>\n<p>[\/vc_column_text][vc_empty_space height=\u00bb15&#8243;][vc_column_text]Nam nec tellus a odio tincidunt auctor a ornare odio. Sed non\u00a0 mauris vitae erat consequat auctor eu in elit. Class aptent taciti sociosqu ad litora torquent per conubia. This is Photoshop&#8217;s version\u00a0 of Lorem Ipsum. Proin gravida nibh vel velit auctor aliquet. Aenean sollicitudin, lorem quis bibendum auctor, nisi elit consequat ipsum, nec sagittis sem nibh id elit. Duis sed odio sit amet nibh vulputate cursus a sit amet mauris.[\/vc_column_text][vc_empty_space height=\u00bb50&#8243;][\/vc_column][\/vc_row][vc_row content_width=\u00bbgrid\u00bb css=\u00bb.vc_custom_1478528766607{padding-top: 128px !important;padding-bottom: 71px !important;}\u00bb][vc_column width=\u00bb1\/2&#8243; offset=\u00bbvc_col-lg-3 vc_col-md-6&#8243;]<div class=\"mkdf-iwt clearfix mkdf-iwt-icon-top mkdf-iwt-icon-medium\">\n    <div class=\"mkdf-iwt-icon\">\n                                    <img decoding=\"async\" width=\"72\" height=\"72\" src=\"https:\/\/nuriaaebi.com\/wp-content\/uploads\/2016\/10\/about-us-icon-4.png\" class=\"attachment-full size-full\" alt=\"ss\" \/>                        <\/div>\n    <div class=\"mkdf-iwt-content\" style=\"padding-top: 14px\">\n\t    \t        <h4 class=\"mkdf-iwt-title\" >\n\t\t\t    \t               PRIVATE TRANSPORT\t\t\t                <\/h4>\n\t    \t\t            <p class=\"mkdf-iwt-text\" style=\"margin-top: 8px\">This is Photoshop&#039;s version of Lorem Ipsum. Proin gravida nibh vel velit auctor aliqueenean sollicitudi<\/p>\n\t\t    <\/div>\n<\/div>[vc_empty_space height=\u00bb50&#8243;][\/vc_column][vc_column width=\u00bb1\/2&#8243; offset=\u00bbvc_col-lg-3&#8243;]<div class=\"mkdf-iwt clearfix mkdf-iwt-icon-top mkdf-iwt-icon-medium\">\n    <div class=\"mkdf-iwt-icon\">\n                                    <img decoding=\"async\" width=\"72\" height=\"72\" src=\"https:\/\/nuriaaebi.com\/wp-content\/uploads\/2016\/10\/about-us-icon-3.png\" class=\"attachment-full size-full\" alt=\"ss\" \/>                        <\/div>\n    <div class=\"mkdf-iwt-content\" style=\"padding-top: 14px\">\n\t    \t        <h4 class=\"mkdf-iwt-title\" >\n\t\t\t    \t               DIVERSE DESTINATIONS\t\t\t                <\/h4>\n\t    \t\t            <p class=\"mkdf-iwt-text\" style=\"margin-top: 8px\">This is Photoshop&#039;s version of Lorem Ipsum. Proin gravida nibh vel velit auctor aliqueenean sollicitudi<\/p>\n\t\t    <\/div>\n<\/div>[vc_empty_space height=\u00bb50&#8243;][\/vc_column][vc_column width=\u00bb1\/2&#8243; offset=\u00bbvc_col-lg-3&#8243;]<div class=\"mkdf-iwt clearfix mkdf-iwt-icon-top mkdf-iwt-icon-medium\">\n    <div class=\"mkdf-iwt-icon\">\n                                    <img decoding=\"async\" width=\"72\" height=\"72\" src=\"https:\/\/nuriaaebi.com\/wp-content\/uploads\/2016\/10\/about-us-icon-2.png\" class=\"attachment-full size-full\" alt=\"ss\" \/>                        <\/div>\n    <div class=\"mkdf-iwt-content\" style=\"padding-top: 14px\">\n\t    \t        <h4 class=\"mkdf-iwt-title\" >\n\t\t\t    \t               DRINKS INCLUDED\t\t\t                <\/h4>\n\t    \t\t            <p class=\"mkdf-iwt-text\" style=\"margin-top: 8px\">This is Photoshop&#039;s version of Lorem Ipsum. Proin gravida nibh vel velit auctor aliqueenean sollicitudi<\/p>\n\t\t    <\/div>\n<\/div>[vc_empty_space height=\u00bb50&#8243;][\/vc_column][vc_column width=\u00bb1\/2&#8243; offset=\u00bbvc_col-lg-3&#8243;]<div class=\"mkdf-iwt clearfix mkdf-iwt-icon-top mkdf-iwt-icon-medium\">\n    <div class=\"mkdf-iwt-icon\">\n                                    <img decoding=\"async\" width=\"72\" height=\"72\" src=\"https:\/\/nuriaaebi.com\/wp-content\/uploads\/2016\/10\/about-us-icon-1.png\" class=\"attachment-full size-full\" alt=\"ss\" \/>                        <\/div>\n    <div class=\"mkdf-iwt-content\" style=\"padding-top: 14px\">\n\t    \t        <h4 class=\"mkdf-iwt-title\" >\n\t\t\t    \t               FAST BOOKING\t\t\t                <\/h4>\n\t    \t\t            <p class=\"mkdf-iwt-text\" style=\"margin-top: 8px\">This is Photoshop&#039;s version of Lorem Ipsum. Proin gravida nibh vel velit auctor aliqueenean sollicitudi<\/p>\n\t\t    <\/div>\n<\/div>[vc_empty_space height=\u00bb50&#8243;][\/vc_column][\/vc_row][vc_row content_width=\u00bbgrid\u00bb css=\u00bb.vc_custom_1478527788599{padding-top: 119px !important;padding-bottom: 130px !important;background-color: #f9f9f9 !important;}\u00bb][vc_column][vc_column_text]<\/p>\n<h3>Recommended Tours<\/h3>\n<p>[\/vc_column_text][vc_empty_space height=\u00bb68&#8243;][mkdf_tours_list tour_type=\u00bbgallery\u00bb tour_item=\u00bb4&#8243; image_size=\u00bbcustom\u00bb filter=\u00bbno\u00bb enable_load_more=\u00bbno\u00bb number=\u00bb4&#8243; order_by=\u00bbdate\u00bb order=\u00bbASC\u00bb text_length=\u00bb8&#8243; selected_tours=\u00bb3724, 3725, 3726, 3727&#8243; custom_image_dimensions=\u00bb600&#215;870&#8243;][\/vc_column][\/vc_row][vc_row content_width=\u00bbgrid\u00bb css=\u00bb.vc_custom_1478079305884{padding-top: 73px !important;padding-bottom: 73px !important;}\u00bb][vc_column]<div class=\"mkdf-carousel-holder clearfix mkdf-carousel-three-rows\"><div class=\"mkdf-carousel \"  data-items=\"6\" data-navigation=\"no\"><\/div><\/div>[\/vc_column][\/vc_row]<\/p>\n<\/div>","protected":false},"excerpt":{"rendered":"<p>[vc_row content_width=\u00bbgrid\u00bb css=\u00bb.vc_custom_1478528916943{padding-top: 119px !important;padding-bottom: 71px !important;background-color: #f9f9f9 !important;}\u00bb][vc_column offset=\u00bbvc_col-md-6&#8243;][vc_column_text] About Us [\/vc_column_text][vc_empty_space height=\u00bb15&#8243;][vc_column_text]This is Photoshop&#8217;s version\u00a0 of Lorem Ipsum. Proin gravida nibh vel velit auctor aliquet. Aenean sollicitudin, lorem quis bibendum auctor, nisi elit consequat ipsum, nec sagittis sem nibh id elit. Duis sed odio sit amet nibh vulputate cursus a sit amet mauris. Morbi accumsan ipsum velit. Nam nec tellus a odio tincidunt auctor a ornare odio. Sed non\u00a0 mauris vitae erat consequat auctor eu in elit. Class aptent taciti sociosqu ad litora.[\/vc_column_text][vc_empty_space height=\u00bb50&#8243;][\/vc_column][vc_column offset=\u00bbvc_col-md-6&#8243;][vc_column_text] Our Mission [\/vc_column_text][vc_empty_space [&hellip;]<\/p>\n","protected":false},"author":3,"featured_media":0,"parent":0,"menu_order":0,"comment_status":"closed","ping_status":"closed","template":"full-width.php","meta":{"_joinchat":[],"footnotes":""},"class_list":["post-3083","page","type-page","status-publish","hentry"],"yoast_head":"<!-- This site is optimized with the Yoast SEO plugin v27.3 - https:\/\/yoast.com\/product\/yoast-seo-wordpress\/ -->\n<title>Qui\u00e9nes somos - Gu\u00eda Turstico en C\u00f3rdoba, Espa\u00f1a. Deutsch \/ Italiano<\/title>\n<meta name=\"robots\" content=\"index, follow, max-snippet:-1, max-image-preview:large, max-video-preview:-1\" \/>\n<link rel=\"canonical\" href=\"https:\/\/nuriaaebi.com\/quienes-somos\" \/>\n<meta property=\"og:locale\" content=\"es_ES\" \/>\n<meta property=\"og:type\" content=\"article\" \/>\n<meta property=\"og:title\" content=\"Qui\u00e9nes somos - Gu\u00eda Turstico en C\u00f3rdoba, Espa\u00f1a. Deutsch \/ Italiano\" \/>\n<meta property=\"og:description\" content=\"[vc_row content_width=\u00bbgrid\u00bb css=\u00bb.vc_custom_1478528916943{padding-top: 119px !important;padding-bottom: 71px !important;background-color: #f9f9f9 !important;}\u00bb][vc_column offset=\u00bbvc_col-md-6&#8243;][vc_column_text] About Us [\/vc_column_text][vc_empty_space height=\u00bb15&#8243;][vc_column_text]This is Photoshop&#8217;s version\u00a0 of Lorem Ipsum. Proin gravida nibh vel velit auctor aliquet. Aenean sollicitudin, lorem quis bibendum auctor, nisi elit consequat ipsum, nec sagittis sem nibh id elit. Duis sed odio sit amet nibh vulputate cursus a sit amet mauris. Morbi accumsan ipsum velit. Nam nec tellus a odio tincidunt auctor a ornare odio. Sed non\u00a0 mauris vitae erat consequat auctor eu in elit. Class aptent taciti sociosqu ad litora.[\/vc_column_text][vc_empty_space height=\u00bb50&#8243;][\/vc_column][vc_column offset=\u00bbvc_col-md-6&#8243;][vc_column_text] Our Mission [\/vc_column_text][vc_empty_space [&hellip;]\" \/>\n<meta property=\"og:url\" content=\"https:\/\/nuriaaebi.com\/quienes-somos\" \/>\n<meta property=\"og:site_name\" content=\"Gu\u00eda Turstico en C\u00f3rdoba, Espa\u00f1a. Deutsch \/ Italiano\" \/>\n<meta property=\"article:modified_time\" content=\"2019-09-30T11:38:48+00:00\" \/>\n<meta name=\"twitter:card\" content=\"summary_large_image\" \/>\n<meta name=\"twitter:label1\" content=\"Tiempo de lectura\" \/>\n\t<meta name=\"twitter:data1\" content=\"3 minutos\" \/>\n<script type=\"application\/ld+json\" class=\"yoast-schema-graph\">{\"@context\":\"https:\\\/\\\/schema.org\",\"@graph\":[{\"@type\":\"WebPage\",\"@id\":\"https:\\\/\\\/nuriaaebi.com\\\/quienes-somos\",\"url\":\"https:\\\/\\\/nuriaaebi.com\\\/quienes-somos\",\"name\":\"Qui\u00e9nes somos - Gu\u00eda Turstico en C\u00f3rdoba, Espa\u00f1a. Deutsch \\\/ Italiano\",\"isPartOf\":{\"@id\":\"https:\\\/\\\/nuriaaebi.com\\\/#website\"},\"datePublished\":\"2016-10-31T15:12:44+00:00\",\"dateModified\":\"2019-09-30T11:38:48+00:00\",\"breadcrumb\":{\"@id\":\"https:\\\/\\\/nuriaaebi.com\\\/quienes-somos#breadcrumb\"},\"inLanguage\":\"es\",\"potentialAction\":[{\"@type\":\"ReadAction\",\"target\":[\"https:\\\/\\\/nuriaaebi.com\\\/quienes-somos\"]}]},{\"@type\":\"BreadcrumbList\",\"@id\":\"https:\\\/\\\/nuriaaebi.com\\\/quienes-somos#breadcrumb\",\"itemListElement\":[{\"@type\":\"ListItem\",\"position\":1,\"name\":\"Portada\",\"item\":\"https:\\\/\\\/nuriaaebi.com\\\/es\"},{\"@type\":\"ListItem\",\"position\":2,\"name\":\"Qui\u00e9nes somos\"}]},{\"@type\":\"WebSite\",\"@id\":\"https:\\\/\\\/nuriaaebi.com\\\/#website\",\"url\":\"https:\\\/\\\/nuriaaebi.com\\\/\",\"name\":\"Gu\u00eda Turstico en C\u00f3rdoba, Espa\u00f1a. Deutsch \\\/ Italiano\",\"description\":\"Visita guiada a C\u00f3rdoba - F\u00fchrung durch Cordoba auf Deutsch - Visita guidata di Cordova in italiano\",\"potentialAction\":[{\"@type\":\"SearchAction\",\"target\":{\"@type\":\"EntryPoint\",\"urlTemplate\":\"https:\\\/\\\/nuriaaebi.com\\\/?s={search_term_string}\"},\"query-input\":{\"@type\":\"PropertyValueSpecification\",\"valueRequired\":true,\"valueName\":\"search_term_string\"}}],\"inLanguage\":\"es\"}]}<\/script>\n<!-- \/ Yoast SEO plugin. -->","yoast_head_json":{"title":"Qui\u00e9nes somos - Gu\u00eda Turstico en C\u00f3rdoba, Espa\u00f1a. Deutsch \/ Italiano","robots":{"index":"index","follow":"follow","max-snippet":"max-snippet:-1","max-image-preview":"max-image-preview:large","max-video-preview":"max-video-preview:-1"},"canonical":"https:\/\/nuriaaebi.com\/quienes-somos","og_locale":"es_ES","og_type":"article","og_title":"Qui\u00e9nes somos - Gu\u00eda Turstico en C\u00f3rdoba, Espa\u00f1a. Deutsch \/ Italiano","og_description":"[vc_row content_width=\u00bbgrid\u00bb css=\u00bb.vc_custom_1478528916943{padding-top: 119px !important;padding-bottom: 71px !important;background-color: #f9f9f9 !important;}\u00bb][vc_column offset=\u00bbvc_col-md-6&#8243;][vc_column_text] About Us [\/vc_column_text][vc_empty_space height=\u00bb15&#8243;][vc_column_text]This is Photoshop&#8217;s version\u00a0 of Lorem Ipsum. Proin gravida nibh vel velit auctor aliquet. Aenean sollicitudin, lorem quis bibendum auctor, nisi elit consequat ipsum, nec sagittis sem nibh id elit. Duis sed odio sit amet nibh vulputate cursus a sit amet mauris. Morbi accumsan ipsum velit. Nam nec tellus a odio tincidunt auctor a ornare odio. Sed non\u00a0 mauris vitae erat consequat auctor eu in elit. Class aptent taciti sociosqu ad litora.[\/vc_column_text][vc_empty_space height=\u00bb50&#8243;][\/vc_column][vc_column offset=\u00bbvc_col-md-6&#8243;][vc_column_text] Our Mission [\/vc_column_text][vc_empty_space [&hellip;]","og_url":"https:\/\/nuriaaebi.com\/quienes-somos","og_site_name":"Gu\u00eda Turstico en C\u00f3rdoba, Espa\u00f1a. Deutsch \/ Italiano","article_modified_time":"2019-09-30T11:38:48+00:00","twitter_card":"summary_large_image","twitter_misc":{"Tiempo de lectura":"3 minutos"},"schema":{"@context":"https:\/\/schema.org","@graph":[{"@type":"WebPage","@id":"https:\/\/nuriaaebi.com\/quienes-somos","url":"https:\/\/nuriaaebi.com\/quienes-somos","name":"Qui\u00e9nes somos - Gu\u00eda Turstico en C\u00f3rdoba, Espa\u00f1a. Deutsch \/ Italiano","isPartOf":{"@id":"https:\/\/nuriaaebi.com\/#website"},"datePublished":"2016-10-31T15:12:44+00:00","dateModified":"2019-09-30T11:38:48+00:00","breadcrumb":{"@id":"https:\/\/nuriaaebi.com\/quienes-somos#breadcrumb"},"inLanguage":"es","potentialAction":[{"@type":"ReadAction","target":["https:\/\/nuriaaebi.com\/quienes-somos"]}]},{"@type":"BreadcrumbList","@id":"https:\/\/nuriaaebi.com\/quienes-somos#breadcrumb","itemListElement":[{"@type":"ListItem","position":1,"name":"Portada","item":"https:\/\/nuriaaebi.com\/es"},{"@type":"ListItem","position":2,"name":"Qui\u00e9nes somos"}]},{"@type":"WebSite","@id":"https:\/\/nuriaaebi.com\/#website","url":"https:\/\/nuriaaebi.com\/","name":"Gu\u00eda Turstico en C\u00f3rdoba, Espa\u00f1a. Deutsch \/ Italiano","description":"Visita guiada a C\u00f3rdoba - F\u00fchrung durch Cordoba auf Deutsch - Visita guidata di Cordova in italiano","potentialAction":[{"@type":"SearchAction","target":{"@type":"EntryPoint","urlTemplate":"https:\/\/nuriaaebi.com\/?s={search_term_string}"},"query-input":{"@type":"PropertyValueSpecification","valueRequired":true,"valueName":"search_term_string"}}],"inLanguage":"es"}]}},"_links":{"self":[{"href":"https:\/\/nuriaaebi.com\/es\/wp-json\/wp\/v2\/pages\/3083","targetHints":{"allow":["GET"]}}],"collection":[{"href":"https:\/\/nuriaaebi.com\/es\/wp-json\/wp\/v2\/pages"}],"about":[{"href":"https:\/\/nuriaaebi.com\/es\/wp-json\/wp\/v2\/types\/page"}],"author":[{"embeddable":true,"href":"https:\/\/nuriaaebi.com\/es\/wp-json\/wp\/v2\/users\/3"}],"replies":[{"embeddable":true,"href":"https:\/\/nuriaaebi.com\/es\/wp-json\/wp\/v2\/comments?post=3083"}],"version-history":[{"count":1,"href":"https:\/\/nuriaaebi.com\/es\/wp-json\/wp\/v2\/pages\/3083\/revisions"}],"predecessor-version":[{"id":4574,"href":"https:\/\/nuriaaebi.com\/es\/wp-json\/wp\/v2\/pages\/3083\/revisions\/4574"}],"wp:attachment":[{"href":"https:\/\/nuriaaebi.com\/es\/wp-json\/wp\/v2\/media?parent=3083"}],"curies":[{"name":"wp","href":"https:\/\/api.w.org\/{rel}","templated":true}]}}