{"id":3171,"date":"2016-10-31T16:25:28","date_gmt":"2016-10-31T16:25:28","guid":{"rendered":"http:\/\/gotravel.mikado-themes.com\/?page_id=3171"},"modified":"2019-09-30T13:41:57","modified_gmt":"2019-09-30T11:41:57","slug":"preguntas-frecuentes","status":"publish","type":"page","link":"https:\/\/nuriaaebi.com\/es\/preguntas-frecuentes","title":{"rendered":"Preguntas Frecuentes"},"content":{"rendered":"<div class=\"wpb-content-wrapper\"><p>[vc_row css=\u00bb.vc_custom_1478770546349{padding-bottom: 144px !important;}\u00bb][vc_column]<div class=\"mkdf-elements-holder mkdf-responsive-mode-768\" ><div class=\"mkdf-eh-item \"   data-item-class=\"mkdf-eh-custom-286713\">\n\t<div class=\"mkdf-eh-item-inner\">\n\t\t<div class=\"mkdf-eh-item-content mkdf-eh-custom-286713\" style=\"padding: 149px 0 0 0\">\n\t\t\t[vc_column_text]<\/p>\n<h3>Frequently Asked Questions<\/h3>\n<p>[\/vc_column_text][vc_empty_space height=\u00bb20&#8243;][vc_column_text]<\/p>\n<h6><span style=\"color: #999999;\">This is Photoshop&#8217;s version\u00a0 of Lorem Ipsum. This is Photoshop&#8217;s version\u00a0 of Lorem Ipsum. Proin gravida nibh vel velit auctor aliquet. Aenean sollicitudin, lorem qui.\u00a0 Proin gravida nibh vel velit auctor aliquet. Aenean sollicitudin.<\/span><\/h6>\n<p>[\/vc_column_text][vc_empty_space height=\u00bb46&#8243;]<div class=\"mkdf-accordion-holder clearfix mkdf-accordion mkdf-boxed \">\n\t<h5 class=\"clearfix mkdf-title-holder\">\n<span class=\"mkdf-accordion-mark mkdf-left-mark\">\n\t\t<span class=\"mkdf-accordion-mark-icon\">\n\t\t\t<span class=\"mkdf-accordion-mark-open arrow_carrot-down\"><\/span>\n\t\t\t<span class=\"mkdf-accordion-mark-close arrow_carrot-up\"><\/span>\n\t\t<\/span>\n<\/span>\n<span class=\"mkdf-tab-title\">\n\t\t<span class=\"mkdf-tab-title-inner\">\n\t\t\t\t\t\tYour financial bridge\t\t<\/span>\n<\/span>\n<\/h5>\n<div class=\"mkdf-accordion-content\">\n\t<div class=\"mkdf-accordion-content-inner\">\n\t\t[vc_column_text]Thi Photoshop&#8217;s version\u00a0 of vliauctoiqllicitudin,rem quis bibendum auctsi elit consequatipsutis sem nibh id elit.Duis sed odio sit amet nibh vulputate cursus a sit amet maur accumsan ipsum velitam nec tellus a odio tincidunt auctor a ornare odio. Sed non\u00a0 mauris vitae erat consequat auctor eu in elit.[\/vc_column_text]\n\t\t\t<\/div>\n<\/div>\n<h5 class=\"clearfix mkdf-title-holder\">\n<span class=\"mkdf-accordion-mark mkdf-left-mark\">\n\t\t<span class=\"mkdf-accordion-mark-icon\">\n\t\t\t<span class=\"mkdf-accordion-mark-open arrow_carrot-down\"><\/span>\n\t\t\t<span class=\"mkdf-accordion-mark-close arrow_carrot-up\"><\/span>\n\t\t<\/span>\n<\/span>\n<span class=\"mkdf-tab-title\">\n\t\t<span class=\"mkdf-tab-title-inner\">\n\t\t\t\t\t\tOur Philosophy\t\t<\/span>\n<\/span>\n<\/h5>\n<div class=\"mkdf-accordion-content\">\n\t<div class=\"mkdf-accordion-content-inner\">\n\t\t[vc_column_text]Thi Photoshop&#8217;s version\u00a0 of vliauctoiqllicitudin,rem quis bibendum auctsi elit consequatipsutis sem nibh id elit.Duis sed odio sit amet nibh vulputate cursus a sit amet maur accumsan ipsum velitam nec tellus a odio tincidunt auctor a ornare odio. Sed non\u00a0 mauris vitae erat consequat auctor eu in elit.[\/vc_column_text]\n\t\t\t<\/div>\n<\/div>\n<h5 class=\"clearfix mkdf-title-holder\">\n<span class=\"mkdf-accordion-mark mkdf-left-mark\">\n\t\t<span class=\"mkdf-accordion-mark-icon\">\n\t\t\t<span class=\"mkdf-accordion-mark-open arrow_carrot-down\"><\/span>\n\t\t\t<span class=\"mkdf-accordion-mark-close arrow_carrot-up\"><\/span>\n\t\t<\/span>\n<\/span>\n<span class=\"mkdf-tab-title\">\n\t\t<span class=\"mkdf-tab-title-inner\">\n\t\t\t\t\t\tYou Should Occasionally Look At THe Results.\t\t<\/span>\n<\/span>\n<\/h5>\n<div class=\"mkdf-accordion-content\">\n\t<div class=\"mkdf-accordion-content-inner\">\n\t\t[vc_column_text]Thi Photoshop&#8217;s version\u00a0 of vliauctoiqllicitudin,rem quis bibendum auctsi elit consequatipsutis sem nibh id elit.Duis sed odio sit amet nibh vulputate cursus a sit amet maur accumsan ipsum velitam nec tellus a odio tincidunt auctor a ornare odio. Sed non\u00a0 mauris vitae erat consequat auctor eu in elit.[\/vc_column_text]\n\t\t\t<\/div>\n<\/div>\n<h5 class=\"clearfix mkdf-title-holder\">\n<span class=\"mkdf-accordion-mark mkdf-left-mark\">\n\t\t<span class=\"mkdf-accordion-mark-icon\">\n\t\t\t<span class=\"mkdf-accordion-mark-open arrow_carrot-down\"><\/span>\n\t\t\t<span class=\"mkdf-accordion-mark-close arrow_carrot-up\"><\/span>\n\t\t<\/span>\n<\/span>\n<span class=\"mkdf-tab-title\">\n\t\t<span class=\"mkdf-tab-title-inner\">\n\t\t\t\t\t\tKeep Quiet and Continue Working.\t\t<\/span>\n<\/span>\n<\/h5>\n<div class=\"mkdf-accordion-content\">\n\t<div class=\"mkdf-accordion-content-inner\">\n\t\t[vc_column_text]Thi Photoshop&#8217;s version\u00a0 of vliauctoiqllicitudin,rem quis bibendum auctsi elit consequatipsutis sem nibh id elit.Duis sed odio sit amet nibh vulputate cursus a sit amet maur accumsan ipsum velitam nec tellus a odio tincidunt auctor a ornare odio. Sed non\u00a0 mauris vitae erat consequat auctor eu in elit.[\/vc_column_text]\n\t\t\t<\/div>\n<\/div>\n<h5 class=\"clearfix mkdf-title-holder\">\n<span class=\"mkdf-accordion-mark mkdf-left-mark\">\n\t\t<span class=\"mkdf-accordion-mark-icon\">\n\t\t\t<span class=\"mkdf-accordion-mark-open arrow_carrot-down\"><\/span>\n\t\t\t<span class=\"mkdf-accordion-mark-close arrow_carrot-up\"><\/span>\n\t\t<\/span>\n<\/span>\n<span class=\"mkdf-tab-title\">\n\t\t<span class=\"mkdf-tab-title-inner\">\n\t\t\t\t\t\tVision Helps You See The Road Ahead!\t\t<\/span>\n<\/span>\n<\/h5>\n<div class=\"mkdf-accordion-content\">\n\t<div class=\"mkdf-accordion-content-inner\">\n\t\t[vc_column_text]Thi Photoshop&#8217;s version\u00a0 of vliauctoiqllicitudin,rem quis bibendum auctsi elit consequatipsutis sem nibh id elit.Duis sed odio sit amet nibh vulputate cursus a sit amet maur accumsan ipsum velitam nec tellus a odio tincidunt auctor a ornare odio. Sed non\u00a0 mauris vitae erat consequat auctor eu in elit.[\/vc_column_text]\n\t\t\t<\/div>\n<\/div>\n<h5 class=\"clearfix mkdf-title-holder\">\n<span class=\"mkdf-accordion-mark mkdf-left-mark\">\n\t\t<span class=\"mkdf-accordion-mark-icon\">\n\t\t\t<span class=\"mkdf-accordion-mark-open arrow_carrot-down\"><\/span>\n\t\t\t<span class=\"mkdf-accordion-mark-close arrow_carrot-up\"><\/span>\n\t\t<\/span>\n<\/span>\n<span class=\"mkdf-tab-title\">\n\t\t<span class=\"mkdf-tab-title-inner\">\n\t\t\t\t\t\tThe Key To Success Is Staying On Target\t\t<\/span>\n<\/span>\n<\/h5>\n<div class=\"mkdf-accordion-content\">\n\t<div class=\"mkdf-accordion-content-inner\">\n\t\t[vc_column_text]Thi Photoshop&#8217;s version\u00a0 of vliauctoiqllicitudin,rem quis bibendum auctsi elit consequatipsutis sem nibh id elit.Duis sed odio sit amet nibh vulputate cursus a sit amet maur accumsan ipsum velitam nec tellus a odio tincidunt auctor a ornare odio. Sed non\u00a0 mauris vitae erat consequat auctor eu in elit.[\/vc_column_text]\n\t\t\t<\/div>\n<\/div>\n<h5 class=\"clearfix mkdf-title-holder\">\n<span class=\"mkdf-accordion-mark mkdf-left-mark\">\n\t\t<span class=\"mkdf-accordion-mark-icon\">\n\t\t\t<span class=\"mkdf-accordion-mark-open arrow_carrot-down\"><\/span>\n\t\t\t<span class=\"mkdf-accordion-mark-close arrow_carrot-up\"><\/span>\n\t\t<\/span>\n<\/span>\n<span class=\"mkdf-tab-title\">\n\t\t<span class=\"mkdf-tab-title-inner\">\n\t\t\t\t\t\tQuality in Everything We Do\t\t<\/span>\n<\/span>\n<\/h5>\n<div class=\"mkdf-accordion-content\">\n\t<div class=\"mkdf-accordion-content-inner\">\n\t\t[vc_column_text]Thi Photoshop&#8217;s version\u00a0 of vliauctoiqllicitudin,rem quis bibendum auctsi elit consequatipsutis sem nibh id elit.Duis sed odio sit amet nibh vulputate cursus a sit amet maur accumsan ipsum velitam nec tellus a odio tincidunt auctor a ornare odio. Sed non\u00a0 mauris vitae erat consequat auctor eu in elit.[\/vc_column_text]\n\t\t\t<\/div>\n<\/div>\n<h5 class=\"clearfix mkdf-title-holder\">\n<span class=\"mkdf-accordion-mark mkdf-left-mark\">\n\t\t<span class=\"mkdf-accordion-mark-icon\">\n\t\t\t<span class=\"mkdf-accordion-mark-open arrow_carrot-down\"><\/span>\n\t\t\t<span class=\"mkdf-accordion-mark-close arrow_carrot-up\"><\/span>\n\t\t<\/span>\n<\/span>\n<span class=\"mkdf-tab-title\">\n\t\t<span class=\"mkdf-tab-title-inner\">\n\t\t\t\t\t\tFrom Humble Beginnings Come Great Things.\t\t<\/span>\n<\/span>\n<\/h5>\n<div class=\"mkdf-accordion-content\">\n\t<div class=\"mkdf-accordion-content-inner\">\n\t\t[vc_column_text]Thi Photoshop&#8217;s version\u00a0 of vliauctoiqllicitudin,rem quis bibendum auctsi elit consequatipsutis sem nibh id elit.Duis sed odio sit amet nibh vulputate cursus a sit amet maur accumsan ipsum velitam nec tellus a odio tincidunt auctor a ornare odio. Sed non\u00a0 mauris vitae erat consequat auctor eu in elit.[\/vc_column_text]\n\t\t\t<\/div>\n<\/div>\n<h5 class=\"clearfix mkdf-title-holder\">\n<span class=\"mkdf-accordion-mark mkdf-left-mark\">\n\t\t<span class=\"mkdf-accordion-mark-icon\">\n\t\t\t<span class=\"mkdf-accordion-mark-open arrow_carrot-down\"><\/span>\n\t\t\t<span class=\"mkdf-accordion-mark-close arrow_carrot-up\"><\/span>\n\t\t<\/span>\n<\/span>\n<span class=\"mkdf-tab-title\">\n\t\t<span class=\"mkdf-tab-title-inner\">\n\t\t\t\t\t\tYour Attitude Will Determine Your Altitude!\t\t<\/span>\n<\/span>\n<\/h5>\n<div class=\"mkdf-accordion-content\">\n\t<div class=\"mkdf-accordion-content-inner\">\n\t\t[vc_column_text]Thi Photoshop&#8217;s version\u00a0 of vliauctoiqllicitudin,rem quis bibendum auctsi elit consequatipsutis sem nibh id elit.Duis sed odio sit amet nibh vulputate cursus a sit amet maur accumsan ipsum velitam nec tellus a odio tincidunt auctor a ornare odio. Sed non\u00a0 mauris vitae erat consequat auctor eu in elit.[\/vc_column_text]\n\t\t\t<\/div>\n<\/div>\n<h5 class=\"clearfix mkdf-title-holder\">\n<span class=\"mkdf-accordion-mark mkdf-left-mark\">\n\t\t<span class=\"mkdf-accordion-mark-icon\">\n\t\t\t<span class=\"mkdf-accordion-mark-open arrow_carrot-down\"><\/span>\n\t\t\t<span class=\"mkdf-accordion-mark-close arrow_carrot-up\"><\/span>\n\t\t<\/span>\n<\/span>\n<span class=\"mkdf-tab-title\">\n\t\t<span class=\"mkdf-tab-title-inner\">\n\t\t\t\t\t\tCluttered Desk, Cluttered Mind.\t\t<\/span>\n<\/span>\n<\/h5>\n<div class=\"mkdf-accordion-content\">\n\t<div class=\"mkdf-accordion-content-inner\">\n\t\t[vc_column_text]Thi Photoshop&#8217;s version\u00a0 of vliauctoiqllicitudin,rem quis bibendum auctsi elit consequatipsutis sem nibh id elit.Duis sed odio sit amet nibh vulputate cursus a sit amet maur accumsan ipsum velitam nec tellus a odio tincidunt auctor a ornare odio. Sed non\u00a0 mauris vitae erat consequat auctor eu in elit.[\/vc_column_text]\n\t\t\t<\/div>\n<\/div>\n<h5 class=\"clearfix mkdf-title-holder\">\n<span class=\"mkdf-accordion-mark mkdf-left-mark\">\n\t\t<span class=\"mkdf-accordion-mark-icon\">\n\t\t\t<span class=\"mkdf-accordion-mark-open arrow_carrot-down\"><\/span>\n\t\t\t<span class=\"mkdf-accordion-mark-close arrow_carrot-up\"><\/span>\n\t\t<\/span>\n<\/span>\n<span class=\"mkdf-tab-title\">\n\t\t<span class=\"mkdf-tab-title-inner\">\n\t\t\t\t\t\tYour Attitude Will Determine Your Altitude!\t\t<\/span>\n<\/span>\n<\/h5>\n<div class=\"mkdf-accordion-content\">\n\t<div class=\"mkdf-accordion-content-inner\">\n\t\t[vc_column_text]Thi Photoshop&#8217;s version\u00a0 of vliauctoiqllicitudin,rem quis bibendum auctsi elit consequatipsutis sem nibh id elit.Duis sed odio sit amet nibh vulputate cursus a sit amet maur accumsan ipsum velitam nec tellus a odio tincidunt auctor a ornare odio. Sed non\u00a0 mauris vitae erat consequat auctor eu in elit.[\/vc_column_text]\n\t\t\t<\/div>\n<\/div>\n<h5 class=\"clearfix mkdf-title-holder\">\n<span class=\"mkdf-accordion-mark mkdf-left-mark\">\n\t\t<span class=\"mkdf-accordion-mark-icon\">\n\t\t\t<span class=\"mkdf-accordion-mark-open arrow_carrot-down\"><\/span>\n\t\t\t<span class=\"mkdf-accordion-mark-close arrow_carrot-up\"><\/span>\n\t\t<\/span>\n<\/span>\n<span class=\"mkdf-tab-title\">\n\t\t<span class=\"mkdf-tab-title-inner\">\n\t\t\t\t\t\tCluttered Desk, Cluttered Mind.\t\t<\/span>\n<\/span>\n<\/h5>\n<div class=\"mkdf-accordion-content\">\n\t<div class=\"mkdf-accordion-content-inner\">\n\t\t[vc_column_text]Thi Photoshop&#8217;s version\u00a0 of vliauctoiqllicitudin,rem quis bibendum auctsi elit consequatipsutis sem nibh id elit.Duis sed odio sit amet nibh vulputate cursus a sit amet maur accumsan ipsum velitam nec tellus a odio tincidunt auctor a ornare odio. Sed non\u00a0 mauris vitae erat consequat auctor eu in elit.[\/vc_column_text]\n\t\t\t<\/div>\n<\/div>\n<h5 class=\"clearfix mkdf-title-holder\">\n<span class=\"mkdf-accordion-mark mkdf-left-mark\">\n\t\t<span class=\"mkdf-accordion-mark-icon\">\n\t\t\t<span class=\"mkdf-accordion-mark-open arrow_carrot-down\"><\/span>\n\t\t\t<span class=\"mkdf-accordion-mark-close arrow_carrot-up\"><\/span>\n\t\t<\/span>\n<\/span>\n<span class=\"mkdf-tab-title\">\n\t\t<span class=\"mkdf-tab-title-inner\">\n\t\t\t\t\t\tYou Should Occasionally Look At The Results.\t\t<\/span>\n<\/span>\n<\/h5>\n<div class=\"mkdf-accordion-content\">\n\t<div class=\"mkdf-accordion-content-inner\">\n\t\t[vc_column_text]Thi Photoshop&#8217;s version\u00a0 of vliauctoiqllicitudin,rem quis bibendum auctsi elit consequatipsutis sem nibh id elit.Duis sed odio sit amet nibh vulputate cursus a sit amet maur accumsan ipsum velitam nec tellus a odio tincidunt auctor a ornare odio. Sed non\u00a0 mauris vitae erat consequat auctor eu in elit.[\/vc_column_text]\n\t\t\t<\/div>\n<\/div>\n<h5 class=\"clearfix mkdf-title-holder\">\n<span class=\"mkdf-accordion-mark mkdf-left-mark\">\n\t\t<span class=\"mkdf-accordion-mark-icon\">\n\t\t\t<span class=\"mkdf-accordion-mark-open arrow_carrot-down\"><\/span>\n\t\t\t<span class=\"mkdf-accordion-mark-close arrow_carrot-up\"><\/span>\n\t\t<\/span>\n<\/span>\n<span class=\"mkdf-tab-title\">\n\t\t<span class=\"mkdf-tab-title-inner\">\n\t\t\t\t\t\tKeep Quiet and Continue Working.\t\t<\/span>\n<\/span>\n<\/h5>\n<div class=\"mkdf-accordion-content\">\n\t<div class=\"mkdf-accordion-content-inner\">\n\t\t[vc_column_text]Thi Photoshop&#8217;s version\u00a0 of vliauctoiqllicitudin,rem quis bibendum auctsi elit consequatipsutis sem nibh id elit.Duis sed odio sit amet nibh vulputate cursus a sit amet maur accumsan ipsum velitam nec tellus a odio tincidunt auctor a ornare odio. Sed non\u00a0 mauris vitae erat consequat auctor eu in elit.[\/vc_column_text]\n\t\t\t<\/div>\n<\/div>\n<\/div>\t\t<\/div>\n\t<\/div>\n<\/div><\/div>[\/vc_column][\/vc_row]<\/p>\n<\/div>","protected":false},"excerpt":{"rendered":"<p>[vc_row css=\u00bb.vc_custom_1478770546349{padding-bottom: 144px !important;}\u00bb][vc_column][\/vc_column][\/vc_row]<\/p>\n","protected":false},"author":3,"featured_media":0,"parent":0,"menu_order":0,"comment_status":"closed","ping_status":"closed","template":"","meta":{"_joinchat":[],"footnotes":""},"class_list":["post-3171","page","type-page","status-publish","hentry"],"yoast_head":"<!-- This site is optimized with the Yoast SEO plugin v27.3 - https:\/\/yoast.com\/product\/yoast-seo-wordpress\/ -->\n<title>Preguntas Frecuentes - Gu\u00eda Turstico en C\u00f3rdoba, Espa\u00f1a. Deutsch \/ Italiano<\/title>\n<meta name=\"robots\" content=\"index, follow, max-snippet:-1, max-image-preview:large, max-video-preview:-1\" \/>\n<link rel=\"canonical\" href=\"https:\/\/nuriaaebi.com\/preguntas-frecuentes\" \/>\n<meta property=\"og:locale\" content=\"es_ES\" \/>\n<meta property=\"og:type\" content=\"article\" \/>\n<meta property=\"og:title\" content=\"Preguntas Frecuentes - Gu\u00eda Turstico en C\u00f3rdoba, Espa\u00f1a. Deutsch \/ Italiano\" \/>\n<meta property=\"og:description\" content=\"[vc_row css=\u00bb.vc_custom_1478770546349{padding-bottom: 144px !important;}\u00bb][vc_column][\/vc_column][\/vc_row]\" \/>\n<meta property=\"og:url\" content=\"https:\/\/nuriaaebi.com\/preguntas-frecuentes\" \/>\n<meta property=\"og:site_name\" content=\"Gu\u00eda Turstico en C\u00f3rdoba, Espa\u00f1a. Deutsch \/ Italiano\" \/>\n<meta property=\"article:modified_time\" content=\"2019-09-30T11:41:57+00:00\" \/>\n<meta name=\"twitter:card\" content=\"summary_large_image\" \/>\n<meta name=\"twitter:label1\" content=\"Tiempo de lectura\" \/>\n\t<meta name=\"twitter:data1\" content=\"5 minutos\" \/>\n<script type=\"application\/ld+json\" class=\"yoast-schema-graph\">{\"@context\":\"https:\\\/\\\/schema.org\",\"@graph\":[{\"@type\":\"WebPage\",\"@id\":\"https:\\\/\\\/nuriaaebi.com\\\/preguntas-frecuentes\",\"url\":\"https:\\\/\\\/nuriaaebi.com\\\/preguntas-frecuentes\",\"name\":\"Preguntas Frecuentes - Gu\u00eda Turstico en C\u00f3rdoba, Espa\u00f1a. Deutsch \\\/ Italiano\",\"isPartOf\":{\"@id\":\"https:\\\/\\\/nuriaaebi.com\\\/#website\"},\"datePublished\":\"2016-10-31T16:25:28+00:00\",\"dateModified\":\"2019-09-30T11:41:57+00:00\",\"breadcrumb\":{\"@id\":\"https:\\\/\\\/nuriaaebi.com\\\/preguntas-frecuentes#breadcrumb\"},\"inLanguage\":\"es\",\"potentialAction\":[{\"@type\":\"ReadAction\",\"target\":[\"https:\\\/\\\/nuriaaebi.com\\\/preguntas-frecuentes\"]}]},{\"@type\":\"BreadcrumbList\",\"@id\":\"https:\\\/\\\/nuriaaebi.com\\\/preguntas-frecuentes#breadcrumb\",\"itemListElement\":[{\"@type\":\"ListItem\",\"position\":1,\"name\":\"Portada\",\"item\":\"https:\\\/\\\/nuriaaebi.com\\\/es\"},{\"@type\":\"ListItem\",\"position\":2,\"name\":\"Preguntas Frecuentes\"}]},{\"@type\":\"WebSite\",\"@id\":\"https:\\\/\\\/nuriaaebi.com\\\/#website\",\"url\":\"https:\\\/\\\/nuriaaebi.com\\\/\",\"name\":\"Gu\u00eda Turstico en C\u00f3rdoba, Espa\u00f1a. Deutsch \\\/ Italiano\",\"description\":\"Visita guiada a C\u00f3rdoba - F\u00fchrung durch Cordoba auf Deutsch - Visita guidata di Cordova in italiano\",\"potentialAction\":[{\"@type\":\"SearchAction\",\"target\":{\"@type\":\"EntryPoint\",\"urlTemplate\":\"https:\\\/\\\/nuriaaebi.com\\\/?s={search_term_string}\"},\"query-input\":{\"@type\":\"PropertyValueSpecification\",\"valueRequired\":true,\"valueName\":\"search_term_string\"}}],\"inLanguage\":\"es\"}]}<\/script>\n<!-- \/ Yoast SEO plugin. -->","yoast_head_json":{"title":"Preguntas Frecuentes - Gu\u00eda Turstico en C\u00f3rdoba, Espa\u00f1a. Deutsch \/ Italiano","robots":{"index":"index","follow":"follow","max-snippet":"max-snippet:-1","max-image-preview":"max-image-preview:large","max-video-preview":"max-video-preview:-1"},"canonical":"https:\/\/nuriaaebi.com\/preguntas-frecuentes","og_locale":"es_ES","og_type":"article","og_title":"Preguntas Frecuentes - Gu\u00eda Turstico en C\u00f3rdoba, Espa\u00f1a. Deutsch \/ Italiano","og_description":"[vc_row css=\u00bb.vc_custom_1478770546349{padding-bottom: 144px !important;}\u00bb][vc_column][\/vc_column][\/vc_row]","og_url":"https:\/\/nuriaaebi.com\/preguntas-frecuentes","og_site_name":"Gu\u00eda Turstico en C\u00f3rdoba, Espa\u00f1a. Deutsch \/ Italiano","article_modified_time":"2019-09-30T11:41:57+00:00","twitter_card":"summary_large_image","twitter_misc":{"Tiempo de lectura":"5 minutos"},"schema":{"@context":"https:\/\/schema.org","@graph":[{"@type":"WebPage","@id":"https:\/\/nuriaaebi.com\/preguntas-frecuentes","url":"https:\/\/nuriaaebi.com\/preguntas-frecuentes","name":"Preguntas Frecuentes - Gu\u00eda Turstico en C\u00f3rdoba, Espa\u00f1a. Deutsch \/ Italiano","isPartOf":{"@id":"https:\/\/nuriaaebi.com\/#website"},"datePublished":"2016-10-31T16:25:28+00:00","dateModified":"2019-09-30T11:41:57+00:00","breadcrumb":{"@id":"https:\/\/nuriaaebi.com\/preguntas-frecuentes#breadcrumb"},"inLanguage":"es","potentialAction":[{"@type":"ReadAction","target":["https:\/\/nuriaaebi.com\/preguntas-frecuentes"]}]},{"@type":"BreadcrumbList","@id":"https:\/\/nuriaaebi.com\/preguntas-frecuentes#breadcrumb","itemListElement":[{"@type":"ListItem","position":1,"name":"Portada","item":"https:\/\/nuriaaebi.com\/es"},{"@type":"ListItem","position":2,"name":"Preguntas Frecuentes"}]},{"@type":"WebSite","@id":"https:\/\/nuriaaebi.com\/#website","url":"https:\/\/nuriaaebi.com\/","name":"Gu\u00eda Turstico en C\u00f3rdoba, Espa\u00f1a. Deutsch \/ Italiano","description":"Visita guiada a C\u00f3rdoba - F\u00fchrung durch Cordoba auf Deutsch - Visita guidata di Cordova in italiano","potentialAction":[{"@type":"SearchAction","target":{"@type":"EntryPoint","urlTemplate":"https:\/\/nuriaaebi.com\/?s={search_term_string}"},"query-input":{"@type":"PropertyValueSpecification","valueRequired":true,"valueName":"search_term_string"}}],"inLanguage":"es"}]}},"_links":{"self":[{"href":"https:\/\/nuriaaebi.com\/es\/wp-json\/wp\/v2\/pages\/3171","targetHints":{"allow":["GET"]}}],"collection":[{"href":"https:\/\/nuriaaebi.com\/es\/wp-json\/wp\/v2\/pages"}],"about":[{"href":"https:\/\/nuriaaebi.com\/es\/wp-json\/wp\/v2\/types\/page"}],"author":[{"embeddable":true,"href":"https:\/\/nuriaaebi.com\/es\/wp-json\/wp\/v2\/users\/3"}],"replies":[{"embeddable":true,"href":"https:\/\/nuriaaebi.com\/es\/wp-json\/wp\/v2\/comments?post=3171"}],"version-history":[{"count":1,"href":"https:\/\/nuriaaebi.com\/es\/wp-json\/wp\/v2\/pages\/3171\/revisions"}],"predecessor-version":[{"id":4578,"href":"https:\/\/nuriaaebi.com\/es\/wp-json\/wp\/v2\/pages\/3171\/revisions\/4578"}],"wp:attachment":[{"href":"https:\/\/nuriaaebi.com\/es\/wp-json\/wp\/v2\/media?parent=3171"}],"curies":[{"name":"wp","href":"https:\/\/api.w.org\/{rel}","templated":true}]}}