{"id":4751,"date":"2020-02-18T19:40:59","date_gmt":"2020-02-18T18:40:59","guid":{"rendered":"https:\/\/nuriaaebi.com\/?page_id=4751"},"modified":"2025-10-01T12:46:33","modified_gmt":"2025-10-01T10:46:33","slug":"guia-turistico-cordoba","status":"publish","type":"page","link":"https:\/\/nuriaaebi.com\/es\/guia-turistico-cordoba","title":{"rendered":"Gu\u00eda Tur\u00edstico C\u00f3rdoba"},"content":{"rendered":"<div class=\"wpb-content-wrapper\"><p>[vc_row row_type=\u00bbparallax\u00bb content_width=\u00bbgrid\u00bb content_aligment=\u00bbcenter\u00bb full_screen_section_height=\u00bbno\u00bb parallax_background_image=\u00bb4752&#8243; parallax_speed=\u00bb1&#8243; css=\u00bb.vc_custom_1582059217941{background-position: center !important;background-repeat: no-repeat !important;background-size: contain !important;}\u00bb][vc_column][vc_empty_space height=\u00bb40px\u00bb][vc_empty_space height=\u00bb40px\u00bb][vc_column_text css=\u00bb\u00bb]<\/p>\n<h1 style=\"text-align: center;\"><span style=\"color: #ffffff;\"><strong>Gu\u00eda Tur\u00edstico en C\u00f3rdoba<\/strong><\/span><\/h1>\n<p>[\/vc_column_text][vc_empty_space height=\u00bb40px\u00bb][vc_column_text css=\u00bb\u00bb]<\/p>\n<h2 style=\"text-align: center;\"><span style=\"color: #ffffff;\"><strong>\u00a1Hola! Hallo! Ciao!<\/strong><\/span><\/h2>\n<p>[\/vc_column_text][vc_empty_space height=\u00bb40px\u00bb][vc_empty_space height=\u00bb80px\u00bb][vc_row_inner content_width=\u00bbgrid\u00bb][vc_column_inner width=\u00bb1\/2&#8243; css=\u00bb.vc_custom_1591609586715{margin-right: 5px !important;margin-left: 5px !important;background-color: rgba(0,0,0,0.51) !important;*background-color: rgb(0,0,0) !important;}\u00bb][vc_column_text]<\/p>\n<h4 style=\"text-align: justify;\"><span style=\"color: #ffffff;\">\u00abHola, soy Nuria y voy a ser tu gu\u00eda en esta maravillosa ruta\u00bb<\/span><\/h4>\n<p style=\"text-align: justify;\"><span style=\"color: #ffffff;\">As\u00ed empiezo todas las visitas que realizo a C\u00f3rdoba y en todas trato de que la palabra <strong>\u00abmaravillosa\u00bb<\/strong> se quede en tu memoria despu\u00e9s de haberla realizado.<\/span><\/p>\n<p style=\"text-align: justify;\"><span style=\"color: #ffffff;\">Te voy a contar <strong>algo m\u00e1s sobre m\u00ed<\/strong>, porque siempre he pensado que qui\u00e9nes somos es la mejor manera de entender por qu\u00e9 hacemos lo que hacemos y, por supuesto, c\u00f3mo lo hacemos.<\/span><\/p>\n<p style=\"text-align: justify;\"><span style=\"color: #ffffff;\">Me gusta decir que soy una<strong> cordobesa<\/strong> de pura cepa pero que vine de muy al norte, <strong>de padre espa\u00f1ol y madre suiza<\/strong>. Llegu\u00e9 a C\u00f3rdoba siendo a\u00fan ni\u00f1a, siempre me sent\u00ed muy de aqu\u00ed, pero con ra\u00edces de all\u00ed.<\/span><\/p>\n<p style=\"text-align: justify;\"><span style=\"color: #ffffff;\">Me licenci\u00e9 en <strong>filosof\u00eda<\/strong> y soy una gran amante de la historia y de las historias de C\u00f3rdoba, disfruto conversando y me encanta la cultura&#8230; Quiz\u00e1s por todo ello me dedico a<strong> ense\u00f1ar mi ciudad<\/strong> con mi particular estilo, el \u00fanico que tengo, el m\u00edo.<\/span><\/p>\n<p>[\/vc_column_text][vc_empty_space height=\u00bb20px\u00bb][vc_empty_space height=\u00bb20px\u00bb][\/vc_column_inner][vc_column_inner width=\u00bb1\/2&#8243;][\/vc_column_inner][\/vc_row_inner][vc_empty_space height=\u00bb80px\u00bb][\/vc_column][\/vc_row][vc_row content_width=\u00bbgrid\u00bb content_aligment=\u00bbcenter\u00bb][vc_column width=\u00bb1\/2&#8243;][vc_empty_space height=\u00bb20px\u00bb][vc_empty_space height=\u00bb20px\u00bb][vc_column_text]<\/p>\n<p style=\"text-align: justify;\">Cuando paseo por la mezquita catedral o por las calles de la juder\u00eda con quien la visita por primera vez, intento verla<strong> con sus ojos<\/strong> y que la vea <strong>con los m\u00edos<\/strong>, con ese cari\u00f1o y sensibilidad especial que me despierta.<\/p>\n<p style=\"text-align: justify;\">Soy una <strong>apasionada de mi trabajo<\/strong> y por eso siempre intento que cada visitante se lleve lo mejor de m\u00ed. Tratar\u00e9 de ser <strong>una mano amiga<\/strong>\u00a0para que t\u00fa y los tuyos pod\u00e1is descubrir m\u00e1s de C\u00f3rdoba<\/p>\n<p style=\"text-align: justify;\">Un <strong>idioma es m\u00e1s que una serie de palabras<\/strong>, es una cultura y una manera de entender el mundo, por eso regreso cada vez que puedo<strong> a Suiza<\/strong>, para seguir llen\u00e1ndome de sus culturas y lograr enriquecer m\u00e1s la comunicaci\u00f3n que voy a establecer contigo. Eso s\u00ed, siempre con <strong>mi acento y mi sonrisa<\/strong>, que espero que nunca dejen de acompa\u00f1arme.<\/p>\n<p>[\/vc_column_text][\/vc_column][vc_column width=\u00bb1\/2&#8243;][vc_empty_space height=\u00bb20px\u00bb][vc_empty_space height=\u00bb20px\u00bb][vc_single_image image=\u00bb4785&#8243; img_size=\u00bbfull\u00bb alignment=\u00bbcenter\u00bb][\/vc_column][\/vc_row][vc_row content_width=\u00bbgrid\u00bb content_aligment=\u00bbcenter\u00bb][vc_column][vc_empty_space height=\u00bb40px\u00bb]<div class=\"mkdf-separator-holder clearfix  mkdf-separator-center mkdf-separator-full-width\">\n\t<div class=\"mkdf-separator\" style=\"border-color: #0a0a0a\"><\/div>\n<\/div>\n[vc_empty_space height=\u00bb20px\u00bb][vc_column_text]<\/p>\n<h1 style=\"text-align: center;\">GRACIAS A ELLOS&#8230;<\/h1>\n<p>[\/vc_column_text][vc_row_inner][vc_column_inner width=\u00bb1\/2&#8243;][vc_column_text]<\/p>\n<p style=\"text-align: justify;\">Porque una buena imagen <strong>te llena, te transmite y te emociona<\/strong>&#8230; He tratado de hacerte llegar las mejores im\u00e1genes de C\u00f3rdoba que podr\u00eda desear, de la mano de quien siempre est\u00e1 dispuesto a acompa\u00f1arme por las calles, a fotografiar <strong>un nuevo detalle, o un rinc\u00f3n<\/strong>&#8230; mi padre, Carlos Di\u00e9guez. As\u00ed que si las im\u00e1genes que ves en esta web te han gustado (y estoy segura de que as\u00ed es), es gracias a \u00e9l.<\/p>\n<p>[\/vc_column_text][vc_empty_space height=\u00bb20px\u00bb][vc_single_image image=\u00bb4801&#8243; img_size=\u00bbfull\u00bb alignment=\u00bbcenter\u00bb][vc_empty_space height=\u00bb20px\u00bb][\/vc_column_inner][vc_column_inner width=\u00bb1\/2&#8243;][vc_column_text]Pocas cosas se pueden hacer en la vida si uno est\u00e1 completamente solo. Por esto podr\u00eda agradecer a muchas personas, sin terminar nunca. Aqu\u00ed quiero mencionar a B\u00e1rbara, mi madre, que <strong>ha dedicado una cantidad infinita de su tiempo<\/strong>, su paciencia y me ha dado toda su elegancia. Invisible pero siempre en mi camino. Y c\u00f3mo no&#8230; gracias a la familia, amigos y algunos<strong> locos geniales<\/strong> ;)[\/vc_column_text][vc_empty_space height=\u00bb20px\u00bb][vc_single_image image=\u00bb4845&#8243; img_size=\u00bbfull\u00bb alignment=\u00bbcenter\u00bb][vc_empty_space height=\u00bb20px\u00bb][\/vc_column_inner][\/vc_row_inner][\/vc_column][\/vc_row][vc_row content_width=\u00bbgrid\u00bb content_aligment=\u00bbcenter\u00bb css=\u00bb.vc_custom_1591609425146{background-color: #0a0a0a !important;}\u00bb][vc_column][vc_empty_space height=\u00bb20px\u00bb][vc_empty_space height=\u00bb20px\u00bb][vc_column_text]<\/p>\n<p style=\"text-align: justify;\"><span style=\"color: #f5f5f5;\">Espero que esto te haya servido para conocerme algo mejor y entender <strong>mi manera de ense\u00f1arte C\u00f3rdoba<\/strong>, as\u00ed que si te apetece que paseemos juntos por la ciudad, vengas en pareja, en familia o en grupo, har\u00e9 que os llev\u00e9is las <strong>mejores sensaciones<\/strong> de mi ciudad.<\/span><\/p>\n<p>[\/vc_column_text][vc_empty_space height=\u00bb20px\u00bb][vc_empty_space height=\u00bb20px\u00bb][\/vc_column][\/vc_row][vc_row content_aligment=\u00bbcenter\u00bb css=\u00bb.vc_custom_1591609533762{background-color: #0a0a0a !important;}\u00bb][vc_column]<a href=\"\/contacto\" target=\"_blank\"  class=\"mkdf-btn mkdf-btn-huge-full-width mkdf-btn-solid mkdf-btn-hover-solid\"  >\n\t<span class=\"mkdf-btn-text\">\u00bfHABLAMOS?<\/span>\n\t\n\t<\/a>[\/vc_column][\/vc_row]<\/p>\n<\/div>","protected":false},"excerpt":{"rendered":"<p>[vc_row row_type=\u00bbparallax\u00bb content_width=\u00bbgrid\u00bb content_aligment=\u00bbcenter\u00bb full_screen_section_height=\u00bbno\u00bb parallax_background_image=\u00bb4752&#8243; parallax_speed=\u00bb1&#8243; css=\u00bb.vc_custom_1582059217941{background-position: center !important;background-repeat: no-repeat !important;background-size: contain !important;}\u00bb][vc_column][vc_empty_space height=\u00bb40px\u00bb][vc_empty_space height=\u00bb40px\u00bb][vc_column_text css=\u00bb\u00bb] Gu\u00eda Tur\u00edstico en C\u00f3rdoba [\/vc_column_text][vc_empty_space height=\u00bb40px\u00bb][vc_column_text css=\u00bb\u00bb] \u00a1Hola! Hallo! Ciao! [\/vc_column_text][vc_empty_space height=\u00bb40px\u00bb][vc_empty_space height=\u00bb80px\u00bb][vc_row_inner content_width=\u00bbgrid\u00bb][vc_column_inner width=\u00bb1\/2&#8243; css=\u00bb.vc_custom_1591609586715{margin-right: 5px !important;margin-left: 5px !important;background-color: rgba(0,0,0,0.51) !important;*background-color: rgb(0,0,0) !important;}\u00bb][vc_column_text] \u00abHola, soy Nuria y voy a ser tu gu\u00eda en esta maravillosa ruta\u00bb As\u00ed empiezo todas las visitas que realizo a C\u00f3rdoba y en todas trato de que la palabra \u00abmaravillosa\u00bb se quede en tu memoria despu\u00e9s de haberla realizado. Te voy a contar algo m\u00e1s sobre m\u00ed, porque [&hellip;]<\/p>\n","protected":false},"author":3,"featured_media":0,"parent":0,"menu_order":0,"comment_status":"closed","ping_status":"closed","template":"full-width.php","meta":{"_joinchat":[],"footnotes":""},"class_list":["post-4751","page","type-page","status-publish","hentry"],"yoast_head":"<!-- This site is optimized with the Yoast SEO plugin v27.3 - https:\/\/yoast.com\/product\/yoast-seo-wordpress\/ -->\n<title>Gu\u00eda Tur\u00edstico C\u00f3rdoba - Gu\u00eda Turstico en C\u00f3rdoba, Espa\u00f1a. Deutsch \/ Italiano<\/title>\n<meta name=\"description\" content=\"Cordobesa de padre espa\u00f1ol y madre suiza, licenciada en filosof\u00eda y, si me lo permites, tu gu\u00eda tur\u00edstica en C\u00f3rdoba \u00bfHablamos?\" \/>\n<meta name=\"robots\" content=\"index, follow, max-snippet:-1, max-image-preview:large, max-video-preview:-1\" \/>\n<link rel=\"canonical\" href=\"https:\/\/nuriaaebi.com\/es\/guia-turistico-cordoba\" \/>\n<meta property=\"og:locale\" content=\"es_ES\" \/>\n<meta property=\"og:type\" content=\"article\" \/>\n<meta property=\"og:title\" content=\"Gu\u00eda Tur\u00edstico C\u00f3rdoba - Gu\u00eda Turstico en C\u00f3rdoba, Espa\u00f1a. Deutsch \/ Italiano\" \/>\n<meta property=\"og:description\" content=\"Cordobesa de padre espa\u00f1ol y madre suiza, licenciada en filosof\u00eda y, si me lo permites, tu gu\u00eda tur\u00edstica en C\u00f3rdoba \u00bfHablamos?\" \/>\n<meta property=\"og:url\" content=\"https:\/\/nuriaaebi.com\/es\/guia-turistico-cordoba\" \/>\n<meta property=\"og:site_name\" content=\"Gu\u00eda Turstico en C\u00f3rdoba, Espa\u00f1a. Deutsch \/ Italiano\" \/>\n<meta property=\"article:modified_time\" content=\"2025-10-01T10:46:33+00:00\" \/>\n<meta name=\"twitter:card\" content=\"summary_large_image\" \/>\n<meta name=\"twitter:label1\" content=\"Tiempo de lectura\" \/>\n\t<meta name=\"twitter:data1\" content=\"3 minutos\" \/>\n<script type=\"application\/ld+json\" class=\"yoast-schema-graph\">{\"@context\":\"https:\\\/\\\/schema.org\",\"@graph\":[{\"@type\":\"WebPage\",\"@id\":\"https:\\\/\\\/nuriaaebi.com\\\/es\\\/guia-turistico-cordoba\",\"url\":\"https:\\\/\\\/nuriaaebi.com\\\/es\\\/guia-turistico-cordoba\",\"name\":\"Gu\u00eda Tur\u00edstico C\u00f3rdoba - Gu\u00eda Turstico en C\u00f3rdoba, Espa\u00f1a. Deutsch \\\/ Italiano\",\"isPartOf\":{\"@id\":\"https:\\\/\\\/nuriaaebi.com\\\/#website\"},\"datePublished\":\"2020-02-18T18:40:59+00:00\",\"dateModified\":\"2025-10-01T10:46:33+00:00\",\"description\":\"Cordobesa de padre espa\u00f1ol y madre suiza, licenciada en filosof\u00eda y, si me lo permites, tu gu\u00eda tur\u00edstica en C\u00f3rdoba \u00bfHablamos?\",\"breadcrumb\":{\"@id\":\"https:\\\/\\\/nuriaaebi.com\\\/es\\\/guia-turistico-cordoba#breadcrumb\"},\"inLanguage\":\"es\",\"potentialAction\":[{\"@type\":\"ReadAction\",\"target\":[\"https:\\\/\\\/nuriaaebi.com\\\/es\\\/guia-turistico-cordoba\"]}]},{\"@type\":\"BreadcrumbList\",\"@id\":\"https:\\\/\\\/nuriaaebi.com\\\/es\\\/guia-turistico-cordoba#breadcrumb\",\"itemListElement\":[{\"@type\":\"ListItem\",\"position\":1,\"name\":\"Portada\",\"item\":\"https:\\\/\\\/nuriaaebi.com\\\/es\"},{\"@type\":\"ListItem\",\"position\":2,\"name\":\"Gu\u00eda Tur\u00edstico C\u00f3rdoba\"}]},{\"@type\":\"WebSite\",\"@id\":\"https:\\\/\\\/nuriaaebi.com\\\/#website\",\"url\":\"https:\\\/\\\/nuriaaebi.com\\\/\",\"name\":\"Gu\u00eda Turstico en C\u00f3rdoba, Espa\u00f1a. Deutsch \\\/ Italiano\",\"description\":\"Visita guiada a C\u00f3rdoba - F\u00fchrung durch Cordoba auf Deutsch - Visita guidata di Cordova in italiano\",\"potentialAction\":[{\"@type\":\"SearchAction\",\"target\":{\"@type\":\"EntryPoint\",\"urlTemplate\":\"https:\\\/\\\/nuriaaebi.com\\\/?s={search_term_string}\"},\"query-input\":{\"@type\":\"PropertyValueSpecification\",\"valueRequired\":true,\"valueName\":\"search_term_string\"}}],\"inLanguage\":\"es\"}]}<\/script>\n<!-- \/ Yoast SEO plugin. -->","yoast_head_json":{"title":"Gu\u00eda Tur\u00edstico C\u00f3rdoba - Gu\u00eda Turstico en C\u00f3rdoba, Espa\u00f1a. Deutsch \/ Italiano","description":"Cordobesa de padre espa\u00f1ol y madre suiza, licenciada en filosof\u00eda y, si me lo permites, tu gu\u00eda tur\u00edstica en C\u00f3rdoba \u00bfHablamos?","robots":{"index":"index","follow":"follow","max-snippet":"max-snippet:-1","max-image-preview":"max-image-preview:large","max-video-preview":"max-video-preview:-1"},"canonical":"https:\/\/nuriaaebi.com\/es\/guia-turistico-cordoba","og_locale":"es_ES","og_type":"article","og_title":"Gu\u00eda Tur\u00edstico C\u00f3rdoba - Gu\u00eda Turstico en C\u00f3rdoba, Espa\u00f1a. Deutsch \/ Italiano","og_description":"Cordobesa de padre espa\u00f1ol y madre suiza, licenciada en filosof\u00eda y, si me lo permites, tu gu\u00eda tur\u00edstica en C\u00f3rdoba \u00bfHablamos?","og_url":"https:\/\/nuriaaebi.com\/es\/guia-turistico-cordoba","og_site_name":"Gu\u00eda Turstico en C\u00f3rdoba, Espa\u00f1a. Deutsch \/ Italiano","article_modified_time":"2025-10-01T10:46:33+00:00","twitter_card":"summary_large_image","twitter_misc":{"Tiempo de lectura":"3 minutos"},"schema":{"@context":"https:\/\/schema.org","@graph":[{"@type":"WebPage","@id":"https:\/\/nuriaaebi.com\/es\/guia-turistico-cordoba","url":"https:\/\/nuriaaebi.com\/es\/guia-turistico-cordoba","name":"Gu\u00eda Tur\u00edstico C\u00f3rdoba - Gu\u00eda Turstico en C\u00f3rdoba, Espa\u00f1a. Deutsch \/ Italiano","isPartOf":{"@id":"https:\/\/nuriaaebi.com\/#website"},"datePublished":"2020-02-18T18:40:59+00:00","dateModified":"2025-10-01T10:46:33+00:00","description":"Cordobesa de padre espa\u00f1ol y madre suiza, licenciada en filosof\u00eda y, si me lo permites, tu gu\u00eda tur\u00edstica en C\u00f3rdoba \u00bfHablamos?","breadcrumb":{"@id":"https:\/\/nuriaaebi.com\/es\/guia-turistico-cordoba#breadcrumb"},"inLanguage":"es","potentialAction":[{"@type":"ReadAction","target":["https:\/\/nuriaaebi.com\/es\/guia-turistico-cordoba"]}]},{"@type":"BreadcrumbList","@id":"https:\/\/nuriaaebi.com\/es\/guia-turistico-cordoba#breadcrumb","itemListElement":[{"@type":"ListItem","position":1,"name":"Portada","item":"https:\/\/nuriaaebi.com\/es"},{"@type":"ListItem","position":2,"name":"Gu\u00eda Tur\u00edstico C\u00f3rdoba"}]},{"@type":"WebSite","@id":"https:\/\/nuriaaebi.com\/#website","url":"https:\/\/nuriaaebi.com\/","name":"Gu\u00eda Turstico en C\u00f3rdoba, Espa\u00f1a. Deutsch \/ Italiano","description":"Visita guiada a C\u00f3rdoba - F\u00fchrung durch Cordoba auf Deutsch - Visita guidata di Cordova in italiano","potentialAction":[{"@type":"SearchAction","target":{"@type":"EntryPoint","urlTemplate":"https:\/\/nuriaaebi.com\/?s={search_term_string}"},"query-input":{"@type":"PropertyValueSpecification","valueRequired":true,"valueName":"search_term_string"}}],"inLanguage":"es"}]}},"_links":{"self":[{"href":"https:\/\/nuriaaebi.com\/es\/wp-json\/wp\/v2\/pages\/4751","targetHints":{"allow":["GET"]}}],"collection":[{"href":"https:\/\/nuriaaebi.com\/es\/wp-json\/wp\/v2\/pages"}],"about":[{"href":"https:\/\/nuriaaebi.com\/es\/wp-json\/wp\/v2\/types\/page"}],"author":[{"embeddable":true,"href":"https:\/\/nuriaaebi.com\/es\/wp-json\/wp\/v2\/users\/3"}],"replies":[{"embeddable":true,"href":"https:\/\/nuriaaebi.com\/es\/wp-json\/wp\/v2\/comments?post=4751"}],"version-history":[{"count":63,"href":"https:\/\/nuriaaebi.com\/es\/wp-json\/wp\/v2\/pages\/4751\/revisions"}],"predecessor-version":[{"id":4757,"href":"https:\/\/nuriaaebi.com\/es\/wp-json\/wp\/v2\/pages\/4751\/revisions\/4757"}],"wp:attachment":[{"href":"https:\/\/nuriaaebi.com\/es\/wp-json\/wp\/v2\/media?parent=4751"}],"curies":[{"name":"wp","href":"https:\/\/api.w.org\/{rel}","templated":true}]}}