{"id":4853,"date":"2020-06-08T13:27:59","date_gmt":"2020-06-08T11:27:59","guid":{"rendered":"https:\/\/nuriaaebi.com\/?page_id=4853"},"modified":"2026-04-10T10:19:35","modified_gmt":"2026-04-10T08:19:35","slug":"visita-guiada-juderia-cordoba","status":"publish","type":"page","link":"https:\/\/nuriaaebi.com\/es\/visita-guiada-juderia-cordoba","title":{"rendered":"Juder\u00eda"},"content":{"rendered":"<div class=\"wpb-content-wrapper\"><p>[vc_row row_type=\u00bbparallax\u00bb content_aligment=\u00bbcenter\u00bb full_screen_section_height=\u00bbno\u00bb parallax_background_image=\u00bb4872&#8243; parallax_speed=\u00bb0.2&#8243; css=\u00bb.vc_custom_1591621989569{background-color: #ffffff !important;background-position: center !important;background-repeat: no-repeat !important;background-size: cover !important;}\u00bb][vc_column][vc_empty_space height=\u00bb80&#8243;][vc_column_text css=\u00bb\u00bb]<\/p>\n<h1 style=\"text-align: center;\"><span style=\"color: #ffffff;\">Paseo por la Juder\u00eda de C\u00f3rdoba:<\/span><\/h1>\n<h1 style=\"text-align: center;\"><span style=\"color: #ffffff;\"> la ruta imprescindible por la historia sefard\u00ed <\/span><\/h1>\n<div id=\"gtx-trans\" style=\"position: absolute; left: 196px; top: -0.5625px;\">\n<div class=\"gtx-trans-icon\"><\/div>\n<\/div>\n<p>[\/vc_column_text][vc_empty_space height=\u00bb80&#8243;][vc_empty_space height=\u00bb80&#8243;][\/vc_column][\/vc_row][vc_row content_width=\u00bbgrid\u00bb content_aligment=\u00bbcenter\u00bb css=\u00bb.vc_custom_1582060697273{background-color: #ffffff !important;}\u00bb][vc_column][vc_empty_space height=\u00bb20&#8243;][vc_empty_space height=\u00bb20&#8243;][vc_column_text css=\u00bb\u00bb]<\/p>\n<p style=\"text-align: justify;\">Recorrer la <strong>juder\u00eda de C\u00f3rdoba<\/strong> es mucho m\u00e1s que perderse entre callejas estrechas y patios con encanto: es adentrarse en una historia que marc\u00f3 la identidad de esta ciudad. Este barrio, declarado Patrimonio de la Humanidad por la UNESCO, invita a vivir un paseo por la Juder\u00eda que combina cultura, belleza arquitect\u00f3nica y emoci\u00f3n en cada rinc\u00f3n.<\/p>\n<p style=\"text-align: justify;\">Durante la Edad Media, C\u00f3rdoba fue uno de los grandes centros culturales del mundo, y la comunidad jud\u00eda desempe\u00f1\u00f3 un papel fundamental en ese esplendor. M\u00e9dicos, traductores, fil\u00f3sofos, poetas y comerciantes formaban parte activa de la vida cordobesa. Entre ellos destac\u00f3 el c\u00e9lebre Maim\u00f3nides, nacido aqu\u00ed en el siglo XII, cuya figura sigue inspirando hasta hoy y a quien se rinde homenaje en una de las plazas m\u00e1s visitadas del barrio.<\/p>\n<p>[\/vc_column_text][vc_empty_space height=\u00bb20&#8243;][vc_row_inner content_width=\u00bbgrid\u00bb][vc_column_inner width=\u00bb1\/2&#8243; css=\u00bb.vc_custom_1775651338079{border-top-width: 1px !important;border-right-width: 1px !important;border-bottom-width: 1px !important;border-left-width: 1px !important;border-left-style: solid !important;border-right-style: solid !important;border-top-style: solid !important;border-bottom-style: solid !important;border-color: #0a0a0a !important;}\u00bb][vc_column_text css=\u00bb\u00bb]<\/p>\n<h2><b>Ruta por la Juder\u00eda: qu\u00e9 ver y descubrir\u00a0<\/b><\/h2>\n<p><span style=\"font-weight: 400;\">La juder\u00eda cordobesa forma parte de la red Caminos de Sefarad, una asociaci\u00f3n dedicada a\u00a0 preservar el legado jud\u00edo y su valioso patrimonio hist\u00f3rico y art\u00edstico. En cada rinc\u00f3n de\u00a0 esta ruta por la Juder\u00eda se puede leer una p\u00e1gina de historia:\u00a0<\/span><\/p>\n<ul>\n<li><span style=\"font-weight: 400;\"> La <a href=\"https:\/\/www.turismodecordoba.org\/sinagoga\"><strong>Sinagoga de C\u00f3rdoba<\/strong><\/a>, una de las pocas que se conservan en pie en toda\u00a0 Espa\u00f1a, donde se aprecia la huella del arte mud\u00e9jar.\u00a0<\/span><\/li>\n<li><span style=\"font-weight: 400;\"> La <strong>estatua de Maim\u00f3nides,<\/strong> s\u00edmbolo del pensamiento y la cultura sefard\u00ed.\u00a0<\/span><\/li>\n<li><span style=\"font-weight: 400;\"> El <strong>Zoco Municipal,<\/strong> espacio de artesan\u00eda tradicional cordobesa que conserva la\u00a0 esencia del antiguo mercado.\u00a0<\/span><\/li>\n<li><span style=\"font-weight: 400;\"> Callejas pintorescas, como la famosa<strong> Calleja de las Flores<\/strong>, donde cada maceta\u00a0 parece contar una historia.\u00a0<\/span><\/li>\n<\/ul>\n<p>[\/vc_column_text][vc_empty_space height=\u00bb20&#8243;][\/vc_column_inner][vc_column_inner width=\u00bb1\/2&#8243;][vc_single_image image=\u00bb4882&#8243; img_size=\u00bbfull\u00bb alignment=\u00bbcenter\u00bb css=\u00bb\u00bb][\/vc_column_inner][\/vc_row_inner][vc_empty_space height=\u00bb20&#8243;][\/vc_column][\/vc_row][vc_row content_width=\u00bbgrid\u00bb content_aligment=\u00bbcenter\u00bb css=\u00bb.vc_custom_1582060697273{background-color: #ffffff !important;}\u00bb][vc_column][vc_empty_space height=\u00bb20&#8243;][vc_empty_space height=\u00bb20&#8243;][vc_column_text css=\u00bb\u00bb]<\/p>\n<h2><b>Un paseo guiado por la Juder\u00eda de C\u00f3rdoba<\/b><\/h2>\n<p style=\"text-align: justify;\">Caminar por estas calles es como viajar en el tiempo. Pero hacerlo acompa\u00f1ado de una <strong>visita guiada por la Juder\u00eda de C\u00f3rdoba<\/strong> transforma la experiencia: las piedras cobran voz, los s\u00edmbolos se revelan y el pasado se vuelve cercano.<\/p>\n<p style=\"text-align: justify;\"><strong>Descubrir la Juder\u00eda con un gu\u00eda local<\/strong> es abrir una puerta al alma de la ciudad. Una forma amena, sencilla y aut\u00e9ntica de conectar con su historia viva, comprender la importancia de sus tradiciones y disfrutar de una ruta llena de detalles que, de otro modo, pasar\u00edan desapercibidos.<\/p>\n<p>[\/vc_column_text][vc_empty_space height=\u00bb20&#8243;][vc_row_inner content_width=\u00bbgrid\u00bb][vc_column_inner width=\u00bb1\/2&#8243; css=\u00bb.vc_custom_1759313571465{border-top-width: 1px !important;border-right-width: 1px !important;border-bottom-width: 1px !important;border-left-width: 1px !important;border-left-style: none !important;border-right-style: none !important;border-top-style: none !important;border-bottom-style: none !important;border-color: #0a0a0a !important;}\u00bb][vc_column_text css=\u00bb\u00bb]<\/p>\n<h2><b>Consejos para tu paseo por la Juder\u00eda\u00a0\u00a0<\/b><\/h2>\n<ul>\n<li><span style=\"font-weight: 400;\"><strong> Recorre la zona a primera hora de la ma\u00f1ana<\/strong> o al atardecer para disfrutarla con m\u00e1s\u00a0 calma.\u00a0<\/span><\/li>\n<li><span style=\"font-weight: 400;\"><strong> Dedica al menos medio d\u00eda completo<\/strong>, y si puedes, combina el paseo con la visita a\u00a0 la Mezquita-CatedraL.\u00a0<\/span><\/li>\n<li><span style=\"font-weight: 400;\"> No olvides llevar <strong>calzado c\u00f3modo<\/strong>: el suelo empedrado es parte del encanto del\u00a0 barrio.\u00a0<\/span><\/li>\n<\/ul>\n<p><span style=\"font-weight: 400;\"><strong>La Juder\u00eda de C\u00f3rdoba<\/strong> es uno de los barrios m\u00e1s bellos y singulares de Espa\u00f1a, un lugar\u00a0 donde el pasado se hace presente. Realizar una <strong>ruta por la Juder\u00eda<\/strong> es imprescindible para\u00a0 comprender el alma de C\u00f3rdoba, y vivir un paseo por sus calles con gu\u00eda convierte esa\u00a0 visita en una experiencia \u00fanica y memorable.<\/span><\/p>\n<h2 style=\"text-align: center;\"><\/h2>\n<p>[\/vc_column_text][vc_empty_space height=\u00bb20&#8243;][\/vc_column_inner][vc_column_inner width=\u00bb1\/2&#8243;][vc_single_image image=\u00bb4876&#8243; img_size=\u00bbfull\u00bb alignment=\u00bbcenter\u00bb css=\u00bb\u00bb][\/vc_column_inner][\/vc_row_inner][vc_empty_space height=\u00bb20&#8243;][\/vc_column][\/vc_row][vc_row content_width=\u00bbgrid\u00bb content_aligment=\u00bbcenter\u00bb css=\u00bb.vc_custom_1582060697273{background-color: #ffffff !important;}\u00bb][vc_column][vc_empty_space height=\u00bb20&#8243;][vc_empty_space height=\u00bb20&#8243;][vc_column_text css=\u00bb\u00bb]<\/p>\n<h2 style=\"text-align: center;\"><b>Datos de la Visita guiada a pie por la Juder\u00eda<\/b><\/h2>\n<p>[\/vc_column_text][vc_empty_space height=\u00bb20&#8243;][vc_empty_space height=\u00bb20&#8243;][vc_row_inner][vc_column_inner width=\u00bb1\/3&#8243;]<div class=\"mkdf-iwt clearfix mkdf-iwt-icon-top mkdf-iwt-icon-medium\">\n    <div class=\"mkdf-iwt-icon\">\n                                        <span class=\"mkdf-icon-shortcode mkdf-normal mkdf-icon-medium\"   data-color=\"#DD9933\">\n                    <i class=\"mkdf-icon-font-awesome fa fa-clock-o mkdf-icon-element\" style=\"color: #DD9933\" ><\/i>            <\/span>\n                        <\/div>\n    <div class=\"mkdf-iwt-content\" >\n\t    \t        <h4 class=\"mkdf-iwt-title\" >\n\t\t\t    \t               Duraci\u00f3n Aproximada de la visita 1 hora\t\t\t                <\/h4>\n\t    \t\t    <\/div>\n<\/div>[\/vc_column_inner][vc_column_inner width=\u00bb1\/3&#8243;]<div class=\"mkdf-iwt clearfix mkdf-iwt-icon-top mkdf-iwt-icon-medium\">\n    <div class=\"mkdf-iwt-icon\">\n                                        <span class=\"mkdf-icon-shortcode mkdf-normal mkdf-icon-medium\"   data-color=\"#DD9933\">\n                    <i class=\"mkdf-icon-font-awesome fa fa-headphones mkdf-icon-element\" style=\"color: #DD9933\" ><\/i>            <\/span>\n                        <\/div>\n    <div class=\"mkdf-iwt-content\" >\n\t    \t        <h4 class=\"mkdf-iwt-title\" >\n\t\t\t    \t               Grupos de 7 a 10 personas requieren radiogu\u00eda\t\t\t                <\/h4>\n\t    \t\t    <\/div>\n<\/div>[\/vc_column_inner][vc_column_inner width=\u00bb1\/3&#8243;]<div class=\"mkdf-iwt clearfix mkdf-iwt-icon-top mkdf-iwt-icon-medium\">\n    <div class=\"mkdf-iwt-icon\">\n                                        <span class=\"mkdf-icon-shortcode mkdf-normal mkdf-icon-medium\"   data-color=\"#DD9933\">\n                    <i class=\"mkdf-icon-font-awesome fa fa-wheelchair mkdf-icon-element\" style=\"color: #DD9933\" ><\/i>            <\/span>\n                        <\/div>\n    <div class=\"mkdf-iwt-content\" >\n\t    \t        <h4 class=\"mkdf-iwt-title\" >\n\t\t\t    \t               El acceso con silla de ruedas o andador es dif\u00edcil\t\t\t                <\/h4>\n\t    \t\t    <\/div>\n<\/div>[\/vc_column_inner][\/vc_row_inner][vc_row_inner][vc_column_inner][vc_empty_space height=\u00bb80&#8243;][\/vc_column_inner][\/vc_row_inner][\/vc_column][\/vc_row][vc_row content_aligment=\u00bbcenter\u00bb][vc_column width=\u00bb1\/2&#8243;][vc_single_image image=\u00bb4885&#8243; img_size=\u00bbfull\u00bb alignment=\u00bbcenter\u00bb css=\u00bb\u00bb][\/vc_column][vc_column width=\u00bb1\/2&#8243;][vc_single_image image=\u00bb4879&#8243; img_size=\u00bbfull\u00bb alignment=\u00bbcenter\u00bb css=\u00bb\u00bb][\/vc_column][\/vc_row][vc_row content_aligment=\u00bbcenter\u00bb][vc_column]<a href=\"\/contacto\" target=\"_blank\"  class=\"mkdf-btn mkdf-btn-huge-full-width mkdf-btn-solid mkdf-btn-custom-hover-bg mkdf-btn-custom-border-hover mkdf-btn-hover-solid\"  data-hover-bg-color=\"#363636\" data-hover-border-color=\"#363636\" >\n\t<span class=\"mkdf-btn-text\">\u00bfHABLAMOS?<\/span>\n\t\n\t<\/a>[\/vc_column][\/vc_row]<\/p>\n<\/div>","protected":false},"excerpt":{"rendered":"<p>[vc_row row_type=\u00bbparallax\u00bb content_aligment=\u00bbcenter\u00bb full_screen_section_height=\u00bbno\u00bb parallax_background_image=\u00bb4872&#8243; parallax_speed=\u00bb0.2&#8243; css=\u00bb.vc_custom_1591621989569{background-color: #ffffff !important;background-position: center !important;background-repeat: no-repeat !important;background-size: cover !important;}\u00bb][vc_column][vc_empty_space height=\u00bb80&#8243;][vc_column_text css=\u00bb\u00bb] Paseo por la Juder\u00eda de C\u00f3rdoba: la ruta imprescindible por la historia sefard\u00ed [\/vc_column_text][vc_empty_space height=\u00bb80&#8243;][vc_empty_space height=\u00bb80&#8243;][\/vc_column][\/vc_row][vc_row content_width=\u00bbgrid\u00bb content_aligment=\u00bbcenter\u00bb css=\u00bb.vc_custom_1582060697273{background-color: #ffffff !important;}\u00bb][vc_column][vc_empty_space height=\u00bb20&#8243;][vc_empty_space height=\u00bb20&#8243;][vc_column_text css=\u00bb\u00bb] Recorrer la juder\u00eda de C\u00f3rdoba es mucho m\u00e1s que perderse entre callejas estrechas y patios con encanto: es adentrarse en una historia que marc\u00f3 la identidad de esta ciudad. Este barrio, declarado Patrimonio de la Humanidad por la UNESCO, invita a vivir un paseo por la Juder\u00eda que combina [&hellip;]<\/p>\n","protected":false},"author":3,"featured_media":4872,"parent":0,"menu_order":0,"comment_status":"closed","ping_status":"closed","template":"full-width.php","meta":{"_joinchat":[],"footnotes":""},"class_list":["post-4853","page","type-page","status-publish","has-post-thumbnail","hentry"],"yoast_head":"<!-- This site is optimized with the Yoast SEO plugin v27.3 - https:\/\/yoast.com\/product\/yoast-seo-wordpress\/ -->\n<title>Paseo Guiado Juder\u00eda de C\u00f3rdoba - Gu\u00eda Turstico en C\u00f3rdoba, Espa\u00f1a. Deutsch \/ Italiano<\/title>\n<meta name=\"description\" content=\"Ruta a pie guiada por la Juder\u00eda de C\u00f3rdoba, un laberinto de calles, por las que perderse es un placer de la mano de Nuria Aebi Gu\u00eda Tur\u00edstico en C\u00f3rdoba.\" \/>\n<meta name=\"robots\" content=\"index, follow, max-snippet:-1, max-image-preview:large, max-video-preview:-1\" \/>\n<link rel=\"canonical\" href=\"https:\/\/nuriaaebi.com\/es\/visita-guiada-juderia-cordoba\" \/>\n<meta property=\"og:locale\" content=\"es_ES\" \/>\n<meta property=\"og:type\" content=\"article\" \/>\n<meta property=\"og:title\" content=\"Paseo Guiado Juder\u00eda de C\u00f3rdoba - Gu\u00eda Turstico en C\u00f3rdoba, Espa\u00f1a. Deutsch \/ Italiano\" \/>\n<meta property=\"og:description\" content=\"Ruta a pie guiada por la Juder\u00eda de C\u00f3rdoba, un laberinto de calles, por las que perderse es un placer de la mano de Nuria Aebi Gu\u00eda Tur\u00edstico en C\u00f3rdoba.\" \/>\n<meta property=\"og:url\" content=\"https:\/\/nuriaaebi.com\/es\/visita-guiada-juderia-cordoba\" \/>\n<meta property=\"og:site_name\" content=\"Gu\u00eda Turstico en C\u00f3rdoba, Espa\u00f1a. Deutsch \/ Italiano\" \/>\n<meta property=\"article:modified_time\" content=\"2026-04-10T08:19:35+00:00\" \/>\n<meta property=\"og:image\" content=\"https:\/\/nuriaaebi.com\/wp-content\/uploads\/2020\/06\/juderia_portada.jpg\" \/>\n\t<meta property=\"og:image:width\" content=\"1920\" \/>\n\t<meta property=\"og:image:height\" content=\"1080\" \/>\n\t<meta property=\"og:image:type\" content=\"image\/jpeg\" \/>\n<meta name=\"twitter:card\" content=\"summary_large_image\" \/>\n<meta name=\"twitter:label1\" content=\"Tiempo de lectura\" \/>\n\t<meta name=\"twitter:data1\" content=\"4 minutos\" \/>\n<script type=\"application\/ld+json\" class=\"yoast-schema-graph\">{\"@context\":\"https:\\\/\\\/schema.org\",\"@graph\":[{\"@type\":\"WebPage\",\"@id\":\"https:\\\/\\\/nuriaaebi.com\\\/es\\\/visita-guiada-juderia-cordoba\",\"url\":\"https:\\\/\\\/nuriaaebi.com\\\/es\\\/visita-guiada-juderia-cordoba\",\"name\":\"Paseo Guiado Juder\u00eda de C\u00f3rdoba - Gu\u00eda Turstico en C\u00f3rdoba, Espa\u00f1a. Deutsch \\\/ Italiano\",\"isPartOf\":{\"@id\":\"https:\\\/\\\/nuriaaebi.com\\\/#website\"},\"primaryImageOfPage\":{\"@id\":\"https:\\\/\\\/nuriaaebi.com\\\/es\\\/visita-guiada-juderia-cordoba#primaryimage\"},\"image\":{\"@id\":\"https:\\\/\\\/nuriaaebi.com\\\/es\\\/visita-guiada-juderia-cordoba#primaryimage\"},\"thumbnailUrl\":\"https:\\\/\\\/nuriaaebi.com\\\/wp-content\\\/uploads\\\/2020\\\/06\\\/juderia_portada.jpg\",\"datePublished\":\"2020-06-08T11:27:59+00:00\",\"dateModified\":\"2026-04-10T08:19:35+00:00\",\"description\":\"Ruta a pie guiada por la Juder\u00eda de C\u00f3rdoba, un laberinto de calles, por las que perderse es un placer de la mano de Nuria Aebi Gu\u00eda Tur\u00edstico en C\u00f3rdoba.\",\"breadcrumb\":{\"@id\":\"https:\\\/\\\/nuriaaebi.com\\\/es\\\/visita-guiada-juderia-cordoba#breadcrumb\"},\"inLanguage\":\"es\",\"potentialAction\":[{\"@type\":\"ReadAction\",\"target\":[\"https:\\\/\\\/nuriaaebi.com\\\/es\\\/visita-guiada-juderia-cordoba\"]}]},{\"@type\":\"ImageObject\",\"inLanguage\":\"es\",\"@id\":\"https:\\\/\\\/nuriaaebi.com\\\/es\\\/visita-guiada-juderia-cordoba#primaryimage\",\"url\":\"https:\\\/\\\/nuriaaebi.com\\\/wp-content\\\/uploads\\\/2020\\\/06\\\/juderia_portada.jpg\",\"contentUrl\":\"https:\\\/\\\/nuriaaebi.com\\\/wp-content\\\/uploads\\\/2020\\\/06\\\/juderia_portada.jpg\",\"width\":1920,\"height\":1080},{\"@type\":\"BreadcrumbList\",\"@id\":\"https:\\\/\\\/nuriaaebi.com\\\/es\\\/visita-guiada-juderia-cordoba#breadcrumb\",\"itemListElement\":[{\"@type\":\"ListItem\",\"position\":1,\"name\":\"Portada\",\"item\":\"https:\\\/\\\/nuriaaebi.com\\\/es\"},{\"@type\":\"ListItem\",\"position\":2,\"name\":\"Juder\u00eda\"}]},{\"@type\":\"WebSite\",\"@id\":\"https:\\\/\\\/nuriaaebi.com\\\/#website\",\"url\":\"https:\\\/\\\/nuriaaebi.com\\\/\",\"name\":\"Gu\u00eda Turstico en C\u00f3rdoba, Espa\u00f1a. Deutsch \\\/ Italiano\",\"description\":\"Visita guiada a C\u00f3rdoba - F\u00fchrung durch Cordoba auf Deutsch - Visita guidata di Cordova in italiano\",\"potentialAction\":[{\"@type\":\"SearchAction\",\"target\":{\"@type\":\"EntryPoint\",\"urlTemplate\":\"https:\\\/\\\/nuriaaebi.com\\\/?s={search_term_string}\"},\"query-input\":{\"@type\":\"PropertyValueSpecification\",\"valueRequired\":true,\"valueName\":\"search_term_string\"}}],\"inLanguage\":\"es\"}]}<\/script>\n<!-- \/ Yoast SEO plugin. -->","yoast_head_json":{"title":"Paseo Guiado Juder\u00eda de C\u00f3rdoba - Gu\u00eda Turstico en C\u00f3rdoba, Espa\u00f1a. Deutsch \/ Italiano","description":"Ruta a pie guiada por la Juder\u00eda de C\u00f3rdoba, un laberinto de calles, por las que perderse es un placer de la mano de Nuria Aebi Gu\u00eda Tur\u00edstico en C\u00f3rdoba.","robots":{"index":"index","follow":"follow","max-snippet":"max-snippet:-1","max-image-preview":"max-image-preview:large","max-video-preview":"max-video-preview:-1"},"canonical":"https:\/\/nuriaaebi.com\/es\/visita-guiada-juderia-cordoba","og_locale":"es_ES","og_type":"article","og_title":"Paseo Guiado Juder\u00eda de C\u00f3rdoba - Gu\u00eda Turstico en C\u00f3rdoba, Espa\u00f1a. Deutsch \/ Italiano","og_description":"Ruta a pie guiada por la Juder\u00eda de C\u00f3rdoba, un laberinto de calles, por las que perderse es un placer de la mano de Nuria Aebi Gu\u00eda Tur\u00edstico en C\u00f3rdoba.","og_url":"https:\/\/nuriaaebi.com\/es\/visita-guiada-juderia-cordoba","og_site_name":"Gu\u00eda Turstico en C\u00f3rdoba, Espa\u00f1a. Deutsch \/ Italiano","article_modified_time":"2026-04-10T08:19:35+00:00","og_image":[{"width":1920,"height":1080,"url":"https:\/\/nuriaaebi.com\/wp-content\/uploads\/2020\/06\/juderia_portada.jpg","type":"image\/jpeg"}],"twitter_card":"summary_large_image","twitter_misc":{"Tiempo de lectura":"4 minutos"},"schema":{"@context":"https:\/\/schema.org","@graph":[{"@type":"WebPage","@id":"https:\/\/nuriaaebi.com\/es\/visita-guiada-juderia-cordoba","url":"https:\/\/nuriaaebi.com\/es\/visita-guiada-juderia-cordoba","name":"Paseo Guiado Juder\u00eda de C\u00f3rdoba - Gu\u00eda Turstico en C\u00f3rdoba, Espa\u00f1a. Deutsch \/ Italiano","isPartOf":{"@id":"https:\/\/nuriaaebi.com\/#website"},"primaryImageOfPage":{"@id":"https:\/\/nuriaaebi.com\/es\/visita-guiada-juderia-cordoba#primaryimage"},"image":{"@id":"https:\/\/nuriaaebi.com\/es\/visita-guiada-juderia-cordoba#primaryimage"},"thumbnailUrl":"https:\/\/nuriaaebi.com\/wp-content\/uploads\/2020\/06\/juderia_portada.jpg","datePublished":"2020-06-08T11:27:59+00:00","dateModified":"2026-04-10T08:19:35+00:00","description":"Ruta a pie guiada por la Juder\u00eda de C\u00f3rdoba, un laberinto de calles, por las que perderse es un placer de la mano de Nuria Aebi Gu\u00eda Tur\u00edstico en C\u00f3rdoba.","breadcrumb":{"@id":"https:\/\/nuriaaebi.com\/es\/visita-guiada-juderia-cordoba#breadcrumb"},"inLanguage":"es","potentialAction":[{"@type":"ReadAction","target":["https:\/\/nuriaaebi.com\/es\/visita-guiada-juderia-cordoba"]}]},{"@type":"ImageObject","inLanguage":"es","@id":"https:\/\/nuriaaebi.com\/es\/visita-guiada-juderia-cordoba#primaryimage","url":"https:\/\/nuriaaebi.com\/wp-content\/uploads\/2020\/06\/juderia_portada.jpg","contentUrl":"https:\/\/nuriaaebi.com\/wp-content\/uploads\/2020\/06\/juderia_portada.jpg","width":1920,"height":1080},{"@type":"BreadcrumbList","@id":"https:\/\/nuriaaebi.com\/es\/visita-guiada-juderia-cordoba#breadcrumb","itemListElement":[{"@type":"ListItem","position":1,"name":"Portada","item":"https:\/\/nuriaaebi.com\/es"},{"@type":"ListItem","position":2,"name":"Juder\u00eda"}]},{"@type":"WebSite","@id":"https:\/\/nuriaaebi.com\/#website","url":"https:\/\/nuriaaebi.com\/","name":"Gu\u00eda Turstico en C\u00f3rdoba, Espa\u00f1a. Deutsch \/ Italiano","description":"Visita guiada a C\u00f3rdoba - F\u00fchrung durch Cordoba auf Deutsch - Visita guidata di Cordova in italiano","potentialAction":[{"@type":"SearchAction","target":{"@type":"EntryPoint","urlTemplate":"https:\/\/nuriaaebi.com\/?s={search_term_string}"},"query-input":{"@type":"PropertyValueSpecification","valueRequired":true,"valueName":"search_term_string"}}],"inLanguage":"es"}]}},"_links":{"self":[{"href":"https:\/\/nuriaaebi.com\/es\/wp-json\/wp\/v2\/pages\/4853","targetHints":{"allow":["GET"]}}],"collection":[{"href":"https:\/\/nuriaaebi.com\/es\/wp-json\/wp\/v2\/pages"}],"about":[{"href":"https:\/\/nuriaaebi.com\/es\/wp-json\/wp\/v2\/types\/page"}],"author":[{"embeddable":true,"href":"https:\/\/nuriaaebi.com\/es\/wp-json\/wp\/v2\/users\/3"}],"replies":[{"embeddable":true,"href":"https:\/\/nuriaaebi.com\/es\/wp-json\/wp\/v2\/comments?post=4853"}],"version-history":[{"count":43,"href":"https:\/\/nuriaaebi.com\/es\/wp-json\/wp\/v2\/pages\/4853\/revisions"}],"predecessor-version":[{"id":5490,"href":"https:\/\/nuriaaebi.com\/es\/wp-json\/wp\/v2\/pages\/4853\/revisions\/5490"}],"wp:featuredmedia":[{"embeddable":true,"href":"https:\/\/nuriaaebi.com\/es\/wp-json\/wp\/v2\/media\/4872"}],"wp:attachment":[{"href":"https:\/\/nuriaaebi.com\/es\/wp-json\/wp\/v2\/media?parent=4853"}],"curies":[{"name":"wp","href":"https:\/\/api.w.org\/{rel}","templated":true}]}}