{"id":4855,"date":"2020-06-08T13:53:10","date_gmt":"2020-06-08T11:53:10","guid":{"rendered":"https:\/\/nuriaaebi.com\/?page_id=4855"},"modified":"2026-04-10T10:20:47","modified_gmt":"2026-04-10T08:20:47","slug":"visita-guiada-cordoba","status":"publish","type":"page","link":"https:\/\/nuriaaebi.com\/es\/visita-guiada-cordoba","title":{"rendered":"Un paseo tranquilo por cordoba"},"content":{"rendered":"<div class=\"wpb-content-wrapper\"><p>[vc_row row_type=\u00bbparallax\u00bb content_aligment=\u00bbcenter\u00bb full_screen_section_height=\u00bbno\u00bb parallax_background_image=\u00bb4888&#8243; parallax_speed=\u00bb0.2&#8243; css=\u00bb.vc_custom_1591622378410{background-color: #ffffff !important;background-position: center !important;background-repeat: no-repeat !important;background-size: cover !important;}\u00bb][vc_column][vc_empty_space height=\u00bb80&#8243;][vc_column_text]<\/p>\n<h1 style=\"text-align: center;\"><span style=\"color: #ffffff;\">UN PASEO TRANQUILO<\/span><\/h1>\n<div id=\"gtx-trans\" style=\"position: absolute; left: 196px; top: -0.5625px;\">\n<div class=\"gtx-trans-icon\"><\/div>\n<\/div>\n<p>[\/vc_column_text][vc_empty_space height=\u00bb80&#8243;][vc_empty_space height=\u00bb80&#8243;][vc_empty_space height=\u00bb80&#8243;][\/vc_column][\/vc_row][vc_row content_width=\u00bbgrid\u00bb content_aligment=\u00bbcenter\u00bb css=\u00bb.vc_custom_1582060697273{background-color: #ffffff !important;}\u00bb][vc_column][vc_empty_space height=\u00bb20&#8243;][vc_empty_space height=\u00bb20&#8243;][vc_column_text]<\/p>\n<p style=\"text-align: justify;\">C\u00f3rdoba es una ciudad hecha para pasear\u2026 esta ruta est\u00e1 pensada para entender la ciudad de otro modo, m\u00e1s tranquilo y apartado del n\u00facleo tur\u00edstico, sin restarle ni un \u00e1pice de inter\u00e9s. No s\u00f3lo su historia, sino tambi\u00e9n su arquitectura, costumbres y los rincones m\u00e1s apreciados por los cordobeses.<\/p>\n<p>[\/vc_column_text][vc_empty_space height=\u00bb20&#8243;][vc_row_inner content_width=\u00bbgrid\u00bb][vc_column_inner width=\u00bb1\/2&#8243; css=\u00bb.vc_custom_1582061005032{border-top-width: 1px !important;border-right-width: 1px !important;border-bottom-width: 1px !important;border-left-width: 1px !important;border-left-color: #0a0a0a !important;border-left-style: solid !important;border-right-color: #0a0a0a !important;border-right-style: solid !important;border-top-color: #0a0a0a !important;border-top-style: solid !important;border-bottom-color: #0a0a0a !important;border-bottom-style: solid !important;}\u00bb][vc_column_text]<\/p>\n<h2 style=\"text-align: center;\">DATOS DE LA VISITA<\/h2>\n<ul>\n<li>Duraci\u00f3n aproximada de dos horas<\/li>\n<li>Para 10 personas se necesitan radiogu\u00edas<\/li>\n<li>M\u00e1ximo 15 personas.<\/li>\n<li>Se camina despacio, con poco tiempo est\u00e1tico<\/li>\n<li>La ruta es flexible en funci\u00f3n de la movilidad del grupo<\/li>\n<li>Recomendable el calzado c\u00f3modo<\/li>\n<li>Desaconsejable el uso de silla de ruedas o andador<\/li>\n<li>No hay acceso a WC, pero podemos hacer una parada de 10\/15min<\/li>\n<\/ul>\n<p>[\/vc_column_text][vc_empty_space height=\u00bb20&#8243;]<div class=\"mkdf-iwt clearfix mkdf-iwt-icon-left mkdf-iwt-icon-medium\">\n    <div class=\"mkdf-iwt-icon\">\n                                        <span class=\"mkdf-icon-shortcode mkdf-normal mkdf-icon-medium\"   data-color=\"#dd3333\">\n                    <i class=\"mkdf-icon-font-awesome fa fa-exclamation-circle mkdf-icon-element\" style=\"color: #dd3333\" ><\/i>            <\/span>\n                        <\/div>\n    <div class=\"mkdf-iwt-content\" >\n\t    \t\t            <p class=\"mkdf-iwt-text\" >Las visitas est\u00e1n sujetas a los horarios de los monumentos, modificaciones y disponibilidad.<\/p>\n\t\t    <\/div>\n<\/div>[\/vc_column_inner][vc_column_inner width=\u00bb1\/2&#8243;][vc_gallery type=\u00bbimage_grid\u00bb images=\u00bb4892,4895,4898,4901&#8243; img_size=\u00bbmedium\u00bb onclick=\u00bbimg_link_large\u00bb][\/vc_column_inner][\/vc_row_inner][vc_empty_space height=\u00bb20&#8243;][\/vc_column][\/vc_row][vc_row content_aligment=\u00bbcenter\u00bb][vc_column]<a href=\"\/contacto\" target=\"_blank\"  class=\"mkdf-btn mkdf-btn-huge-full-width mkdf-btn-solid mkdf-btn-custom-hover-bg mkdf-btn-custom-border-hover mkdf-btn-hover-solid\"  data-hover-bg-color=\"#363636\" data-hover-border-color=\"#363636\" >\n\t<span class=\"mkdf-btn-text\">\u00bfHABLAMOS?<\/span>\n\t\n\t<\/a>[\/vc_column][\/vc_row]<\/p>\n<\/div>","protected":false},"excerpt":{"rendered":"<p>[vc_row row_type=\u00bbparallax\u00bb content_aligment=\u00bbcenter\u00bb full_screen_section_height=\u00bbno\u00bb parallax_background_image=\u00bb4888&#8243; parallax_speed=\u00bb0.2&#8243; css=\u00bb.vc_custom_1591622378410{background-color: #ffffff !important;background-position: center !important;background-repeat: no-repeat !important;background-size: cover !important;}\u00bb][vc_column][vc_empty_space height=\u00bb80&#8243;][vc_column_text] UN PASEO TRANQUILO [\/vc_column_text][vc_empty_space height=\u00bb80&#8243;][vc_empty_space height=\u00bb80&#8243;][vc_empty_space height=\u00bb80&#8243;][\/vc_column][\/vc_row][vc_row content_width=\u00bbgrid\u00bb content_aligment=\u00bbcenter\u00bb css=\u00bb.vc_custom_1582060697273{background-color: #ffffff !important;}\u00bb][vc_column][vc_empty_space height=\u00bb20&#8243;][vc_empty_space height=\u00bb20&#8243;][vc_column_text] C\u00f3rdoba es una ciudad hecha para pasear\u2026 esta ruta est\u00e1 pensada para entender la ciudad de otro modo, m\u00e1s tranquilo y apartado del n\u00facleo tur\u00edstico, sin restarle ni un \u00e1pice de inter\u00e9s. No s\u00f3lo su historia, sino tambi\u00e9n su arquitectura, costumbres y los rincones m\u00e1s apreciados por los cordobeses. [\/vc_column_text][vc_empty_space height=\u00bb20&#8243;][vc_row_inner content_width=\u00bbgrid\u00bb][vc_column_inner width=\u00bb1\/2&#8243; css=\u00bb.vc_custom_1582061005032{border-top-width: 1px !important;border-right-width: 1px !important;border-bottom-width: 1px !important;border-left-width: [&hellip;]<\/p>\n","protected":false},"author":3,"featured_media":0,"parent":0,"menu_order":0,"comment_status":"closed","ping_status":"closed","template":"full-width.php","meta":{"_joinchat":[],"footnotes":""},"class_list":["post-4855","page","type-page","status-publish","hentry"],"yoast_head":"<!-- This site is optimized with the Yoast SEO plugin v27.3 - https:\/\/yoast.com\/product\/yoast-seo-wordpress\/ -->\n<title>Un paseo tranquilo por cordoba - Gu\u00eda Turstico en C\u00f3rdoba, Espa\u00f1a. Deutsch \/ Italiano<\/title>\n<meta name=\"description\" content=\"Un paseo tranquilo por C\u00f3rdoba. - Guia tur\u00edstico en C\u00f3rdoba. Disfruta de un paseo por las calles m\u00e1s bonitas de C\u00f3rdoba, descubriendo toda su historia.\" \/>\n<meta name=\"robots\" content=\"index, follow, max-snippet:-1, max-image-preview:large, max-video-preview:-1\" \/>\n<link rel=\"canonical\" href=\"https:\/\/nuriaaebi.com\/es\/visita-guiada-cordoba\" \/>\n<meta property=\"og:locale\" content=\"es_ES\" \/>\n<meta property=\"og:type\" content=\"article\" \/>\n<meta property=\"og:title\" content=\"Un paseo tranquilo por cordoba - Gu\u00eda Turstico en C\u00f3rdoba, Espa\u00f1a. Deutsch \/ Italiano\" \/>\n<meta property=\"og:description\" content=\"Un paseo tranquilo por C\u00f3rdoba. - Guia tur\u00edstico en C\u00f3rdoba. Disfruta de un paseo por las calles m\u00e1s bonitas de C\u00f3rdoba, descubriendo toda su historia.\" \/>\n<meta property=\"og:url\" content=\"https:\/\/nuriaaebi.com\/es\/visita-guiada-cordoba\" \/>\n<meta property=\"og:site_name\" content=\"Gu\u00eda Turstico en C\u00f3rdoba, Espa\u00f1a. Deutsch \/ Italiano\" \/>\n<meta property=\"article:modified_time\" content=\"2026-04-10T08:20:47+00:00\" \/>\n<meta name=\"twitter:card\" content=\"summary_large_image\" \/>\n<meta name=\"twitter:label1\" content=\"Tiempo de lectura\" \/>\n\t<meta name=\"twitter:data1\" content=\"1 minuto\" \/>\n<script type=\"application\/ld+json\" class=\"yoast-schema-graph\">{\"@context\":\"https:\\\/\\\/schema.org\",\"@graph\":[{\"@type\":\"WebPage\",\"@id\":\"https:\\\/\\\/nuriaaebi.com\\\/es\\\/visita-guiada-cordoba\",\"url\":\"https:\\\/\\\/nuriaaebi.com\\\/es\\\/visita-guiada-cordoba\",\"name\":\"Un paseo tranquilo por cordoba - Gu\u00eda Turstico en C\u00f3rdoba, Espa\u00f1a. Deutsch \\\/ Italiano\",\"isPartOf\":{\"@id\":\"https:\\\/\\\/nuriaaebi.com\\\/#website\"},\"datePublished\":\"2020-06-08T11:53:10+00:00\",\"dateModified\":\"2026-04-10T08:20:47+00:00\",\"description\":\"Un paseo tranquilo por C\u00f3rdoba. - Guia tur\u00edstico en C\u00f3rdoba. Disfruta de un paseo por las calles m\u00e1s bonitas de C\u00f3rdoba, descubriendo toda su historia.\",\"breadcrumb\":{\"@id\":\"https:\\\/\\\/nuriaaebi.com\\\/es\\\/visita-guiada-cordoba#breadcrumb\"},\"inLanguage\":\"es\",\"potentialAction\":[{\"@type\":\"ReadAction\",\"target\":[\"https:\\\/\\\/nuriaaebi.com\\\/es\\\/visita-guiada-cordoba\"]}]},{\"@type\":\"BreadcrumbList\",\"@id\":\"https:\\\/\\\/nuriaaebi.com\\\/es\\\/visita-guiada-cordoba#breadcrumb\",\"itemListElement\":[{\"@type\":\"ListItem\",\"position\":1,\"name\":\"Portada\",\"item\":\"https:\\\/\\\/nuriaaebi.com\\\/es\"},{\"@type\":\"ListItem\",\"position\":2,\"name\":\"Un paseo tranquilo por cordoba\"}]},{\"@type\":\"WebSite\",\"@id\":\"https:\\\/\\\/nuriaaebi.com\\\/#website\",\"url\":\"https:\\\/\\\/nuriaaebi.com\\\/\",\"name\":\"Gu\u00eda Turstico en C\u00f3rdoba, Espa\u00f1a. Deutsch \\\/ Italiano\",\"description\":\"Visita guiada a C\u00f3rdoba - F\u00fchrung durch Cordoba auf Deutsch - Visita guidata di Cordova in italiano\",\"potentialAction\":[{\"@type\":\"SearchAction\",\"target\":{\"@type\":\"EntryPoint\",\"urlTemplate\":\"https:\\\/\\\/nuriaaebi.com\\\/?s={search_term_string}\"},\"query-input\":{\"@type\":\"PropertyValueSpecification\",\"valueRequired\":true,\"valueName\":\"search_term_string\"}}],\"inLanguage\":\"es\"}]}<\/script>\n<!-- \/ Yoast SEO plugin. -->","yoast_head_json":{"title":"Un paseo tranquilo por cordoba - Gu\u00eda Turstico en C\u00f3rdoba, Espa\u00f1a. Deutsch \/ Italiano","description":"Un paseo tranquilo por C\u00f3rdoba. - Guia tur\u00edstico en C\u00f3rdoba. Disfruta de un paseo por las calles m\u00e1s bonitas de C\u00f3rdoba, descubriendo toda su historia.","robots":{"index":"index","follow":"follow","max-snippet":"max-snippet:-1","max-image-preview":"max-image-preview:large","max-video-preview":"max-video-preview:-1"},"canonical":"https:\/\/nuriaaebi.com\/es\/visita-guiada-cordoba","og_locale":"es_ES","og_type":"article","og_title":"Un paseo tranquilo por cordoba - Gu\u00eda Turstico en C\u00f3rdoba, Espa\u00f1a. Deutsch \/ Italiano","og_description":"Un paseo tranquilo por C\u00f3rdoba. - Guia tur\u00edstico en C\u00f3rdoba. Disfruta de un paseo por las calles m\u00e1s bonitas de C\u00f3rdoba, descubriendo toda su historia.","og_url":"https:\/\/nuriaaebi.com\/es\/visita-guiada-cordoba","og_site_name":"Gu\u00eda Turstico en C\u00f3rdoba, Espa\u00f1a. Deutsch \/ Italiano","article_modified_time":"2026-04-10T08:20:47+00:00","twitter_card":"summary_large_image","twitter_misc":{"Tiempo de lectura":"1 minuto"},"schema":{"@context":"https:\/\/schema.org","@graph":[{"@type":"WebPage","@id":"https:\/\/nuriaaebi.com\/es\/visita-guiada-cordoba","url":"https:\/\/nuriaaebi.com\/es\/visita-guiada-cordoba","name":"Un paseo tranquilo por cordoba - Gu\u00eda Turstico en C\u00f3rdoba, Espa\u00f1a. Deutsch \/ Italiano","isPartOf":{"@id":"https:\/\/nuriaaebi.com\/#website"},"datePublished":"2020-06-08T11:53:10+00:00","dateModified":"2026-04-10T08:20:47+00:00","description":"Un paseo tranquilo por C\u00f3rdoba. - Guia tur\u00edstico en C\u00f3rdoba. Disfruta de un paseo por las calles m\u00e1s bonitas de C\u00f3rdoba, descubriendo toda su historia.","breadcrumb":{"@id":"https:\/\/nuriaaebi.com\/es\/visita-guiada-cordoba#breadcrumb"},"inLanguage":"es","potentialAction":[{"@type":"ReadAction","target":["https:\/\/nuriaaebi.com\/es\/visita-guiada-cordoba"]}]},{"@type":"BreadcrumbList","@id":"https:\/\/nuriaaebi.com\/es\/visita-guiada-cordoba#breadcrumb","itemListElement":[{"@type":"ListItem","position":1,"name":"Portada","item":"https:\/\/nuriaaebi.com\/es"},{"@type":"ListItem","position":2,"name":"Un paseo tranquilo por cordoba"}]},{"@type":"WebSite","@id":"https:\/\/nuriaaebi.com\/#website","url":"https:\/\/nuriaaebi.com\/","name":"Gu\u00eda Turstico en C\u00f3rdoba, Espa\u00f1a. Deutsch \/ Italiano","description":"Visita guiada a C\u00f3rdoba - F\u00fchrung durch Cordoba auf Deutsch - Visita guidata di Cordova in italiano","potentialAction":[{"@type":"SearchAction","target":{"@type":"EntryPoint","urlTemplate":"https:\/\/nuriaaebi.com\/?s={search_term_string}"},"query-input":{"@type":"PropertyValueSpecification","valueRequired":true,"valueName":"search_term_string"}}],"inLanguage":"es"}]}},"_links":{"self":[{"href":"https:\/\/nuriaaebi.com\/es\/wp-json\/wp\/v2\/pages\/4855","targetHints":{"allow":["GET"]}}],"collection":[{"href":"https:\/\/nuriaaebi.com\/es\/wp-json\/wp\/v2\/pages"}],"about":[{"href":"https:\/\/nuriaaebi.com\/es\/wp-json\/wp\/v2\/types\/page"}],"author":[{"embeddable":true,"href":"https:\/\/nuriaaebi.com\/es\/wp-json\/wp\/v2\/users\/3"}],"replies":[{"embeddable":true,"href":"https:\/\/nuriaaebi.com\/es\/wp-json\/wp\/v2\/comments?post=4855"}],"version-history":[{"count":11,"href":"https:\/\/nuriaaebi.com\/es\/wp-json\/wp\/v2\/pages\/4855\/revisions"}],"predecessor-version":[{"id":5501,"href":"https:\/\/nuriaaebi.com\/es\/wp-json\/wp\/v2\/pages\/4855\/revisions\/5501"}],"wp:attachment":[{"href":"https:\/\/nuriaaebi.com\/es\/wp-json\/wp\/v2\/media?parent=4855"}],"curies":[{"name":"wp","href":"https:\/\/api.w.org\/{rel}","templated":true}]}}