{"id":5188,"date":"2020-09-15T10:39:47","date_gmt":"2020-09-15T08:39:47","guid":{"rendered":"https:\/\/nuriaaebi.com\/?page_id=5188"},"modified":"2020-09-15T10:51:46","modified_gmt":"2020-09-15T08:51:46","slug":"politica-de-cookies","status":"publish","type":"page","link":"https:\/\/nuriaaebi.com\/es\/politica-de-cookies","title":{"rendered":"Pol\u00edtica de Cookies"},"content":{"rendered":"<div class=\"wpb-content-wrapper\"><p>[vc_row row_type=\u00bbparallax\u00bb content_aligment=\u00bbcenter\u00bb full_screen_section_height=\u00bbno\u00bb parallax_background_image=\u00bb4950&#8243; parallax_speed=\u00bb0.2&#8243; css=\u00bb.vc_custom_1598889259701{background-color: #ffffff !important;background-position: center !important;background-repeat: no-repeat !important;background-size: cover !important;}\u00bb][vc_column][vc_empty_space height=\u00bb80&#8243;][vc_column_text]<\/p>\n<h1 style=\"text-align: center;\"><span style=\"color: #ffffff;\">POL\u00cdTICA DE COOKIES<\/span><\/h1>\n<div id=\"gtx-trans\" style=\"position: absolute; left: 196px; top: -0.5625px;\">\n<div class=\"gtx-trans-icon\"><\/div>\n<\/div>\n<p>[\/vc_column_text][vc_empty_space height=\u00bb80&#8243;][vc_empty_space height=\u00bb80&#8243;][vc_empty_space height=\u00bb80&#8243;][\/vc_column][\/vc_row][vc_row content_width=\u00bbgrid\u00bb][vc_column][vc_empty_space][vc_column_text]<\/p>\n<p style=\"text-align: justify;\">Nuria D. Aebi como responsable de la p\u00e1gina web https:\/\/nuriaaebi.com\/ utiliza cookies propias y de terceros que se descargan en el navegador del usuario cuando \u00e9ste navega por la web nuriaaebi.com<\/p>\n<p style=\"text-align: justify;\">Estamos obligados por el reglamento LSSI-CE (Ley de la sociedad de la informaci\u00f3n y del comercio electr\u00f3nico),a darte la mayor informaci\u00f3n posible sobre estas cookies. Una vez que tengas toda la informaci\u00f3n, como usuario puedes:<\/p>\n<p style=\"text-align: justify;\">Rechazar el tratamiento de los datos o la informaci\u00f3n bloqueando estas cookies mediante la configuraci\u00f3n de tu navegador, lo que har\u00e1 que nuestro sitio no funcione correctamente\u2026<\/p>\n<p style=\"text-align: justify;\">O por el contrario seguir navegando, lo que significar\u00e1 que estar\u00e1s prestando tu consentimiento para el empleo de estas cookies seg\u00fan el art\u00edculo 22.2 de la Ley 34\/2002 de Servicios de la Sociedad de la Informaci\u00f3n y Comercio Electr\u00f3nico.<\/p>\n<p style=\"text-align: justify;\">Pol\u00edtica de cookies actualizada a 15 de septiembre de 2020<\/p>\n<p>[\/vc_column_text][vc_empty_space][vc_column_text]<\/p>\n<h4>\u00bfQu\u00e9 son las cookies?<\/h4>\n<p>[\/vc_column_text][vc_column_text]<\/p>\n<p style=\"text-align: justify;\">Las cookies son peque\u00f1os archivos de datos que se descargan en el ordenador\/ dispositivo m\u00f3vil del usuario al visitar una p\u00e1gina web y se usan para registrar ciertas interacciones de la navegaci\u00f3n en la web almacenando datos que podr\u00e1n ser actualizados y recuperados.<\/p>\n<p>[\/vc_column_text][vc_empty_space][vc_column_text]<\/p>\n<h4>\u00bfQu\u00e9 informaci\u00f3n almacena una cookie?<\/h4>\n<p>[\/vc_column_text][vc_column_text]<\/p>\n<p style=\"text-align: justify;\">Las cookies no suelen almacenar informaci\u00f3n sensible como tarjetas de cr\u00e9dito o datos bancarios, fotograf\u00edas o informaci\u00f3n personal, etc. Los datos que guardan son de car\u00e1cter t\u00e9cnico, estad\u00edsticos, preferencias personales, personalizaci\u00f3n de contenidos, etc.<\/p>\n<p style=\"text-align: justify;\">Se utilizan para recordar las preferencias del usuario, como el idioma seleccionado, datos de acceso o personalizaci\u00f3n de la p\u00e1gina. Las cookies tambi\u00e9n pueden ser utilizadas para registrar informaci\u00f3n an\u00f3nima acerca de c\u00f3mo un visitante utiliza un sitio. Por ejemplo, desde qu\u00e9 p\u00e1gina Web ha accedido, o si ha utilizado un \u201cbanner\u201d publicitario para llegar.<\/p>\n<p>[\/vc_column_text][vc_empty_space][vc_column_text]<\/p>\n<h4>\u00bfQu\u00e9 tipo de cookies existen?<\/h4>\n<p>[\/vc_column_text][vc_column_text]<\/p>\n<p style=\"text-align: justify;\">Cookies t\u00e9cnicas: son las m\u00e1s elementales y necesarias para que una web funcione correctamente. Por ejemplo sirven para saber: cu\u00e1ndo est\u00e1 navegando un humano o una aplicaci\u00f3n automatizada, cu\u00e1ndo navega un usuario an\u00f3nimo y uno registrado, compartir en redes sociales\u2026<\/p>\n<p style=\"text-align: justify;\">&#8211; Cookies de an\u00e1lisis: utilizadas para conocer las preferencias de los usuarios. Por ejemplo productos m\u00e1s consultados, franja horaria de uso, idioma, etc.<\/p>\n<p style=\"text-align: justify;\">&#8211; Cookies publicitarias:muestran publicidad en funci\u00f3n de la navegaci\u00f3n del usuario, la frecuencia de acceso etc.<\/p>\n<p>[\/vc_column_text][vc_empty_space][vc_column_text]<\/p>\n<h4>\u00bfQu\u00e9 cookies usa nuriaaebi.com?<\/h4>\n<p>[\/vc_column_text][vc_column_text]1. Cookies propias<\/p>\n<p style=\"text-align: justify;\">\u2013 Personalizaci\u00f3n: estas cookies ayudan a recordar con qu\u00e9 personas o sitios web interactua el usuario, para poder mostrar contenido relacionado.<\/p>\n<p style=\"text-align: justify;\">\u2013 Preferencias: estas cookies me permiten recordar ajustes y preferencias del usuario, como el idioma preferido y la configuraci\u00f3n de privacidad.<\/p>\n<p style=\"text-align: justify;\">\u2013 Seguridad: estas cookies son para evitar riesgos de seguridad.<\/p>\n<p>2. Cookies de terceros<\/p>\n<p>Cookies generadas por servicios de an\u00e1lisis:<\/p>\n<p style=\"text-align: justify;\">\u2013 Google Analytics: Herramienta de Google, cuya direcci\u00f3n principal es 1600 Amphitheatre Parkway, Mountain View (California), CA 94043, Estados Unidos, utiliza cookies que se instalan en el ordenador del usuario para analizar el uso que hacen los usuarios de la web. Toda la informaci\u00f3n que genera las cookies es transmitida y archivada por Google.<\/p>\n<p>[\/vc_column_text][vc_empty_space][vc_column_text]<\/p>\n<h4>Gestionar y desactivar cookies<\/h4>\n<p>[\/vc_column_text][vc_column_text]Como usuario puedes:<\/p>\n<p style=\"text-align: justify;\">\u2013 Adaptar la configuraci\u00f3n del navegador de modo que se te notifique antes de que se descargue ninguna.<\/p>\n<p style=\"text-align: justify;\">\u2013 Adaptar la configuraci\u00f3n de forma que el navegador rechace todas las cookies, o \u00fanicamente las cookies de terceros.<\/p>\n<p style=\"text-align: justify;\">\u2013 Y tambi\u00e9n puedes eliminar cualquiera de las cookies que ya se encuentren en tu equipo.<\/p>\n<p>Para ello te dejamos las gu\u00edas de configuraci\u00f3n de cookies de los navegadores m\u00e1s utilizados:<\/p>\n<p>\u2013 <a href=\"https:\/\/support.google.com\/chrome\/answer\/95647?hl=es-419\" target=\"_blank\" rel=\"noopener noreferrer\">Google Chrome<\/a><\/p>\n<p>\u2013 <a href=\"https:\/\/support.google.com\/chrome\/answer\/95647?hl=es-419\" target=\"_blank\" rel=\"noopener noreferrer\">Internet Explorer<\/a><\/p>\n<p>\u2013 <a href=\"https:\/\/support.mozilla.org\/es\/kb\/habilitar-y-deshabilitar-cookies-sitios-web-rastrear-preferencias?redirectlocale=es&amp;redirectslug=habilitar-y-deshabilitar-cookies-que-los-sitios-we\" target=\"_blank\" rel=\"noopener noreferrer\">Mozilla Firefox<\/a><\/p>\n<p>\u2013 <a href=\"https:\/\/support.apple.com\/es-es\/HT201265\" target=\"_blank\" rel=\"noopener noreferrer\">Apple Safari<\/a>[\/vc_column_text][vc_empty_space][vc_column_text]<\/p>\n<h4>Los datos recogidos en las cookies \u00bfse usan en Webs distintas a nuriaaebi.com?<\/h4>\n<p>[\/vc_column_text][vc_column_text]No. Las cookies utilizadas son para uso exclusivo nuestro que en ning\u00fan caso comercializa con ellas.[\/vc_column_text][vc_empty_space][vc_column_text]<\/p>\n<h4>M\u00e1s informaci\u00f3n sobre las cookies<\/h4>\n<p>[\/vc_column_text][vc_column_text]Para m\u00e1s informaci\u00f3n sobre la directiva de cookies, por favor consulta el Bolet\u00edn Oficial del Estado publicado el pasado 31 de marzo de 2012 (para Espa\u00f1a) donde se trasponen las directivas en materia de comunicaciones electr\u00f3nicas.<\/p>\n<p>Tambi\u00e9n puedes contactar con info@nuriaaebi.com[\/vc_column_text][\/vc_column][\/vc_row][vc_row content_aligment=\u00bbcenter\u00bb][vc_column]<a href=\"mailto:info@nuriaaebi.com\" target=\"_self\"  class=\"mkdf-btn mkdf-btn-huge-full-width mkdf-btn-solid mkdf-btn-custom-hover-bg mkdf-btn-custom-border-hover mkdf-btn-hover-solid\"  data-hover-bg-color=\"#363636\" data-hover-border-color=\"#363636\" >\n\t<span class=\"mkdf-btn-text\">\u00bfHABLAMOS?<\/span>\n\t\n\t<\/a>[vc_empty_space][\/vc_column][\/vc_row]<\/p>\n<\/div>","protected":false},"excerpt":{"rendered":"<p>[vc_row row_type=\u00bbparallax\u00bb content_aligment=\u00bbcenter\u00bb full_screen_section_height=\u00bbno\u00bb parallax_background_image=\u00bb4950&#8243; parallax_speed=\u00bb0.2&#8243; css=\u00bb.vc_custom_1598889259701{background-color: #ffffff !important;background-position: center !important;background-repeat: no-repeat !important;background-size: cover !important;}\u00bb][vc_column][vc_empty_space height=\u00bb80&#8243;][vc_column_text] POL\u00cdTICA DE COOKIES [\/vc_column_text][vc_empty_space height=\u00bb80&#8243;][vc_empty_space height=\u00bb80&#8243;][vc_empty_space height=\u00bb80&#8243;][\/vc_column][\/vc_row][vc_row content_width=\u00bbgrid\u00bb][vc_column][vc_empty_space][vc_column_text] Nuria D. Aebi como responsable de la p\u00e1gina web https:\/\/nuriaaebi.com\/ utiliza cookies propias y de terceros que se descargan en el navegador del usuario cuando \u00e9ste navega por la web nuriaaebi.com Estamos obligados por el reglamento LSSI-CE (Ley de la sociedad de la informaci\u00f3n y del comercio electr\u00f3nico),a darte la mayor informaci\u00f3n posible sobre estas cookies. Una vez que tengas toda la informaci\u00f3n, como usuario puedes: [&hellip;]<\/p>\n","protected":false},"author":6,"featured_media":0,"parent":0,"menu_order":0,"comment_status":"closed","ping_status":"closed","template":"full-width.php","meta":{"_joinchat":[],"footnotes":""},"class_list":["post-5188","page","type-page","status-publish","hentry"],"yoast_head":"<!-- This site is optimized with the Yoast SEO plugin v27.3 - https:\/\/yoast.com\/product\/yoast-seo-wordpress\/ -->\n<title>Pol\u00edtica de Cookies - Gu\u00eda Turstico en C\u00f3rdoba, Espa\u00f1a. Deutsch \/ Italiano<\/title>\n<meta name=\"description\" content=\"Pol\u00edtica de Cookies. Toda la informaci\u00f3n para los usuarios de nuriaaebi.com sobre las cookies usadas en este sitio web.\" \/>\n<meta name=\"robots\" content=\"index, follow, max-snippet:-1, max-image-preview:large, max-video-preview:-1\" \/>\n<link rel=\"canonical\" href=\"https:\/\/nuriaaebi.com\/politica-de-cookies\" \/>\n<meta property=\"og:locale\" content=\"es_ES\" \/>\n<meta property=\"og:type\" content=\"article\" \/>\n<meta property=\"og:title\" content=\"Pol\u00edtica de Cookies - Gu\u00eda Turstico en C\u00f3rdoba, Espa\u00f1a. Deutsch \/ Italiano\" \/>\n<meta property=\"og:description\" content=\"Pol\u00edtica de Cookies. Toda la informaci\u00f3n para los usuarios de nuriaaebi.com sobre las cookies usadas en este sitio web.\" \/>\n<meta property=\"og:url\" content=\"https:\/\/nuriaaebi.com\/politica-de-cookies\" \/>\n<meta property=\"og:site_name\" content=\"Gu\u00eda Turstico en C\u00f3rdoba, Espa\u00f1a. Deutsch \/ Italiano\" \/>\n<meta property=\"article:modified_time\" content=\"2020-09-15T08:51:46+00:00\" \/>\n<meta name=\"twitter:card\" content=\"summary_large_image\" \/>\n<meta name=\"twitter:label1\" content=\"Tiempo de lectura\" \/>\n\t<meta name=\"twitter:data1\" content=\"5 minutos\" \/>\n<script type=\"application\/ld+json\" class=\"yoast-schema-graph\">{\"@context\":\"https:\\\/\\\/schema.org\",\"@graph\":[{\"@type\":\"WebPage\",\"@id\":\"https:\\\/\\\/nuriaaebi.com\\\/politica-de-cookies\",\"url\":\"https:\\\/\\\/nuriaaebi.com\\\/politica-de-cookies\",\"name\":\"Pol\u00edtica de Cookies - Gu\u00eda Turstico en C\u00f3rdoba, Espa\u00f1a. Deutsch \\\/ Italiano\",\"isPartOf\":{\"@id\":\"https:\\\/\\\/nuriaaebi.com\\\/#website\"},\"datePublished\":\"2020-09-15T08:39:47+00:00\",\"dateModified\":\"2020-09-15T08:51:46+00:00\",\"description\":\"Pol\u00edtica de Cookies. Toda la informaci\u00f3n para los usuarios de nuriaaebi.com sobre las cookies usadas en este sitio web.\",\"breadcrumb\":{\"@id\":\"https:\\\/\\\/nuriaaebi.com\\\/politica-de-cookies#breadcrumb\"},\"inLanguage\":\"es\",\"potentialAction\":[{\"@type\":\"ReadAction\",\"target\":[\"https:\\\/\\\/nuriaaebi.com\\\/politica-de-cookies\"]}]},{\"@type\":\"BreadcrumbList\",\"@id\":\"https:\\\/\\\/nuriaaebi.com\\\/politica-de-cookies#breadcrumb\",\"itemListElement\":[{\"@type\":\"ListItem\",\"position\":1,\"name\":\"Portada\",\"item\":\"https:\\\/\\\/nuriaaebi.com\\\/es\"},{\"@type\":\"ListItem\",\"position\":2,\"name\":\"Pol\u00edtica de Cookies\"}]},{\"@type\":\"WebSite\",\"@id\":\"https:\\\/\\\/nuriaaebi.com\\\/#website\",\"url\":\"https:\\\/\\\/nuriaaebi.com\\\/\",\"name\":\"Gu\u00eda Turstico en C\u00f3rdoba, Espa\u00f1a. Deutsch \\\/ Italiano\",\"description\":\"Visita guiada a C\u00f3rdoba - F\u00fchrung durch Cordoba auf Deutsch - Visita guidata di Cordova in italiano\",\"potentialAction\":[{\"@type\":\"SearchAction\",\"target\":{\"@type\":\"EntryPoint\",\"urlTemplate\":\"https:\\\/\\\/nuriaaebi.com\\\/?s={search_term_string}\"},\"query-input\":{\"@type\":\"PropertyValueSpecification\",\"valueRequired\":true,\"valueName\":\"search_term_string\"}}],\"inLanguage\":\"es\"}]}<\/script>\n<!-- \/ Yoast SEO plugin. -->","yoast_head_json":{"title":"Pol\u00edtica de Cookies - Gu\u00eda Turstico en C\u00f3rdoba, Espa\u00f1a. Deutsch \/ Italiano","description":"Pol\u00edtica de Cookies. Toda la informaci\u00f3n para los usuarios de nuriaaebi.com sobre las cookies usadas en este sitio web.","robots":{"index":"index","follow":"follow","max-snippet":"max-snippet:-1","max-image-preview":"max-image-preview:large","max-video-preview":"max-video-preview:-1"},"canonical":"https:\/\/nuriaaebi.com\/politica-de-cookies","og_locale":"es_ES","og_type":"article","og_title":"Pol\u00edtica de Cookies - Gu\u00eda Turstico en C\u00f3rdoba, Espa\u00f1a. Deutsch \/ Italiano","og_description":"Pol\u00edtica de Cookies. Toda la informaci\u00f3n para los usuarios de nuriaaebi.com sobre las cookies usadas en este sitio web.","og_url":"https:\/\/nuriaaebi.com\/politica-de-cookies","og_site_name":"Gu\u00eda Turstico en C\u00f3rdoba, Espa\u00f1a. Deutsch \/ Italiano","article_modified_time":"2020-09-15T08:51:46+00:00","twitter_card":"summary_large_image","twitter_misc":{"Tiempo de lectura":"5 minutos"},"schema":{"@context":"https:\/\/schema.org","@graph":[{"@type":"WebPage","@id":"https:\/\/nuriaaebi.com\/politica-de-cookies","url":"https:\/\/nuriaaebi.com\/politica-de-cookies","name":"Pol\u00edtica de Cookies - Gu\u00eda Turstico en C\u00f3rdoba, Espa\u00f1a. Deutsch \/ Italiano","isPartOf":{"@id":"https:\/\/nuriaaebi.com\/#website"},"datePublished":"2020-09-15T08:39:47+00:00","dateModified":"2020-09-15T08:51:46+00:00","description":"Pol\u00edtica de Cookies. Toda la informaci\u00f3n para los usuarios de nuriaaebi.com sobre las cookies usadas en este sitio web.","breadcrumb":{"@id":"https:\/\/nuriaaebi.com\/politica-de-cookies#breadcrumb"},"inLanguage":"es","potentialAction":[{"@type":"ReadAction","target":["https:\/\/nuriaaebi.com\/politica-de-cookies"]}]},{"@type":"BreadcrumbList","@id":"https:\/\/nuriaaebi.com\/politica-de-cookies#breadcrumb","itemListElement":[{"@type":"ListItem","position":1,"name":"Portada","item":"https:\/\/nuriaaebi.com\/es"},{"@type":"ListItem","position":2,"name":"Pol\u00edtica de Cookies"}]},{"@type":"WebSite","@id":"https:\/\/nuriaaebi.com\/#website","url":"https:\/\/nuriaaebi.com\/","name":"Gu\u00eda Turstico en C\u00f3rdoba, Espa\u00f1a. Deutsch \/ Italiano","description":"Visita guiada a C\u00f3rdoba - F\u00fchrung durch Cordoba auf Deutsch - Visita guidata di Cordova in italiano","potentialAction":[{"@type":"SearchAction","target":{"@type":"EntryPoint","urlTemplate":"https:\/\/nuriaaebi.com\/?s={search_term_string}"},"query-input":{"@type":"PropertyValueSpecification","valueRequired":true,"valueName":"search_term_string"}}],"inLanguage":"es"}]}},"_links":{"self":[{"href":"https:\/\/nuriaaebi.com\/es\/wp-json\/wp\/v2\/pages\/5188","targetHints":{"allow":["GET"]}}],"collection":[{"href":"https:\/\/nuriaaebi.com\/es\/wp-json\/wp\/v2\/pages"}],"about":[{"href":"https:\/\/nuriaaebi.com\/es\/wp-json\/wp\/v2\/types\/page"}],"author":[{"embeddable":true,"href":"https:\/\/nuriaaebi.com\/es\/wp-json\/wp\/v2\/users\/6"}],"replies":[{"embeddable":true,"href":"https:\/\/nuriaaebi.com\/es\/wp-json\/wp\/v2\/comments?post=5188"}],"version-history":[{"count":2,"href":"https:\/\/nuriaaebi.com\/es\/wp-json\/wp\/v2\/pages\/5188\/revisions"}],"predecessor-version":[{"id":5190,"href":"https:\/\/nuriaaebi.com\/es\/wp-json\/wp\/v2\/pages\/5188\/revisions\/5190"}],"wp:attachment":[{"href":"https:\/\/nuriaaebi.com\/es\/wp-json\/wp\/v2\/media?parent=5188"}],"curies":[{"name":"wp","href":"https:\/\/api.w.org\/{rel}","templated":true}]}}