{"id":5063,"date":"2020-07-20T17:02:28","date_gmt":"2020-07-20T15:02:28","guid":{"rendered":"https:\/\/nuriaaebi.com\/?page_id=5063"},"modified":"2021-05-06T10:09:20","modified_gmt":"2021-05-06T08:09:20","slug":"su-di-me","status":"publish","type":"page","link":"https:\/\/nuriaaebi.com\/it\/su-di-me","title":{"rendered":"Su di me"},"content":{"rendered":"<div class=\"wpb-content-wrapper\"><p>[vc_row row_type=&#8221;parallax&#8221; content_width=&#8221;grid&#8221; content_aligment=&#8221;center&#8221; full_screen_section_height=&#8221;no&#8221; parallax_background_image=&#8221;4752&#8243; parallax_speed=&#8221;1&#8243; css=&#8221;.vc_custom_1582059217941{background-position: center !important;background-repeat: no-repeat !important;background-size: contain !important;}&#8221;][vc_column][vc_empty_space height=&#8221;40px&#8221;][vc_empty_space height=&#8221;40px&#8221;][vc_column_text]<\/p>\n<h1 style=\"text-align: center;\"><span style=\"color: #ffffff;\"><strong>\u00a1Hola! Hallo! Ciao!<\/strong><\/span><\/h1>\n<p>[\/vc_column_text][vc_empty_space height=&#8221;40px&#8221;][vc_empty_space height=&#8221;40px&#8221;][vc_empty_space height=&#8221;80px&#8221;][vc_row_inner content_width=&#8221;grid&#8221;][vc_column_inner width=&#8221;1\/2&#8243; css=&#8221;.vc_custom_1591609586715{margin-right: 5px !important;margin-left: 5px !important;background-color: rgba(0,0,0,0.51) !important;*background-color: rgb(0,0,0) !important;}&#8221;][vc_column_text]<\/p>\n<h4 style=\"text-align: justify;\"><span style=\"color: #ffffff;\">\u201cCiao, mi chiamo Nuria e sar\u00f2 la vostra guida in questa meravigliosa citt\u00e0\u201d <\/span><\/h4>\n<p style=\"text-align: justify;\"><span style=\"color: #ffffff;\">Cos\u00ec\u00a0inizio sempre il mio tour. E far\u00f2 in modo\u00a0che la parola <strong>\u201cmeravigliosa\u201d<\/strong> rimanga\u00a0impressa nella tua memoria dopo aver visitato la mia citt\u00e0.<\/span><\/p>\n<p style=\"text-align: justify;\"><span style=\"color: #ffffff;\">Raccontarti <strong>qualche cosa\u00a0di me<\/strong>,\u00a0penso sia il modo migliore per capire perch\u00e8 faccio questo lavoro e naturalmente anche per capire come lo faccio<\/span><\/p>\n<p style=\"text-align: justify;\"><span style=\"color: #ffffff;\">Mi piace dire che sono una <strong>\u201ccordobesa\u201d<\/strong> ma che sono\u00a0originaria del\u00a0nord:\u00a0\u00a0<strong>mio padre \u00a0\u00e8\u00a0spagnolo\u00a0mentre mia madre \u00e8\u00a0svizzera<\/strong>.\u00a0Arrivai a Cordova\u00a0da\u00a0bambina,\u00a0mi sono sempre sentita spagnola senza rinnegare le mie radici svizzere.<\/span><\/p>\n<p style=\"text-align: justify;\"><span style=\"color: #ffffff;\">Sono laureata in <strong>filosofia<\/strong> e sono una amante della storia e delle\u00a0\u201cstorie di Cordova\u201d,\u00a0mi piace conversare con i visitatori ed apprendere la loro cultura\u00a0\u2026 Per tutto questo mi dedico a\u00a0<strong>\u201craccontare\u201d<\/strong>\u00a0questa citt\u00e0 <strong>nel mio stile<\/strong>, l\u2019unico che ho.<\/span><\/p>\n<p>[\/vc_column_text][vc_empty_space height=&#8221;20px&#8221;][vc_empty_space height=&#8221;20px&#8221;][\/vc_column_inner][vc_column_inner width=&#8221;1\/2&#8243;][\/vc_column_inner][\/vc_row_inner][vc_empty_space height=&#8221;80px&#8221;][\/vc_column][\/vc_row][vc_row content_width=&#8221;grid&#8221; content_aligment=&#8221;center&#8221;][vc_column width=&#8221;1\/2&#8243;][vc_empty_space height=&#8221;20px&#8221;][vc_empty_space height=&#8221;20px&#8221;][vc_column_text]<\/p>\n<p style=\"text-align: justify;\">Quando passeggio in queste stradine o guardo la moschea cattedrale con <strong>chi la vede per prima volta<\/strong>, mi piace lasciarmi trasportare\u00a0dalla emozione\u00a0che suscita in me\u00a0e far scoprire tutta la sua essenza con la sensibilit\u00e0 e\u00a0l\u2019affetto che ho verso questo edificio\u00a0ed i suoi luoghi.<\/p>\n<p style=\"text-align: justify;\">Sono una <strong>appassionata del mio lavoro<\/strong>\u00a0e vorrei che ogni visitatore possa portarsi a casa <strong>\u201cla mia emozione migliore\u201d<\/strong>.<\/p>\n<p style=\"text-align: justify;\">Una <strong>lingua e molto di pi\u00f9 che nuove parole<\/strong>, \u00e8 una cultura e anche un modo di capire il mondo, per\u00a0questo\u00a0ritorno sempre, quando posso,\u00a0in\u00a0<strong>Svizzera<\/strong>, per non perdere la connessione con questo modo di capire. Viaggio per aprire sempre i miei occhi e potere arricchire la mia comunicazione con te. Ma sempre con <strong>il mio sorriso e il mio accento<\/strong>,\u00a0di cui sono orgogliosa e\u00a0che spero\u00a0di non perdere mai.<\/p>\n<p>[\/vc_column_text][\/vc_column][vc_column width=&#8221;1\/2&#8243;][vc_empty_space height=&#8221;20px&#8221;][vc_empty_space height=&#8221;20px&#8221;][vc_single_image image=&#8221;4785&#8243; img_size=&#8221;full&#8221; alignment=&#8221;center&#8221;][\/vc_column][\/vc_row][vc_row content_width=&#8221;grid&#8221; content_aligment=&#8221;center&#8221;][vc_column][vc_empty_space height=&#8221;40px&#8221;]<div class=\"mkdf-separator-holder clearfix  mkdf-separator-center mkdf-separator-full-width\">\n\t<div class=\"mkdf-separator\" style=\"border-color: #0a0a0a\"><\/div>\n<\/div>\n[vc_empty_space height=&#8221;20px&#8221;][vc_column_text]<\/p>\n<h1 style=\"text-align: center;\">GRAZIE A LORO&#8230;<\/h1>\n<p>[\/vc_column_text][vc_row_inner][vc_column_inner width=&#8221;1\/2&#8243;][vc_column_text]Una buona\u00a0immagine <strong>ti pu\u00f2\u00a0appagare,\u00a0far sognare\u00a0ed anche emozionare<\/strong>\u2026 Tutte le fotografie\u00a0che ti propongo\u00a0per farti\u00a0interessare alla citt\u00e0 di\u00a0Cordova, vengono fatte\u00a0dal\u00a0mio fotografo\u00a0personale,\u00a0colui\u00a0che mi accompagna a passeggiare e trovare <strong>altri sguardi<\/strong>:\u00a0mio padre Carlos Di\u00e9guez.\u00a0Se ti piacciono le foto (e sono sicura di si!),\u00a0il merito e tutto suo. Poche cose possono farsi nella vita se uno\u00a0\u00e8\u00a0completamente solo. Per questo potrei ringraziare\u00a0tante\u00a0persone,\u00a0senza finire mai.[\/vc_column_text][vc_empty_space height=&#8221;20px&#8221;][vc_single_image image=&#8221;4801&#8243; img_size=&#8221;full&#8221; alignment=&#8221;center&#8221;][vc_empty_space height=&#8221;20px&#8221;][\/vc_column_inner][vc_column_inner width=&#8221;1\/2&#8243;][vc_column_text]Voglio\u00a0qui\u00a0menzionare B\u00e1rbara, mia madre, chi mi ha dedicato <strong>una infinita quantit\u00e0\u00a0del suo\u00a0tempo<\/strong>, della sua pazienza\u00a0e\u00a0mi ha\u00a0donato\u00a0tutta la sua eleganza. Invisibile ma sempre nei miei percorsi. Ringrazio anche la famiglia, gli\u00a0amici e qualche <strong>pazzo geniale<\/strong>. ;)[\/vc_column_text][vc_empty_space height=&#8221;100px&#8221;][vc_single_image image=&#8221;4845&#8243; img_size=&#8221;full&#8221; alignment=&#8221;center&#8221;][vc_empty_space height=&#8221;20px&#8221;][\/vc_column_inner][\/vc_row_inner][\/vc_column][\/vc_row][vc_row content_width=&#8221;grid&#8221; content_aligment=&#8221;center&#8221; css=&#8221;.vc_custom_1591609425146{background-color: #0a0a0a !important;}&#8221;][vc_column][vc_empty_space height=&#8221;20px&#8221;][vc_empty_space height=&#8221;20px&#8221;][vc_column_text]<\/p>\n<p style=\"text-align: justify;\"><span style=\"color: #f5f5f5;\">Spero che tutto questo ti abbia aiutato a\u00a0conoscermi di pi\u00f9\u00a0e <strong>capire il mio modo di lavorare<\/strong>. Se sei in questa citt\u00e0, con la tua\u00a0compagna\/compagno, con amici,\u00a0con la famiglia\u00a0o siete un gruppo,\u00a0far\u00f2\u00a0in modo che la <strong>vostra esperienza sia indimenticabile!<\/strong><\/span><\/p>\n<p>[\/vc_column_text][vc_empty_space height=&#8221;20px&#8221;][vc_empty_space height=&#8221;20px&#8221;][\/vc_column][\/vc_row][vc_row content_aligment=&#8221;center&#8221; css=&#8221;.vc_custom_1591609533762{background-color: #0a0a0a !important;}&#8221;][vc_column]<a href=\"\/it\/contatti\" target=\"_blank\"  class=\"mkdf-btn mkdf-btn-huge-full-width mkdf-btn-solid mkdf-btn-hover-solid\"  >\n\t<span class=\"mkdf-btn-text\">NE PARLIAMO?<\/span>\n\t\n\t<\/a>[\/vc_column][\/vc_row]<\/p>\n<\/div>","protected":false},"excerpt":{"rendered":"<p>[vc_row row_type=&#8221;parallax&#8221; content_width=&#8221;grid&#8221; content_aligment=&#8221;center&#8221; full_screen_section_height=&#8221;no&#8221; parallax_background_image=&#8221;4752&#8243; parallax_speed=&#8221;1&#8243; css=&#8221;.vc_custom_1582059217941{background-position: center !important;background-repeat: no-repeat !important;background-size: contain !important;}&#8221;][vc_column][vc_empty_space height=&#8221;40px&#8221;][vc_empty_space height=&#8221;40px&#8221;][vc_column_text] \u00a1Hola! Hallo! Ciao! [\/vc_column_text][vc_empty_space height=&#8221;40px&#8221;][vc_empty_space height=&#8221;40px&#8221;][vc_empty_space height=&#8221;80px&#8221;][vc_row_inner content_width=&#8221;grid&#8221;][vc_column_inner width=&#8221;1\/2&#8243; css=&#8221;.vc_custom_1591609586715{margin-right: 5px !important;margin-left: 5px !important;background-color: rgba(0,0,0,0.51) !important;*background-color: rgb(0,0,0) !important;}&#8221;][vc_column_text] \u201cCiao, mi chiamo Nuria e sar\u00f2 la vostra guida in questa meravigliosa citt\u00e0\u201d Cos\u00ec\u00a0inizio sempre il mio tour. E far\u00f2 in modo\u00a0che la parola \u201cmeravigliosa\u201d rimanga\u00a0impressa nella tua memoria dopo aver visitato la mia citt\u00e0. Raccontarti qualche cosa\u00a0di me,\u00a0penso sia il modo migliore per capire perch\u00e8 faccio questo lavoro e naturalmente anche per capire come lo [&hellip;]<\/p>\n","protected":false},"author":6,"featured_media":0,"parent":0,"menu_order":0,"comment_status":"closed","ping_status":"closed","template":"full-width.php","meta":{"_joinchat":[],"footnotes":""},"class_list":["post-5063","page","type-page","status-publish","hentry"],"yoast_head":"<!-- This site is optimized with the Yoast SEO plugin v27.3 - https:\/\/yoast.com\/product\/yoast-seo-wordpress\/ -->\n<title>Su di me - Guida turistica in C\u00f3rdoba. Tedesco\/ italiano<\/title>\n<meta name=\"description\" content=\"Su di me. Sono una cordobesa, di padre spagnolo e madre svizzera. Sono laureata infilosofia, e se vorrai, sar\u00f2 la tua guida a C\u00f3rdoba.\" \/>\n<meta name=\"robots\" content=\"index, follow, max-snippet:-1, max-image-preview:large, max-video-preview:-1\" \/>\n<link rel=\"canonical\" href=\"https:\/\/nuriaaebi.com\/it\/su-di-me\" \/>\n<meta property=\"og:locale\" content=\"it_IT\" \/>\n<meta property=\"og:type\" content=\"article\" \/>\n<meta property=\"og:title\" content=\"Su di me - Guida turistica in C\u00f3rdoba. Tedesco\/ italiano\" \/>\n<meta property=\"og:description\" content=\"Su di me. Sono una cordobesa, di padre spagnolo e madre svizzera. Sono laureata infilosofia, e se vorrai, sar\u00f2 la tua guida a C\u00f3rdoba.\" \/>\n<meta property=\"og:url\" content=\"https:\/\/nuriaaebi.com\/it\/su-di-me\" \/>\n<meta property=\"og:site_name\" content=\"Gu\u00eda Turstico en C\u00f3rdoba, Espa\u00f1a. Deutsch \/ Italiano\" \/>\n<meta property=\"article:modified_time\" content=\"2021-05-06T08:09:20+00:00\" \/>\n<meta name=\"twitter:card\" content=\"summary_large_image\" \/>\n<meta name=\"twitter:label1\" content=\"Tempo di lettura stimato\" \/>\n\t<meta name=\"twitter:data1\" content=\"3 minuti\" \/>\n<script type=\"application\/ld+json\" class=\"yoast-schema-graph\">{\"@context\":\"https:\\\/\\\/schema.org\",\"@graph\":[{\"@type\":\"WebPage\",\"@id\":\"https:\\\/\\\/nuriaaebi.com\\\/it\\\/su-di-me\",\"url\":\"https:\\\/\\\/nuriaaebi.com\\\/it\\\/su-di-me\",\"name\":\"Su di me - Guida turistica in C\u00f3rdoba. Tedesco\\\/ italiano\",\"isPartOf\":{\"@id\":\"https:\\\/\\\/nuriaaebi.com\\\/#website\"},\"datePublished\":\"2020-07-20T15:02:28+00:00\",\"dateModified\":\"2021-05-06T08:09:20+00:00\",\"description\":\"Su di me. Sono una cordobesa, di padre spagnolo e madre svizzera. Sono laureata infilosofia, e se vorrai, sar\u00f2 la tua guida a C\u00f3rdoba.\",\"breadcrumb\":{\"@id\":\"https:\\\/\\\/nuriaaebi.com\\\/it\\\/su-di-me#breadcrumb\"},\"inLanguage\":\"it-IT\",\"potentialAction\":[{\"@type\":\"ReadAction\",\"target\":[\"https:\\\/\\\/nuriaaebi.com\\\/it\\\/su-di-me\"]}]},{\"@type\":\"BreadcrumbList\",\"@id\":\"https:\\\/\\\/nuriaaebi.com\\\/it\\\/su-di-me#breadcrumb\",\"itemListElement\":[{\"@type\":\"ListItem\",\"position\":1,\"name\":\"Portada\",\"item\":\"https:\\\/\\\/nuriaaebi.com\\\/it\"},{\"@type\":\"ListItem\",\"position\":2,\"name\":\"Su di me\"}]},{\"@type\":\"WebSite\",\"@id\":\"https:\\\/\\\/nuriaaebi.com\\\/#website\",\"url\":\"https:\\\/\\\/nuriaaebi.com\\\/\",\"name\":\"Gu\u00eda Turstico en C\u00f3rdoba, Espa\u00f1a. Deutsch \\\/ Italiano\",\"description\":\"Visita guiada a C\u00f3rdoba - F\u00fchrung durch Cordoba auf Deutsch - Visita guidata di Cordova in italiano\",\"potentialAction\":[{\"@type\":\"SearchAction\",\"target\":{\"@type\":\"EntryPoint\",\"urlTemplate\":\"https:\\\/\\\/nuriaaebi.com\\\/?s={search_term_string}\"},\"query-input\":{\"@type\":\"PropertyValueSpecification\",\"valueRequired\":true,\"valueName\":\"search_term_string\"}}],\"inLanguage\":\"it-IT\"}]}<\/script>\n<!-- \/ Yoast SEO plugin. -->","yoast_head_json":{"title":"Su di me - Guida turistica in C\u00f3rdoba. Tedesco\/ italiano","description":"Su di me. Sono una cordobesa, di padre spagnolo e madre svizzera. Sono laureata infilosofia, e se vorrai, sar\u00f2 la tua guida a C\u00f3rdoba.","robots":{"index":"index","follow":"follow","max-snippet":"max-snippet:-1","max-image-preview":"max-image-preview:large","max-video-preview":"max-video-preview:-1"},"canonical":"https:\/\/nuriaaebi.com\/it\/su-di-me","og_locale":"it_IT","og_type":"article","og_title":"Su di me - Guida turistica in C\u00f3rdoba. Tedesco\/ italiano","og_description":"Su di me. Sono una cordobesa, di padre spagnolo e madre svizzera. Sono laureata infilosofia, e se vorrai, sar\u00f2 la tua guida a C\u00f3rdoba.","og_url":"https:\/\/nuriaaebi.com\/it\/su-di-me","og_site_name":"Gu\u00eda Turstico en C\u00f3rdoba, Espa\u00f1a. Deutsch \/ Italiano","article_modified_time":"2021-05-06T08:09:20+00:00","twitter_card":"summary_large_image","twitter_misc":{"Tempo di lettura stimato":"3 minuti"},"schema":{"@context":"https:\/\/schema.org","@graph":[{"@type":"WebPage","@id":"https:\/\/nuriaaebi.com\/it\/su-di-me","url":"https:\/\/nuriaaebi.com\/it\/su-di-me","name":"Su di me - Guida turistica in C\u00f3rdoba. Tedesco\/ italiano","isPartOf":{"@id":"https:\/\/nuriaaebi.com\/#website"},"datePublished":"2020-07-20T15:02:28+00:00","dateModified":"2021-05-06T08:09:20+00:00","description":"Su di me. Sono una cordobesa, di padre spagnolo e madre svizzera. Sono laureata infilosofia, e se vorrai, sar\u00f2 la tua guida a C\u00f3rdoba.","breadcrumb":{"@id":"https:\/\/nuriaaebi.com\/it\/su-di-me#breadcrumb"},"inLanguage":"it-IT","potentialAction":[{"@type":"ReadAction","target":["https:\/\/nuriaaebi.com\/it\/su-di-me"]}]},{"@type":"BreadcrumbList","@id":"https:\/\/nuriaaebi.com\/it\/su-di-me#breadcrumb","itemListElement":[{"@type":"ListItem","position":1,"name":"Portada","item":"https:\/\/nuriaaebi.com\/it"},{"@type":"ListItem","position":2,"name":"Su di me"}]},{"@type":"WebSite","@id":"https:\/\/nuriaaebi.com\/#website","url":"https:\/\/nuriaaebi.com\/","name":"Gu\u00eda Turstico en C\u00f3rdoba, Espa\u00f1a. Deutsch \/ Italiano","description":"Visita guiada a C\u00f3rdoba - F\u00fchrung durch Cordoba auf Deutsch - Visita guidata di Cordova in italiano","potentialAction":[{"@type":"SearchAction","target":{"@type":"EntryPoint","urlTemplate":"https:\/\/nuriaaebi.com\/?s={search_term_string}"},"query-input":{"@type":"PropertyValueSpecification","valueRequired":true,"valueName":"search_term_string"}}],"inLanguage":"it-IT"}]}},"_links":{"self":[{"href":"https:\/\/nuriaaebi.com\/it\/wp-json\/wp\/v2\/pages\/5063","targetHints":{"allow":["GET"]}}],"collection":[{"href":"https:\/\/nuriaaebi.com\/it\/wp-json\/wp\/v2\/pages"}],"about":[{"href":"https:\/\/nuriaaebi.com\/it\/wp-json\/wp\/v2\/types\/page"}],"author":[{"embeddable":true,"href":"https:\/\/nuriaaebi.com\/it\/wp-json\/wp\/v2\/users\/6"}],"replies":[{"embeddable":true,"href":"https:\/\/nuriaaebi.com\/it\/wp-json\/wp\/v2\/comments?post=5063"}],"version-history":[{"count":15,"href":"https:\/\/nuriaaebi.com\/it\/wp-json\/wp\/v2\/pages\/5063\/revisions"}],"predecessor-version":[{"id":5318,"href":"https:\/\/nuriaaebi.com\/it\/wp-json\/wp\/v2\/pages\/5063\/revisions\/5318"}],"wp:attachment":[{"href":"https:\/\/nuriaaebi.com\/it\/wp-json\/wp\/v2\/media?parent=5063"}],"curies":[{"name":"wp","href":"https:\/\/api.w.org\/{rel}","templated":true}]}}