{"id":5073,"date":"2020-07-20T17:30:06","date_gmt":"2020-07-20T15:30:06","guid":{"rendered":"https:\/\/nuriaaebi.com\/?page_id=5073"},"modified":"2026-04-08T14:25:52","modified_gmt":"2026-04-08T12:25:52","slug":"visita-guidata-del-quartiere-ebraico","status":"publish","type":"page","link":"https:\/\/nuriaaebi.com\/it\/visita-guidata-del-quartiere-ebraico","title":{"rendered":"Quartiere ebraico"},"content":{"rendered":"<div class=\"wpb-content-wrapper\"><p>[vc_row row_type=&#8221;parallax&#8221; content_aligment=&#8221;center&#8221; full_screen_section_height=&#8221;no&#8221; parallax_background_image=&#8221;4872&#8243; parallax_speed=&#8221;0.2&#8243; css=&#8221;.vc_custom_1591621989569{background-color: #ffffff !important;background-position: center !important;background-repeat: no-repeat !important;background-size: cover !important;}&#8221;][vc_column][vc_empty_space height=&#8221;80&#8243;][vc_column_text css=&#8221;&#8221;]<\/p>\n<h1 style=\"text-align: center;\"><span style=\"color: #ffffff;\"><b>Passeggiata nel quartiere ebraico di C\u00f3rdoba<\/b>:<\/span><\/h1>\n<h1 style=\"text-align: center;\"><span style=\"color: #ffffff;\"><b>un percorso imprescindibile nella storia sefardita <\/b><\/span><\/h1>\n<div id=\"gtx-trans\" style=\"position: absolute; left: 196px; top: -0.5625px;\">\n<div class=\"gtx-trans-icon\"><\/div>\n<\/div>\n<p>[\/vc_column_text][vc_empty_space height=&#8221;80&#8243;][vc_empty_space height=&#8221;80&#8243;][\/vc_column][\/vc_row][vc_row content_width=&#8221;grid&#8221; content_aligment=&#8221;center&#8221; css=&#8221;.vc_custom_1582060697273{background-color: #ffffff !important;}&#8221;][vc_column][vc_empty_space height=&#8221;20&#8243;][vc_empty_space height=&#8221;20&#8243;][vc_column_text css=&#8221;&#8221;]<\/p>\n<p style=\"text-align: justify;\"><span style=\"font-weight: 400;\">Passeggiare nel quartiere ebraico di C\u00f3rdoba \u00e8 molto pi\u00f9 che perdersi tra vicoli stretti e cortili pieni di fascino: \u00e8 entrare in una storia che ha segnato profondamente l\u2019identit\u00e0 della citt\u00e0. Questo quartiere, dichiarato Patrimonio dell\u2019Umanit\u00e0 dall\u2019UNESCO, invita a vivere un\u2019esperienza che unisce cultura, bellezza architettonica ed emozione in ogni angolo. <\/span><\/p>\n<p style=\"text-align: justify;\"><span style=\"font-weight: 400;\">Nel Medioevo, C\u00f3rdoba fu uno dei grandi centri culturali del mondo, e la comunit\u00e0 ebraica ebbe un ruolo fondamentale in questo splendore. Medici, traduttori, filosofi, poeti e commercianti facevano parte attiva della vita cittadina. Tra loro spicca Maimonide, nato qui nel XII secolo, la cui figura continua a essere fonte di ispirazione ancora oggi.<\/span><\/p>\n<p>[\/vc_column_text][vc_empty_space height=&#8221;20&#8243;][vc_row_inner content_width=&#8221;grid&#8221;][vc_column_inner width=&#8221;1\/2&#8243; css=&#8221;.vc_custom_1775651135776{border-top-width: 1px !important;border-right-width: 1px !important;border-bottom-width: 1px !important;border-left-width: 1px !important;border-left-style: solid !important;border-right-style: solid !important;border-top-style: solid !important;border-bottom-style: solid !important;border-color: #0a0a0a !important;}&#8221;][vc_column_text css=&#8221;&#8221;]<\/p>\n<h2><b>Cosa vedere nel quartiere ebraico di C\u00f3rdoba <\/b><\/h2>\n<p><span style=\"font-weight: 400;\">La Juder\u00eda di C\u00f3rdoba fa parte della rete Caminos de Sefarad, dedicata alla conservazione del patrimonio ebraico e del suo valore storico e artistico. Durante il percorso, ogni angolo racconta una parte di questa storia: <\/span><\/p>\n<ul>\n<li>La <a href=\"https:\/\/www.turismodecordoba.org\/sinagoga\">Sinagoga di C\u00f3rdoba<\/a>, una delle poche conservate in Spagna, dove si pu\u00f2 apprezzare l\u2019influenza dell\u2019arte mud\u00e9jar.<\/li>\n<li>La statua di Maimonide, simbolo del pensiero e della cultura sefardita.<\/li>\n<li>Il Zoco Municipale, spazio dedicato all\u2019artigianato tradizionale che conserva l\u2019essenza dell\u2019antico mercato.<\/li>\n<li>Vicoli pittoreschi come la Calleja de las Flores, dove ogni dettaglio sembra raccontare una storia.<\/li>\n<\/ul>\n<p>[\/vc_column_text][vc_empty_space height=&#8221;20&#8243;][\/vc_column_inner][vc_column_inner width=&#8221;1\/2&#8243;][vc_single_image image=&#8221;4884&#8243; img_size=&#8221;full&#8221; alignment=&#8221;center&#8221; css=&#8221;&#8221;][\/vc_column_inner][\/vc_row_inner][vc_empty_space height=&#8221;20&#8243;][\/vc_column][\/vc_row][vc_row content_width=&#8221;grid&#8221; content_aligment=&#8221;center&#8221; css=&#8221;.vc_custom_1582060697273{background-color: #ffffff !important;}&#8221;][vc_column][vc_empty_space height=&#8221;20&#8243;][vc_empty_space height=&#8221;20&#8243;][vc_column_text css=&#8221;&#8221;]<\/p>\n<h2 style=\"text-align: center;\"><b>Visitare la Juder\u00eda con una guida <\/b><\/h2>\n<p style=\"text-align: left;\">Passeggiare per queste strade \u00e8 come fare un viaggio nel tempo. Ma farlo con una visita guidata trasforma completamente l\u2019esperienza. Le pietre acquistano significato, i simboli si rivelano e il passato diventa pi\u00f9 vicino.<\/p>\n<p style=\"text-align: left;\">Scoprire la Juder\u00eda con una guida locale significa entrare davvero nell\u2019anima della citt\u00e0, comprendere meglio le sue tradizioni e cogliere dettagli che altrimenti passerebbero inosservati.<\/p>\n<p>[\/vc_column_text][vc_empty_space height=&#8221;20&#8243;][vc_row_inner content_width=&#8221;grid&#8221;][vc_column_inner width=&#8221;1\/2&#8243; css=&#8221;.vc_custom_1759313571465{border-top-width: 1px !important;border-right-width: 1px !important;border-bottom-width: 1px !important;border-left-width: 1px !important;border-left-style: none !important;border-right-style: none !important;border-top-style: none !important;border-bottom-style: none !important;border-color: #0a0a0a !important;}&#8221;][vc_column_text css=&#8221;&#8221;]<\/p>\n<h2><strong>Consigli per la tua passeggiata nel quartiere ebraico<\/strong><\/h2>\n<ul>\n<li><span style=\"font-weight: 400;\">Visita il quartiere al mattino presto o al tramonto per goderti un\u2019atmosfera pi\u00f9 tranquilla.<\/span><\/li>\n<li><span style=\"font-weight: 400;\">Dedica almeno mezza giornata e, se possibile, abbina la visita alla Moschea-Cattedrale.<\/span><\/li>\n<li><span style=\"font-weight: 400;\">Indossa scarpe comode: il pavimento acciottolato fa parte del fascino del quartiere.<\/span><\/li>\n<\/ul>\n<p><span style=\"font-weight: 400;\">La Juder\u00eda di C\u00f3rdoba \u00e8 uno dei quartieri pi\u00f9 affascinanti e caratteristici della Spagna, un luogo dove il passato \u00e8 ancora presente. Percorrerla significa comprendere davvero la citt\u00e0, e farlo con una guida rende l\u2019esperienza ancora pi\u00f9 ricca e memorabile.<\/span>[\/vc_column_text][vc_empty_space height=&#8221;20&#8243;][\/vc_column_inner][vc_column_inner width=&#8221;1\/2&#8243;][vc_single_image image=&#8221;4878&#8243; img_size=&#8221;full&#8221; alignment=&#8221;center&#8221; css=&#8221;&#8221;][\/vc_column_inner][\/vc_row_inner][vc_empty_space height=&#8221;20&#8243;][\/vc_column][\/vc_row][vc_row content_width=&#8221;grid&#8221; content_aligment=&#8221;center&#8221; css=&#8221;.vc_custom_1582060697273{background-color: #ffffff !important;}&#8221;][vc_column][vc_empty_space height=&#8221;20&#8243;][vc_empty_space height=&#8221;20&#8243;][vc_column_text css=&#8221;&#8221;]<\/p>\n<h2 style=\"text-align: center;\"><strong>Informazioni sulla visita guidata a piedi nel quartiere ebraico<\/strong><\/h2>\n<p>[\/vc_column_text][vc_empty_space height=&#8221;20&#8243;][vc_empty_space height=&#8221;20&#8243;][vc_row_inner][vc_column_inner width=&#8221;1\/3&#8243;]<div class=\"mkdf-iwt clearfix mkdf-iwt-icon-top mkdf-iwt-icon-medium\">\n    <div class=\"mkdf-iwt-icon\">\n                                        <span class=\"mkdf-icon-shortcode mkdf-normal mkdf-icon-medium\"   data-color=\"#DD9933\">\n                    <i class=\"mkdf-icon-font-awesome fa fa-clock-o mkdf-icon-element\" style=\"color: #DD9933\" ><\/i>            <\/span>\n                        <\/div>\n    <div class=\"mkdf-iwt-content\" >\n\t    \t        <h4 class=\"mkdf-iwt-title\" >\n\t\t\t    \t               Durata approssimativa della visita 1 ora\t\t\t                <\/h4>\n\t    \t\t    <\/div>\n<\/div>[\/vc_column_inner][vc_column_inner width=&#8221;1\/3&#8243;]<div class=\"mkdf-iwt clearfix mkdf-iwt-icon-top mkdf-iwt-icon-medium\">\n    <div class=\"mkdf-iwt-icon\">\n                                        <span class=\"mkdf-icon-shortcode mkdf-normal mkdf-icon-medium\"   data-color=\"#DD9933\">\n                    <i class=\"mkdf-icon-font-awesome fa fa-headphones mkdf-icon-element\" style=\"color: #DD9933\" ><\/i>            <\/span>\n                        <\/div>\n    <div class=\"mkdf-iwt-content\" >\n\t    \t        <h4 class=\"mkdf-iwt-title\" >\n\t\t\t    \t               I gruppi composti da 7 a 10 persone devono essere accompagnati da una guida radio\t\t\t                <\/h4>\n\t    \t\t    <\/div>\n<\/div>[\/vc_column_inner][vc_column_inner width=&#8221;1\/3&#8243;]<div class=\"mkdf-iwt clearfix mkdf-iwt-icon-top mkdf-iwt-icon-medium\">\n    <div class=\"mkdf-iwt-icon\">\n                                        <span class=\"mkdf-icon-shortcode mkdf-normal mkdf-icon-medium\"   data-color=\"#DD9933\">\n                    <i class=\"mkdf-icon-font-awesome fa fa-wheelchair mkdf-icon-element\" style=\"color: #DD9933\" ><\/i>            <\/span>\n                        <\/div>\n    <div class=\"mkdf-iwt-content\" >\n\t    \t        <h4 class=\"mkdf-iwt-title\" >\n\t\t\t    \t               L&#039;accesso con sedia a rotelle o deambulatore \u00e8 difficile\t\t\t                <\/h4>\n\t    \t\t    <\/div>\n<\/div>[\/vc_column_inner][\/vc_row_inner][vc_row_inner][vc_column_inner][vc_empty_space height=&#8221;80&#8243;][\/vc_column_inner][\/vc_row_inner][\/vc_column][\/vc_row][vc_row content_aligment=&#8221;center&#8221;][vc_column width=&#8221;1\/2&#8243;][vc_single_image image=&#8221;4887&#8243; img_size=&#8221;full&#8221; alignment=&#8221;center&#8221; css=&#8221;&#8221;][\/vc_column][vc_column width=&#8221;1\/2&#8243;][vc_single_image image=&#8221;4881&#8243; img_size=&#8221;full&#8221; alignment=&#8221;center&#8221; css=&#8221;&#8221;][\/vc_column][\/vc_row][vc_row content_aligment=&#8221;center&#8221;][vc_column]<a href=\"https:\/\/nuriaaebi.com\/it\/contatti\" target=\"_blank\"  class=\"mkdf-btn mkdf-btn-huge-full-width mkdf-btn-solid mkdf-btn-custom-hover-bg mkdf-btn-custom-border-hover mkdf-btn-hover-solid\"  data-hover-bg-color=\"#363636\" data-hover-border-color=\"#363636\" >\n\t<span class=\"mkdf-btn-text\">NE PARLIAMO?<\/span>\n\t\n\t<\/a>[\/vc_column][\/vc_row]<\/p>\n<\/div>","protected":false},"excerpt":{"rendered":"<p>[vc_row row_type=&#8221;parallax&#8221; content_aligment=&#8221;center&#8221; full_screen_section_height=&#8221;no&#8221; parallax_background_image=&#8221;4872&#8243; parallax_speed=&#8221;0.2&#8243; css=&#8221;.vc_custom_1591621989569{background-color: #ffffff !important;background-position: center !important;background-repeat: no-repeat !important;background-size: cover !important;}&#8221;][vc_column][vc_empty_space height=&#8221;80&#8243;][vc_column_text css=&#8221;&#8221;] Passeggiata nel quartiere ebraico di C\u00f3rdoba: un percorso imprescindibile nella storia sefardita [\/vc_column_text][vc_empty_space height=&#8221;80&#8243;][vc_empty_space height=&#8221;80&#8243;][\/vc_column][\/vc_row][vc_row content_width=&#8221;grid&#8221; content_aligment=&#8221;center&#8221; css=&#8221;.vc_custom_1582060697273{background-color: #ffffff !important;}&#8221;][vc_column][vc_empty_space height=&#8221;20&#8243;][vc_empty_space height=&#8221;20&#8243;][vc_column_text css=&#8221;&#8221;] Passeggiare nel quartiere ebraico di C\u00f3rdoba \u00e8 molto pi\u00f9 che perdersi tra vicoli stretti e cortili pieni di fascino: \u00e8 entrare in una storia che ha segnato profondamente l\u2019identit\u00e0 della citt\u00e0. Questo quartiere, dichiarato Patrimonio dell\u2019Umanit\u00e0 dall\u2019UNESCO, invita a vivere un\u2019esperienza che unisce cultura, bellezza architettonica ed emozione in ogni [&hellip;]<\/p>\n","protected":false},"author":6,"featured_media":4874,"parent":0,"menu_order":0,"comment_status":"closed","ping_status":"closed","template":"full-width.php","meta":{"_joinchat":[],"footnotes":""},"class_list":["post-5073","page","type-page","status-publish","has-post-thumbnail","hentry"],"yoast_head":"<!-- This site is optimized with the Yoast SEO plugin v27.3 - https:\/\/yoast.com\/product\/yoast-seo-wordpress\/ -->\n<title>Visita Guidata del Quartiere ebraico. Guida turistica in C\u00f3rdoba - Nuria Aebi<\/title>\n<meta name=\"description\" content=\"Quartiere ebraico. Intorno alla MoscheaCattedrale si trova il quartiere ebraico. E\u2019 un labirinto di stradine, in cui perdersi \u00e8 un piacere.\" \/>\n<meta name=\"robots\" content=\"index, follow, max-snippet:-1, max-image-preview:large, max-video-preview:-1\" \/>\n<link rel=\"canonical\" href=\"https:\/\/nuriaaebi.com\/it\/visita-guidata-del-quartiere-ebraico\" \/>\n<meta property=\"og:locale\" content=\"it_IT\" \/>\n<meta property=\"og:type\" content=\"article\" \/>\n<meta property=\"og:title\" content=\"Visita Guidata del Quartiere ebraico. Guida turistica in C\u00f3rdoba - Nuria Aebi\" \/>\n<meta property=\"og:description\" content=\"Quartiere ebraico. Intorno alla MoscheaCattedrale si trova il quartiere ebraico. E\u2019 un labirinto di stradine, in cui perdersi \u00e8 un piacere.\" \/>\n<meta property=\"og:url\" content=\"https:\/\/nuriaaebi.com\/it\/visita-guidata-del-quartiere-ebraico\" \/>\n<meta property=\"og:site_name\" content=\"Gu\u00eda Turstico en C\u00f3rdoba, Espa\u00f1a. Deutsch \/ Italiano\" \/>\n<meta property=\"article:modified_time\" content=\"2026-04-08T12:25:52+00:00\" \/>\n<meta property=\"og:image\" content=\"https:\/\/nuriaaebi.com\/wp-content\/uploads\/2020\/06\/juderia_portada.jpg\" \/>\n\t<meta property=\"og:image:width\" content=\"1920\" \/>\n\t<meta property=\"og:image:height\" content=\"1080\" \/>\n\t<meta property=\"og:image:type\" content=\"image\/jpeg\" \/>\n<meta name=\"twitter:card\" content=\"summary_large_image\" \/>\n<meta name=\"twitter:label1\" content=\"Tempo di lettura stimato\" \/>\n\t<meta name=\"twitter:data1\" content=\"4 minuti\" \/>\n<script type=\"application\/ld+json\" class=\"yoast-schema-graph\">{\"@context\":\"https:\\\/\\\/schema.org\",\"@graph\":[{\"@type\":\"WebPage\",\"@id\":\"https:\\\/\\\/nuriaaebi.com\\\/it\\\/visita-guidata-del-quartiere-ebraico\",\"url\":\"https:\\\/\\\/nuriaaebi.com\\\/it\\\/visita-guidata-del-quartiere-ebraico\",\"name\":\"Visita Guidata del Quartiere ebraico. Guida turistica in C\u00f3rdoba - Nuria Aebi\",\"isPartOf\":{\"@id\":\"https:\\\/\\\/nuriaaebi.com\\\/#website\"},\"primaryImageOfPage\":{\"@id\":\"https:\\\/\\\/nuriaaebi.com\\\/it\\\/visita-guidata-del-quartiere-ebraico#primaryimage\"},\"image\":{\"@id\":\"https:\\\/\\\/nuriaaebi.com\\\/it\\\/visita-guidata-del-quartiere-ebraico#primaryimage\"},\"thumbnailUrl\":\"https:\\\/\\\/nuriaaebi.com\\\/wp-content\\\/uploads\\\/2020\\\/06\\\/juderia_portada.jpg\",\"datePublished\":\"2020-07-20T15:30:06+00:00\",\"dateModified\":\"2026-04-08T12:25:52+00:00\",\"description\":\"Quartiere ebraico. Intorno alla MoscheaCattedrale si trova il quartiere ebraico. E\u2019 un labirinto di stradine, in cui perdersi \u00e8 un piacere.\",\"breadcrumb\":{\"@id\":\"https:\\\/\\\/nuriaaebi.com\\\/it\\\/visita-guidata-del-quartiere-ebraico#breadcrumb\"},\"inLanguage\":\"it-IT\",\"potentialAction\":[{\"@type\":\"ReadAction\",\"target\":[\"https:\\\/\\\/nuriaaebi.com\\\/it\\\/visita-guidata-del-quartiere-ebraico\"]}]},{\"@type\":\"ImageObject\",\"inLanguage\":\"it-IT\",\"@id\":\"https:\\\/\\\/nuriaaebi.com\\\/it\\\/visita-guidata-del-quartiere-ebraico#primaryimage\",\"url\":\"https:\\\/\\\/nuriaaebi.com\\\/wp-content\\\/uploads\\\/2020\\\/06\\\/juderia_portada.jpg\",\"contentUrl\":\"https:\\\/\\\/nuriaaebi.com\\\/wp-content\\\/uploads\\\/2020\\\/06\\\/juderia_portada.jpg\",\"width\":1920,\"height\":1080},{\"@type\":\"BreadcrumbList\",\"@id\":\"https:\\\/\\\/nuriaaebi.com\\\/it\\\/visita-guidata-del-quartiere-ebraico#breadcrumb\",\"itemListElement\":[{\"@type\":\"ListItem\",\"position\":1,\"name\":\"Portada\",\"item\":\"https:\\\/\\\/nuriaaebi.com\\\/it\"},{\"@type\":\"ListItem\",\"position\":2,\"name\":\"Quartiere ebraico\"}]},{\"@type\":\"WebSite\",\"@id\":\"https:\\\/\\\/nuriaaebi.com\\\/#website\",\"url\":\"https:\\\/\\\/nuriaaebi.com\\\/\",\"name\":\"Gu\u00eda Turstico en C\u00f3rdoba, Espa\u00f1a. Deutsch \\\/ Italiano\",\"description\":\"Visita guiada a C\u00f3rdoba - F\u00fchrung durch Cordoba auf Deutsch - Visita guidata di Cordova in italiano\",\"potentialAction\":[{\"@type\":\"SearchAction\",\"target\":{\"@type\":\"EntryPoint\",\"urlTemplate\":\"https:\\\/\\\/nuriaaebi.com\\\/?s={search_term_string}\"},\"query-input\":{\"@type\":\"PropertyValueSpecification\",\"valueRequired\":true,\"valueName\":\"search_term_string\"}}],\"inLanguage\":\"it-IT\"}]}<\/script>\n<!-- \/ Yoast SEO plugin. -->","yoast_head_json":{"title":"Visita Guidata del Quartiere ebraico. Guida turistica in C\u00f3rdoba - Nuria Aebi","description":"Quartiere ebraico. Intorno alla MoscheaCattedrale si trova il quartiere ebraico. E\u2019 un labirinto di stradine, in cui perdersi \u00e8 un piacere.","robots":{"index":"index","follow":"follow","max-snippet":"max-snippet:-1","max-image-preview":"max-image-preview:large","max-video-preview":"max-video-preview:-1"},"canonical":"https:\/\/nuriaaebi.com\/it\/visita-guidata-del-quartiere-ebraico","og_locale":"it_IT","og_type":"article","og_title":"Visita Guidata del Quartiere ebraico. Guida turistica in C\u00f3rdoba - Nuria Aebi","og_description":"Quartiere ebraico. Intorno alla MoscheaCattedrale si trova il quartiere ebraico. E\u2019 un labirinto di stradine, in cui perdersi \u00e8 un piacere.","og_url":"https:\/\/nuriaaebi.com\/it\/visita-guidata-del-quartiere-ebraico","og_site_name":"Gu\u00eda Turstico en C\u00f3rdoba, Espa\u00f1a. Deutsch \/ Italiano","article_modified_time":"2026-04-08T12:25:52+00:00","og_image":[{"width":1920,"height":1080,"url":"https:\/\/nuriaaebi.com\/wp-content\/uploads\/2020\/06\/juderia_portada.jpg","type":"image\/jpeg"}],"twitter_card":"summary_large_image","twitter_misc":{"Tempo di lettura stimato":"4 minuti"},"schema":{"@context":"https:\/\/schema.org","@graph":[{"@type":"WebPage","@id":"https:\/\/nuriaaebi.com\/it\/visita-guidata-del-quartiere-ebraico","url":"https:\/\/nuriaaebi.com\/it\/visita-guidata-del-quartiere-ebraico","name":"Visita Guidata del Quartiere ebraico. Guida turistica in C\u00f3rdoba - Nuria Aebi","isPartOf":{"@id":"https:\/\/nuriaaebi.com\/#website"},"primaryImageOfPage":{"@id":"https:\/\/nuriaaebi.com\/it\/visita-guidata-del-quartiere-ebraico#primaryimage"},"image":{"@id":"https:\/\/nuriaaebi.com\/it\/visita-guidata-del-quartiere-ebraico#primaryimage"},"thumbnailUrl":"https:\/\/nuriaaebi.com\/wp-content\/uploads\/2020\/06\/juderia_portada.jpg","datePublished":"2020-07-20T15:30:06+00:00","dateModified":"2026-04-08T12:25:52+00:00","description":"Quartiere ebraico. Intorno alla MoscheaCattedrale si trova il quartiere ebraico. E\u2019 un labirinto di stradine, in cui perdersi \u00e8 un piacere.","breadcrumb":{"@id":"https:\/\/nuriaaebi.com\/it\/visita-guidata-del-quartiere-ebraico#breadcrumb"},"inLanguage":"it-IT","potentialAction":[{"@type":"ReadAction","target":["https:\/\/nuriaaebi.com\/it\/visita-guidata-del-quartiere-ebraico"]}]},{"@type":"ImageObject","inLanguage":"it-IT","@id":"https:\/\/nuriaaebi.com\/it\/visita-guidata-del-quartiere-ebraico#primaryimage","url":"https:\/\/nuriaaebi.com\/wp-content\/uploads\/2020\/06\/juderia_portada.jpg","contentUrl":"https:\/\/nuriaaebi.com\/wp-content\/uploads\/2020\/06\/juderia_portada.jpg","width":1920,"height":1080},{"@type":"BreadcrumbList","@id":"https:\/\/nuriaaebi.com\/it\/visita-guidata-del-quartiere-ebraico#breadcrumb","itemListElement":[{"@type":"ListItem","position":1,"name":"Portada","item":"https:\/\/nuriaaebi.com\/it"},{"@type":"ListItem","position":2,"name":"Quartiere ebraico"}]},{"@type":"WebSite","@id":"https:\/\/nuriaaebi.com\/#website","url":"https:\/\/nuriaaebi.com\/","name":"Gu\u00eda Turstico en C\u00f3rdoba, Espa\u00f1a. Deutsch \/ Italiano","description":"Visita guiada a C\u00f3rdoba - F\u00fchrung durch Cordoba auf Deutsch - Visita guidata di Cordova in italiano","potentialAction":[{"@type":"SearchAction","target":{"@type":"EntryPoint","urlTemplate":"https:\/\/nuriaaebi.com\/?s={search_term_string}"},"query-input":{"@type":"PropertyValueSpecification","valueRequired":true,"valueName":"search_term_string"}}],"inLanguage":"it-IT"}]}},"_links":{"self":[{"href":"https:\/\/nuriaaebi.com\/it\/wp-json\/wp\/v2\/pages\/5073","targetHints":{"allow":["GET"]}}],"collection":[{"href":"https:\/\/nuriaaebi.com\/it\/wp-json\/wp\/v2\/pages"}],"about":[{"href":"https:\/\/nuriaaebi.com\/it\/wp-json\/wp\/v2\/types\/page"}],"author":[{"embeddable":true,"href":"https:\/\/nuriaaebi.com\/it\/wp-json\/wp\/v2\/users\/6"}],"replies":[{"embeddable":true,"href":"https:\/\/nuriaaebi.com\/it\/wp-json\/wp\/v2\/comments?post=5073"}],"version-history":[{"count":18,"href":"https:\/\/nuriaaebi.com\/it\/wp-json\/wp\/v2\/pages\/5073\/revisions"}],"predecessor-version":[{"id":5486,"href":"https:\/\/nuriaaebi.com\/it\/wp-json\/wp\/v2\/pages\/5073\/revisions\/5486"}],"wp:featuredmedia":[{"embeddable":true,"href":"https:\/\/nuriaaebi.com\/it\/wp-json\/wp\/v2\/media\/4874"}],"wp:attachment":[{"href":"https:\/\/nuriaaebi.com\/it\/wp-json\/wp\/v2\/media?parent=5073"}],"curies":[{"name":"wp","href":"https:\/\/api.w.org\/{rel}","templated":true}]}}