{"id":5075,"date":"2020-07-20T17:36:04","date_gmt":"2020-07-20T15:36:04","guid":{"rendered":"https:\/\/nuriaaebi.com\/?page_id=5075"},"modified":"2026-04-08T14:27:22","modified_gmt":"2026-04-08T12:27:22","slug":"visita-guiata-alla-moschea-cattedrale-di-cordova","status":"publish","type":"page","link":"https:\/\/nuriaaebi.com\/it\/visita-guiata-alla-moschea-cattedrale-di-cordova","title":{"rendered":"Moschea Cattedrale di Cordova"},"content":{"rendered":"<div class=\"wpb-content-wrapper\"><p>[vc_row row_type=&#8221;parallax&#8221; content_aligment=&#8221;center&#8221; full_screen_section_height=&#8221;no&#8221; parallax_background_image=&#8221;4599&#8243; parallax_speed=&#8221;0.2&#8243; css=&#8221;.vc_custom_1775649001752{background-color: #ffffff !important;background-position: center !important;background-repeat: no-repeat !important;background-size: cover !important;}&#8221;][vc_column][vc_empty_space height=&#8221;80&#8243;][vc_column_text css=&#8221;&#8221;]<\/p>\n<h1 style=\"text-align: center;\"><span style=\"color: #ffffff;\"><b>La Moschea-Cattedrale di C\u00f3rdoba:<\/b><\/span><\/h1>\n<h1 style=\"text-align: center;\"><span style=\"color: #ffffff;\"><b>scoprire il cuore della citt\u00e0 <\/b><\/span><\/h1>\n<div id=\"gtx-trans\" style=\"position: absolute; left: 196px; top: -0.5625px;\">\n<div class=\"gtx-trans-icon\"><\/div>\n<\/div>\n<p>[\/vc_column_text][vc_empty_space height=&#8221;80&#8243;][vc_empty_space height=&#8221;80&#8243;][\/vc_column][\/vc_row][vc_row content_width=&#8221;grid&#8221; content_aligment=&#8221;center&#8221; css=&#8221;.vc_custom_1582060697273{background-color: #ffffff !important;}&#8221;][vc_column][vc_empty_space height=&#8221;20&#8243;][vc_empty_space height=&#8221;20&#8243;][vc_column_text css=&#8221;&#8221;]<\/p>\n<p style=\"text-align: left;\"><span style=\"font-weight: 400;\">Visitare C\u00f3rdoba senza entrare nella Moschea-Cattedrale sarebbe come perdere il cuore della citt\u00e0. Questo monumento, dichiarato Patrimonio dell\u2019Umanit\u00e0, \u00e8 molto pi\u00f9 di un semplice edificio: \u00e8 un luogo capace di emozionare fin dal primo istante, un\u2019esperienza che coinvolge i sensi e invita a scoprire la storia della citt\u00e0 in modo profondo e autentico.<\/span><\/p>\n<p style=\"text-align: left;\"><span style=\"font-weight: 400;\">Appena si entra, lo sguardo viene catturato da una foresta apparentemente infinita di colonne e archi rossi e bianchi. Questa struttura crea un\u2019atmosfera quasi magica, difficile da descrivere a parole. La luce, le forme e il silenzio invitano a camminare lentamente, a lasciarsi trasportare e a percepire la storia che si respira in ogni angolo. <\/span><\/p>\n<p>[\/vc_column_text][vc_empty_space height=&#8221;20&#8243;][vc_row_inner content_width=&#8221;grid&#8221;][vc_column_inner width=&#8221;1\/2&#8243; css=&#8221;.vc_custom_1775651239153{border-top-width: 1px !important;border-right-width: 1px !important;border-bottom-width: 1px !important;border-left-width: 1px !important;border-left-style: solid !important;border-right-style: solid !important;border-top-style: solid !important;border-bottom-style: solid !important;border-color: #0a0a0a !important;}&#8221;][vc_column_text css=&#8221;&#8221;]<\/p>\n<h2><b>Cosa rende unica la Moschea-Cattedrale di C\u00f3rdoba?<\/b><\/h2>\n<p><span style=\"font-weight: 400;\">La grandezza della Moschea-Cattedrale non risiede soltanto nella sua straordinaria architettura, ma soprattutto in ci\u00f2 che rappresenta: l\u2019incontro e la convivenza di culture diverse che, nel corso dei secoli, hanno lasciato qui la loro impronta. \u00c8 un luogo che invita alla riflessione e che riesce a sorprendere anche chi lo visita pi\u00f9 volte. Ogni visita \u00e8 diversa: si scoprono nuovi dettagli, nuove prospettive e piccoli elementi che spesso passano inosservati a uno sguardo frettoloso. <\/span>[\/vc_column_text][vc_empty_space height=&#8221;20&#8243;][\/vc_column_inner][vc_column_inner width=&#8221;1\/2&#8243;][vc_single_image image=&#8221;4613&#8243; img_size=&#8221;full&#8221; alignment=&#8221;center&#8221; css=&#8221;&#8221;][\/vc_column_inner][\/vc_row_inner][vc_empty_space height=&#8221;20&#8243;][\/vc_column][\/vc_row][vc_row content_width=&#8221;grid&#8221; content_aligment=&#8221;center&#8221; css=&#8221;.vc_custom_1582060697273{background-color: #ffffff !important;}&#8221;][vc_column][vc_empty_space height=&#8221;20&#8243;][vc_empty_space height=&#8221;20&#8243;][vc_column_text css=&#8221;&#8221;]<\/p>\n<h2 style=\"text-align: center;\"><b>Visitare la Moschea-Cattedrale con una guida<\/b><\/h2>\n<p style=\"text-align: left;\"><span style=\"font-weight: 400;\">Visitare la Moschea-Cattedrale in autonomia \u00e8 gi\u00e0 un\u2019esperienza affascinante, ma farlo con una visita guidata la rende ancora pi\u00f9 completa e coinvolgente. Grazie a una spiegazione chiara e appassionata: i simboli diventano comprensibili &#8211; si comprende l\u2019evoluzione storica dell\u2019edificio &#8211; emergono dettagli che altrimenti passerebbero inosservati.<\/span><\/p>\n<p style=\"text-align: left;\"><span style=\"font-weight: 400;\">In questo modo, la visita non \u00e8 solo visiva, ma diventa anche culturale ed emozionale, permettendo di comprendere davvero l\u2019importanza di questo luogo unico al mondo.<\/span><\/p>\n<p>[\/vc_column_text][vc_empty_space height=&#8221;20&#8243;][vc_row_inner content_width=&#8221;grid&#8221;][vc_column_inner width=&#8221;1\/2&#8243; css=&#8221;.vc_custom_1759313571465{border-top-width: 1px !important;border-right-width: 1px !important;border-bottom-width: 1px !important;border-left-width: 1px !important;border-left-style: none !important;border-right-style: none !important;border-top-style: none !important;border-bottom-style: none !important;border-color: #0a0a0a !important;}&#8221;][vc_column_text css=&#8221;&#8221;]<\/p>\n<h2><strong>Consigli per la tua visita alla Moschea<\/strong><\/h2>\n<ul>\n<li><span style=\"font-weight: 400;\">Prenditi il tempo necessario e percorri lo spazio con calma.<\/span><\/li>\n<li><span style=\"font-weight: 400;\">Osserva come la luce cambia durante il percorso.<\/span><\/li>\n<li><span style=\"font-weight: 400;\">Se possibile, scegli orari meno affollati per goderti l\u2019atmosfera.<\/span><\/li>\n<\/ul>\n<p><span style=\"font-weight: 400;\">La Moschea-Cattedrale \u00e8 l\u2019anima di C\u00f3rdoba. Un luogo che non si limita a essere visitato, ma che si vive. Entrarvi significa comprendere davvero la citt\u00e0, lasciarsi sorprendere e portare con s\u00e9 un ricordo profondo e indimenticabile.<\/span>[\/vc_column_text][vc_empty_space height=&#8221;20&#8243;][\/vc_column_inner][vc_column_inner width=&#8221;1\/2&#8243;][vc_single_image image=&#8221;4595&#8243; img_size=&#8221;full&#8221; alignment=&#8221;center&#8221; css=&#8221;&#8221;][\/vc_column_inner][\/vc_row_inner][vc_empty_space height=&#8221;20&#8243;][\/vc_column][\/vc_row][vc_row content_width=&#8221;grid&#8221; content_aligment=&#8221;center&#8221; css=&#8221;.vc_custom_1582060697273{background-color: #ffffff !important;}&#8221;][vc_column][vc_empty_space height=&#8221;20&#8243;][vc_empty_space height=&#8221;20&#8243;][vc_column_text css=&#8221;&#8221;]<\/p>\n<h2 style=\"text-align: center;\"><strong>Informazioni sulla visita guidata a piedi alla Moschea-Cattedrale<\/strong><\/h2>\n<p>[\/vc_column_text][vc_empty_space height=&#8221;20&#8243;][vc_empty_space height=&#8221;20&#8243;][vc_row_inner][vc_column_inner width=&#8221;1\/3&#8243;]<div class=\"mkdf-iwt clearfix mkdf-iwt-icon-top mkdf-iwt-icon-medium\">\n    <div class=\"mkdf-iwt-icon\">\n                                        <span class=\"mkdf-icon-shortcode mkdf-normal mkdf-icon-medium\"   data-color=\"#DD9933\">\n                    <i class=\"mkdf-icon-font-awesome fa fa-clock-o mkdf-icon-element\" style=\"color: #DD9933\" ><\/i>            <\/span>\n                        <\/div>\n    <div class=\"mkdf-iwt-content\" >\n\t    \t        <h4 class=\"mkdf-iwt-title\" >\n\t\t\t    \t               Durata approssimativa della visita 1 ora\t\t\t                <\/h4>\n\t    \t\t    <\/div>\n<\/div>[\/vc_column_inner][vc_column_inner width=&#8221;1\/3&#8243;]<div class=\"mkdf-iwt clearfix mkdf-iwt-icon-top mkdf-iwt-icon-medium\">\n    <div class=\"mkdf-iwt-icon\">\n                                        <span class=\"mkdf-icon-shortcode mkdf-normal mkdf-icon-medium\"   data-color=\"#DD9933\">\n                    <i class=\"mkdf-icon-font-awesome fa fa-headphones mkdf-icon-element\" style=\"color: #DD9933\" ><\/i>            <\/span>\n                        <\/div>\n    <div class=\"mkdf-iwt-content\" >\n\t    \t        <h4 class=\"mkdf-iwt-title\" >\n\t\t\t    \t               I gruppi composti da 6 a 10 persone devono essere accompagnati da una guida radio\t\t\t                <\/h4>\n\t    \t\t    <\/div>\n<\/div>[\/vc_column_inner][vc_column_inner width=&#8221;1\/3&#8243;]<div class=\"mkdf-iwt clearfix mkdf-iwt-icon-top mkdf-iwt-icon-medium\">\n    <div class=\"mkdf-iwt-icon\">\n                                        <span class=\"mkdf-icon-shortcode mkdf-normal mkdf-icon-medium\"   data-color=\"#DD9933\">\n                    <i class=\"mkdf-icon-font-awesome fa fa-wheelchair mkdf-icon-element\" style=\"color: #DD9933\" ><\/i>            <\/span>\n                        <\/div>\n    <div class=\"mkdf-iwt-content\" >\n\t    \t        <h4 class=\"mkdf-iwt-title\" >\n\t\t\t    \t               \u00c8 possibile richiedere una sedia a rotelle e gli accessi sono attrezzati per le persone con mobilit\u00e0 ridotta\t\t\t                <\/h4>\n\t    \t\t    <\/div>\n<\/div>[\/vc_column_inner][\/vc_row_inner][vc_row_inner][vc_column_inner][vc_empty_space height=&#8221;80&#8243;][\/vc_column_inner][\/vc_row_inner][\/vc_column][\/vc_row][vc_row content_aligment=&#8221;center&#8221;][vc_column width=&#8221;1\/2&#8243;][vc_single_image image=&#8221;4598&#8243; img_size=&#8221;full&#8221; alignment=&#8221;center&#8221; css=&#8221;&#8221;][\/vc_column][vc_column width=&#8221;1\/2&#8243;][vc_single_image image=&#8221;4610&#8243; img_size=&#8221;full&#8221; alignment=&#8221;center&#8221; css=&#8221;&#8221;][\/vc_column][\/vc_row][vc_row content_aligment=&#8221;center&#8221;][vc_column]<a href=\"\/it\/contatti\" target=\"_blank\"  class=\"mkdf-btn mkdf-btn-huge-full-width mkdf-btn-solid mkdf-btn-custom-hover-bg mkdf-btn-custom-border-hover mkdf-btn-hover-solid\"  data-hover-bg-color=\"#363636\" data-hover-border-color=\"#363636\" >\n\t<span class=\"mkdf-btn-text\">NE PARLIAMO?<\/span>\n\t\n\t<\/a>[\/vc_column][\/vc_row]<\/p>\n<\/div>","protected":false},"excerpt":{"rendered":"<p>[vc_row row_type=&#8221;parallax&#8221; content_aligment=&#8221;center&#8221; full_screen_section_height=&#8221;no&#8221; parallax_background_image=&#8221;4599&#8243; parallax_speed=&#8221;0.2&#8243; css=&#8221;.vc_custom_1775649001752{background-color: #ffffff !important;background-position: center !important;background-repeat: no-repeat !important;background-size: cover !important;}&#8221;][vc_column][vc_empty_space height=&#8221;80&#8243;][vc_column_text css=&#8221;&#8221;] La Moschea-Cattedrale di C\u00f3rdoba: scoprire il cuore della citt\u00e0 [\/vc_column_text][vc_empty_space height=&#8221;80&#8243;][vc_empty_space height=&#8221;80&#8243;][\/vc_column][\/vc_row][vc_row content_width=&#8221;grid&#8221; content_aligment=&#8221;center&#8221; css=&#8221;.vc_custom_1582060697273{background-color: #ffffff !important;}&#8221;][vc_column][vc_empty_space height=&#8221;20&#8243;][vc_empty_space height=&#8221;20&#8243;][vc_column_text css=&#8221;&#8221;] Visitare C\u00f3rdoba senza entrare nella Moschea-Cattedrale sarebbe come perdere il cuore della citt\u00e0. Questo monumento, dichiarato Patrimonio dell\u2019Umanit\u00e0, \u00e8 molto pi\u00f9 di un semplice edificio: \u00e8 un luogo capace di emozionare fin dal primo istante, un\u2019esperienza che coinvolge i sensi e invita a scoprire la storia della citt\u00e0 in modo profondo e autentico. [&hellip;]<\/p>\n","protected":false},"author":6,"featured_media":0,"parent":0,"menu_order":0,"comment_status":"closed","ping_status":"closed","template":"full-width.php","meta":{"_joinchat":[],"footnotes":""},"class_list":["post-5075","page","type-page","status-publish","hentry"],"yoast_head":"<!-- This site is optimized with the Yoast SEO plugin v27.3 - https:\/\/yoast.com\/product\/yoast-seo-wordpress\/ -->\n<title>Visita Guiata alla Moschea Cattedrale. Guida turistica in C\u00f3rdoba- Nuria Aebi<\/title>\n<meta name=\"description\" content=\"La Moschea Cattedrale. Monumentodichiarato patrimonio dell\u2019umanit\u00e0, \u00e8 uno dei monumenti pi\u00f9 imponenti della Spagna.\" \/>\n<meta name=\"robots\" content=\"index, follow, max-snippet:-1, max-image-preview:large, max-video-preview:-1\" \/>\n<link rel=\"canonical\" href=\"https:\/\/nuriaaebi.com\/it\/visita-guiata-alla-moschea-cattedrale-di-cordova\" \/>\n<meta property=\"og:locale\" content=\"it_IT\" \/>\n<meta property=\"og:type\" content=\"article\" \/>\n<meta property=\"og:title\" content=\"Visita Guiata alla Moschea Cattedrale. Guida turistica in C\u00f3rdoba- Nuria Aebi\" \/>\n<meta property=\"og:description\" content=\"La Moschea Cattedrale. Monumentodichiarato patrimonio dell\u2019umanit\u00e0, \u00e8 uno dei monumenti pi\u00f9 imponenti della Spagna.\" \/>\n<meta property=\"og:url\" content=\"https:\/\/nuriaaebi.com\/it\/visita-guiata-alla-moschea-cattedrale-di-cordova\" \/>\n<meta property=\"og:site_name\" content=\"Gu\u00eda Turstico en C\u00f3rdoba, Espa\u00f1a. Deutsch \/ Italiano\" \/>\n<meta property=\"article:modified_time\" content=\"2026-04-08T12:27:22+00:00\" \/>\n<meta name=\"twitter:card\" content=\"summary_large_image\" \/>\n<meta name=\"twitter:label1\" content=\"Tempo di lettura stimato\" \/>\n\t<meta name=\"twitter:data1\" content=\"3 minuti\" \/>\n<script type=\"application\/ld+json\" class=\"yoast-schema-graph\">{\"@context\":\"https:\\\/\\\/schema.org\",\"@graph\":[{\"@type\":\"WebPage\",\"@id\":\"https:\\\/\\\/nuriaaebi.com\\\/it\\\/visita-guiata-alla-moschea-cattedrale-di-cordova\",\"url\":\"https:\\\/\\\/nuriaaebi.com\\\/it\\\/visita-guiata-alla-moschea-cattedrale-di-cordova\",\"name\":\"Visita Guiata alla Moschea Cattedrale. Guida turistica in C\u00f3rdoba- Nuria Aebi\",\"isPartOf\":{\"@id\":\"https:\\\/\\\/nuriaaebi.com\\\/#website\"},\"datePublished\":\"2020-07-20T15:36:04+00:00\",\"dateModified\":\"2026-04-08T12:27:22+00:00\",\"description\":\"La Moschea Cattedrale. Monumentodichiarato patrimonio dell\u2019umanit\u00e0, \u00e8 uno dei monumenti pi\u00f9 imponenti della Spagna.\",\"breadcrumb\":{\"@id\":\"https:\\\/\\\/nuriaaebi.com\\\/it\\\/visita-guiata-alla-moschea-cattedrale-di-cordova#breadcrumb\"},\"inLanguage\":\"it-IT\",\"potentialAction\":[{\"@type\":\"ReadAction\",\"target\":[\"https:\\\/\\\/nuriaaebi.com\\\/it\\\/visita-guiata-alla-moschea-cattedrale-di-cordova\"]}]},{\"@type\":\"BreadcrumbList\",\"@id\":\"https:\\\/\\\/nuriaaebi.com\\\/it\\\/visita-guiata-alla-moschea-cattedrale-di-cordova#breadcrumb\",\"itemListElement\":[{\"@type\":\"ListItem\",\"position\":1,\"name\":\"Portada\",\"item\":\"https:\\\/\\\/nuriaaebi.com\\\/it\"},{\"@type\":\"ListItem\",\"position\":2,\"name\":\"Moschea Cattedrale di Cordova\"}]},{\"@type\":\"WebSite\",\"@id\":\"https:\\\/\\\/nuriaaebi.com\\\/#website\",\"url\":\"https:\\\/\\\/nuriaaebi.com\\\/\",\"name\":\"Gu\u00eda Turstico en C\u00f3rdoba, Espa\u00f1a. Deutsch \\\/ Italiano\",\"description\":\"Visita guiada a C\u00f3rdoba - F\u00fchrung durch Cordoba auf Deutsch - Visita guidata di Cordova in italiano\",\"potentialAction\":[{\"@type\":\"SearchAction\",\"target\":{\"@type\":\"EntryPoint\",\"urlTemplate\":\"https:\\\/\\\/nuriaaebi.com\\\/?s={search_term_string}\"},\"query-input\":{\"@type\":\"PropertyValueSpecification\",\"valueRequired\":true,\"valueName\":\"search_term_string\"}}],\"inLanguage\":\"it-IT\"}]}<\/script>\n<!-- \/ Yoast SEO plugin. -->","yoast_head_json":{"title":"Visita Guiata alla Moschea Cattedrale. Guida turistica in C\u00f3rdoba- Nuria Aebi","description":"La Moschea Cattedrale. Monumentodichiarato patrimonio dell\u2019umanit\u00e0, \u00e8 uno dei monumenti pi\u00f9 imponenti della Spagna.","robots":{"index":"index","follow":"follow","max-snippet":"max-snippet:-1","max-image-preview":"max-image-preview:large","max-video-preview":"max-video-preview:-1"},"canonical":"https:\/\/nuriaaebi.com\/it\/visita-guiata-alla-moschea-cattedrale-di-cordova","og_locale":"it_IT","og_type":"article","og_title":"Visita Guiata alla Moschea Cattedrale. Guida turistica in C\u00f3rdoba- Nuria Aebi","og_description":"La Moschea Cattedrale. Monumentodichiarato patrimonio dell\u2019umanit\u00e0, \u00e8 uno dei monumenti pi\u00f9 imponenti della Spagna.","og_url":"https:\/\/nuriaaebi.com\/it\/visita-guiata-alla-moschea-cattedrale-di-cordova","og_site_name":"Gu\u00eda Turstico en C\u00f3rdoba, Espa\u00f1a. Deutsch \/ Italiano","article_modified_time":"2026-04-08T12:27:22+00:00","twitter_card":"summary_large_image","twitter_misc":{"Tempo di lettura stimato":"3 minuti"},"schema":{"@context":"https:\/\/schema.org","@graph":[{"@type":"WebPage","@id":"https:\/\/nuriaaebi.com\/it\/visita-guiata-alla-moschea-cattedrale-di-cordova","url":"https:\/\/nuriaaebi.com\/it\/visita-guiata-alla-moschea-cattedrale-di-cordova","name":"Visita Guiata alla Moschea Cattedrale. Guida turistica in C\u00f3rdoba- Nuria Aebi","isPartOf":{"@id":"https:\/\/nuriaaebi.com\/#website"},"datePublished":"2020-07-20T15:36:04+00:00","dateModified":"2026-04-08T12:27:22+00:00","description":"La Moschea Cattedrale. Monumentodichiarato patrimonio dell\u2019umanit\u00e0, \u00e8 uno dei monumenti pi\u00f9 imponenti della Spagna.","breadcrumb":{"@id":"https:\/\/nuriaaebi.com\/it\/visita-guiata-alla-moschea-cattedrale-di-cordova#breadcrumb"},"inLanguage":"it-IT","potentialAction":[{"@type":"ReadAction","target":["https:\/\/nuriaaebi.com\/it\/visita-guiata-alla-moschea-cattedrale-di-cordova"]}]},{"@type":"BreadcrumbList","@id":"https:\/\/nuriaaebi.com\/it\/visita-guiata-alla-moschea-cattedrale-di-cordova#breadcrumb","itemListElement":[{"@type":"ListItem","position":1,"name":"Portada","item":"https:\/\/nuriaaebi.com\/it"},{"@type":"ListItem","position":2,"name":"Moschea Cattedrale di Cordova"}]},{"@type":"WebSite","@id":"https:\/\/nuriaaebi.com\/#website","url":"https:\/\/nuriaaebi.com\/","name":"Gu\u00eda Turstico en C\u00f3rdoba, Espa\u00f1a. Deutsch \/ Italiano","description":"Visita guiada a C\u00f3rdoba - F\u00fchrung durch Cordoba auf Deutsch - Visita guidata di Cordova in italiano","potentialAction":[{"@type":"SearchAction","target":{"@type":"EntryPoint","urlTemplate":"https:\/\/nuriaaebi.com\/?s={search_term_string}"},"query-input":{"@type":"PropertyValueSpecification","valueRequired":true,"valueName":"search_term_string"}}],"inLanguage":"it-IT"}]}},"_links":{"self":[{"href":"https:\/\/nuriaaebi.com\/it\/wp-json\/wp\/v2\/pages\/5075","targetHints":{"allow":["GET"]}}],"collection":[{"href":"https:\/\/nuriaaebi.com\/it\/wp-json\/wp\/v2\/pages"}],"about":[{"href":"https:\/\/nuriaaebi.com\/it\/wp-json\/wp\/v2\/types\/page"}],"author":[{"embeddable":true,"href":"https:\/\/nuriaaebi.com\/it\/wp-json\/wp\/v2\/users\/6"}],"replies":[{"embeddable":true,"href":"https:\/\/nuriaaebi.com\/it\/wp-json\/wp\/v2\/comments?post=5075"}],"version-history":[{"count":21,"href":"https:\/\/nuriaaebi.com\/it\/wp-json\/wp\/v2\/pages\/5075\/revisions"}],"predecessor-version":[{"id":5488,"href":"https:\/\/nuriaaebi.com\/it\/wp-json\/wp\/v2\/pages\/5075\/revisions\/5488"}],"wp:attachment":[{"href":"https:\/\/nuriaaebi.com\/it\/wp-json\/wp\/v2\/media?parent=5075"}],"curies":[{"name":"wp","href":"https:\/\/api.w.org\/{rel}","templated":true}]}}