{"id":5077,"date":"2020-07-20T17:41:00","date_gmt":"2020-07-20T15:41:00","guid":{"rendered":"https:\/\/nuriaaebi.com\/?page_id=5077"},"modified":"2026-04-10T10:07:19","modified_gmt":"2026-04-10T08:07:19","slug":"visita-guidata-di-cordova","status":"publish","type":"page","link":"https:\/\/nuriaaebi.com\/it\/visita-guidata-di-cordova","title":{"rendered":"Una passeggiata tranquila"},"content":{"rendered":"<div class=\"wpb-content-wrapper\"><p>[vc_row row_type=&#8221;parallax&#8221; content_aligment=&#8221;center&#8221; full_screen_section_height=&#8221;no&#8221; parallax_background_image=&#8221;4888&#8243; parallax_speed=&#8221;0.2&#8243; css=&#8221;.vc_custom_1591622378410{background-color: #ffffff !important;background-position: center !important;background-repeat: no-repeat !important;background-size: cover !important;}&#8221;][vc_column][vc_empty_space height=&#8221;80&#8243;][vc_column_text css=&#8221;&#8221;]<\/p>\n<h1 style=\"text-align: center;\"><span style=\"color: #ffffff;\"><b>Scoprire C\u00f3rdoba:<\/b><\/span><\/h1>\n<h1 style=\"text-align: center;\"><span style=\"color: #ffffff;\"><b>una passeggiata autentica tra le sue strade <\/b><\/span><\/h1>\n<div id=\"gtx-trans\" style=\"position: absolute; left: 196px; top: -0.5625px;\">\n<div class=\"gtx-trans-icon\"><\/div>\n<\/div>\n<p>[\/vc_column_text][vc_empty_space height=&#8221;80&#8243;][vc_empty_space height=&#8221;80&#8243;][\/vc_column][\/vc_row][vc_row content_width=&#8221;grid&#8221; content_aligment=&#8221;center&#8221; css=&#8221;.vc_custom_1582060697273{background-color: #ffffff !important;}&#8221;][vc_column][vc_empty_space height=&#8221;20&#8243;][vc_empty_space height=&#8221;20&#8243;][vc_column_text css=&#8221;&#8221;]<\/p>\n<p style=\"text-align: left;\"><span style=\"font-weight: 400;\">C\u00f3rdoba non si scopre solo attraverso i suoi grandi monumenti. La citt\u00e0 si vive soprattutto camminando, immergendosi nelle sue strade e nei suoi angoli pi\u00f9 nascosti, proprio come fanno gli abitanti ogni giorno.<\/span><\/p>\n<p style=\"text-align: left;\"><span style=\"font-weight: 400;\">Questa passeggiata \u00e8 pensata per chi desidera approfondire la visita e conoscere C\u00f3rdoba in modo pi\u00f9 tranquillo, intimo e autentico.\u00a0<\/span><\/p>\n<p>[\/vc_column_text][vc_empty_space height=&#8221;20&#8243;][vc_row_inner content_width=&#8221;grid&#8221;][vc_column_inner width=&#8221;1\/2&#8243; css=&#8221;.vc_custom_1775651227138{border-top-width: 1px !important;border-right-width: 1px !important;border-bottom-width: 1px !important;border-left-width: 1px !important;border-left-style: solid !important;border-right-style: solid !important;border-top-style: solid !important;border-bottom-style: solid !important;border-color: #0a0a0a !important;}&#8221;][vc_column_text css=&#8221;&#8221;]<\/p>\n<h2><b>C\u00f3rdoba oltre i monumenti <\/b><\/h2>\n<p><span style=\"font-weight: 400;\">Lontano dal caos delle vie principali, la citt\u00e0 si rivela in una forma diversa: piccole piazze silenziose, fontane che invitano a fermarsi e vicoli che sembrano non finire mai e che conducono a luoghi inaspettati. Durante il percorso, ogni angolo nasconde una sorpresa:<\/span><\/p>\n<ul>\n<li><span style=\"font-weight: 400;\">Un edificio antico che resiste al passare del tempo.<\/span><\/li>\n<li><span style=\"font-weight: 400;\">Una scala che conduce a uno scorcio inatteso.<\/span><\/li>\n<li><span style=\"font-weight: 400;\">Un luogo dove la calma e l\u2019atmosfera diventano protagoniste.<\/span><\/li>\n<\/ul>\n<p><span style=\"font-weight: 400;\">\u00c8 qui che C\u00f3rdoba mostra il suo lato pi\u00f9 autentico. <\/span>[\/vc_column_text][vc_empty_space height=&#8221;20&#8243;][\/vc_column_inner][vc_column_inner width=&#8221;1\/2&#8243;][vc_single_image image=&#8221;4894&#8243; img_size=&#8221;full&#8221; alignment=&#8221;center&#8221; css=&#8221;&#8221;][\/vc_column_inner][\/vc_row_inner][vc_empty_space height=&#8221;20&#8243;][\/vc_column][\/vc_row][vc_row content_width=&#8221;grid&#8221; content_aligment=&#8221;center&#8221; css=&#8221;.vc_custom_1582060697273{background-color: #ffffff !important;}&#8221;][vc_column][vc_empty_space height=&#8221;20&#8243;][vc_empty_space height=&#8221;20&#8243;][vc_column_text css=&#8221;&#8221;]<\/p>\n<h2 style=\"text-align: center;\"><b>Una passeggiata flessibile e su misura <\/b><\/h2>\n<p style=\"text-align: left;\"><span style=\"font-weight: 400;\">Ci\u00f2 che rende speciale questo percorso \u00e8 l\u2019assenza di un itinerario rigido. La passeggiata si adatta al ritmo del gruppo e al momento:<\/span><\/p>\n<ul style=\"text-align: left;\">\n<li><span style=\"font-weight: 400;\">A volte pi\u00f9 breve, a volte pi\u00f9 lunga.<\/span><\/li>\n<li><span style=\"font-weight: 400;\">A volte pi\u00f9 dinamica, a volte pi\u00f9 contemplativa.<\/span><\/li>\n<li><span style=\"font-weight: 400;\">Sempre aperta alla scoperta.<\/span><\/li>\n<\/ul>\n<p style=\"text-align: left;\"><span style=\"font-weight: 400;\">Questa flessibilit\u00e0 permette di vivere C\u00f3rdoba come farebbe un abitante locale: senza fretta, con curiosit\u00e0 e con attenzione ai piccoli dettagli.\u00a0<\/span><\/p>\n<p>[\/vc_column_text][vc_empty_space height=&#8221;20&#8243;][vc_row_inner content_width=&#8221;grid&#8221;][vc_column_inner width=&#8221;1\/2&#8243; css=&#8221;.vc_custom_1759313571465{border-top-width: 1px !important;border-right-width: 1px !important;border-bottom-width: 1px !important;border-left-width: 1px !important;border-left-style: none !important;border-right-style: none !important;border-top-style: none !important;border-bottom-style: none !important;border-color: #0a0a0a !important;}&#8221;][vc_column_text css=&#8221;&#8221;]<\/p>\n<h2>Consigli per una passeggiata a C\u00f3rdoba<\/h2>\n<ul>\n<li><span style=\"font-weight: 400;\">Prenditi il tempo necessario e goditi il percorso senza fretta.<\/span><\/li>\n<li><span style=\"font-weight: 400;\">Osserva i dettagli: sono quelli che rendono unica l\u2019esperienza.<\/span><\/li>\n<li><span style=\"font-weight: 400;\">Lasciati sorprendere da ci\u00f2 che non \u00e8 previsto.<\/span><\/li>\n<\/ul>\n<p><span style=\"font-weight: 400;\">Passeggiare per C\u00f3rdoba \u00e8 un\u2019esperienza diversa, ideale per chi cerca qualcosa oltre i grandi monumenti: un modo per sentire davvero l\u2019essenza della citt\u00e0 e scoprirne la bellezza pi\u00f9 nascosta.<\/span>[\/vc_column_text][vc_empty_space height=&#8221;20&#8243;][\/vc_column_inner][vc_column_inner width=&#8221;1\/2&#8243;][vc_single_image image=&#8221;4900&#8243; img_size=&#8221;full&#8221; alignment=&#8221;center&#8221; css=&#8221;&#8221;][\/vc_column_inner][\/vc_row_inner][vc_empty_space height=&#8221;20&#8243;][\/vc_column][\/vc_row][vc_row content_width=&#8221;grid&#8221; content_aligment=&#8221;center&#8221; css=&#8221;.vc_custom_1582060697273{background-color: #ffffff !important;}&#8221;][vc_column][vc_empty_space height=&#8221;20&#8243;][vc_empty_space height=&#8221;20&#8243;][vc_column_text css=&#8221;&#8221;]<\/p>\n<h2 style=\"text-align: center;\">Informazioni sulla passeggiata guidata a C\u00f3rdoba<\/h2>\n<p>[\/vc_column_text][vc_empty_space height=&#8221;20&#8243;][vc_empty_space height=&#8221;20&#8243;][vc_row_inner][vc_column_inner width=&#8221;1\/3&#8243;]<div class=\"mkdf-iwt clearfix mkdf-iwt-icon-top mkdf-iwt-icon-medium\">\n    <div class=\"mkdf-iwt-icon\">\n                                        <span class=\"mkdf-icon-shortcode mkdf-normal mkdf-icon-medium\"   data-color=\"#DD9933\">\n                    <i class=\"mkdf-icon-font-awesome fa fa-clock-o mkdf-icon-element\" style=\"color: #DD9933\" ><\/i>            <\/span>\n                        <\/div>\n    <div class=\"mkdf-iwt-content\" >\n\t    \t        <h4 class=\"mkdf-iwt-title\" >\n\t\t\t    \t               Durata approssimativa della visita 2 ora\t\t\t                <\/h4>\n\t    \t\t    <\/div>\n<\/div>[\/vc_column_inner][vc_column_inner width=&#8221;1\/3&#8243;]<div class=\"mkdf-iwt clearfix mkdf-iwt-icon-top mkdf-iwt-icon-medium\">\n    <div class=\"mkdf-iwt-icon\">\n                                        <span class=\"mkdf-icon-shortcode mkdf-normal mkdf-icon-medium\"   data-color=\"#DD9933\">\n                    <i class=\"mkdf-icon-font-awesome fa fa-headphones mkdf-icon-element\" style=\"color: #DD9933\" ><\/i>            <\/span>\n                        <\/div>\n    <div class=\"mkdf-iwt-content\" >\n\t    \t        <h4 class=\"mkdf-iwt-title\" >\n\t\t\t    \t               I gruppi con pi\u00f9 di 10 persone necessitano di radioguide\t\t\t                <\/h4>\n\t    \t\t    <\/div>\n<\/div>[\/vc_column_inner][vc_column_inner width=&#8221;1\/3&#8243;]<div class=\"mkdf-iwt clearfix mkdf-iwt-icon-top mkdf-iwt-icon-medium\">\n    <div class=\"mkdf-iwt-icon\">\n                                        <span class=\"mkdf-icon-shortcode mkdf-normal mkdf-icon-medium\"   data-color=\"#DD9933\">\n                    <i class=\"mkdf-icon-font-awesome fa fa-wheelchair mkdf-icon-element\" style=\"color: #DD9933\" ><\/i>            <\/span>\n                        <\/div>\n    <div class=\"mkdf-iwt-content\" >\n\t    \t        <h4 class=\"mkdf-iwt-title\" >\n\t\t\t    \t               Sedie a rotelle e deambulatori sono sconsigliati\t\t\t                <\/h4>\n\t    \t\t    <\/div>\n<\/div>[\/vc_column_inner][\/vc_row_inner][vc_row_inner][vc_column_inner][vc_empty_space height=&#8221;80&#8243;][\/vc_column_inner][\/vc_row_inner][\/vc_column][\/vc_row][vc_row content_aligment=&#8221;center&#8221;][vc_column width=&#8221;1\/2&#8243;][vc_single_image image=&#8221;4897&#8243; img_size=&#8221;full&#8221; alignment=&#8221;center&#8221; css=&#8221;&#8221;][\/vc_column][vc_column width=&#8221;1\/2&#8243;][vc_single_image image=&#8221;4903&#8243; img_size=&#8221;full&#8221; alignment=&#8221;center&#8221; css=&#8221;&#8221;][\/vc_column][\/vc_row][vc_row content_aligment=&#8221;center&#8221;][vc_column]<a href=\"\/it\/contatti\" target=\"_blank\"  class=\"mkdf-btn mkdf-btn-huge-full-width mkdf-btn-solid mkdf-btn-custom-hover-bg mkdf-btn-custom-border-hover mkdf-btn-hover-solid\"  data-hover-bg-color=\"#363636\" data-hover-border-color=\"#363636\" >\n\t<span class=\"mkdf-btn-text\">NE PARLIAMO?<\/span>\n\t\n\t<\/a>[\/vc_column][\/vc_row]<\/p>\n<\/div>","protected":false},"excerpt":{"rendered":"<p>[vc_row row_type=&#8221;parallax&#8221; content_aligment=&#8221;center&#8221; full_screen_section_height=&#8221;no&#8221; parallax_background_image=&#8221;4888&#8243; parallax_speed=&#8221;0.2&#8243; css=&#8221;.vc_custom_1591622378410{background-color: #ffffff !important;background-position: center !important;background-repeat: no-repeat !important;background-size: cover !important;}&#8221;][vc_column][vc_empty_space height=&#8221;80&#8243;][vc_column_text css=&#8221;&#8221;] Scoprire C\u00f3rdoba: una passeggiata autentica tra le sue strade [\/vc_column_text][vc_empty_space height=&#8221;80&#8243;][vc_empty_space height=&#8221;80&#8243;][\/vc_column][\/vc_row][vc_row content_width=&#8221;grid&#8221; content_aligment=&#8221;center&#8221; css=&#8221;.vc_custom_1582060697273{background-color: #ffffff !important;}&#8221;][vc_column][vc_empty_space height=&#8221;20&#8243;][vc_empty_space height=&#8221;20&#8243;][vc_column_text css=&#8221;&#8221;] C\u00f3rdoba non si scopre solo attraverso i suoi grandi monumenti. La citt\u00e0 si vive soprattutto camminando, immergendosi nelle sue strade e nei suoi angoli pi\u00f9 nascosti, proprio come fanno gli abitanti ogni giorno. Questa passeggiata \u00e8 pensata per chi desidera approfondire la visita e conoscere C\u00f3rdoba in modo pi\u00f9 tranquillo, intimo e autentico.\u00a0 [&hellip;]<\/p>\n","protected":false},"author":6,"featured_media":0,"parent":0,"menu_order":0,"comment_status":"closed","ping_status":"closed","template":"full-width.php","meta":{"_joinchat":[],"footnotes":""},"class_list":["post-5077","page","type-page","status-publish","hentry"],"yoast_head":"<!-- This site is optimized with the Yoast SEO plugin v27.3 - https:\/\/yoast.com\/product\/yoast-seo-wordpress\/ -->\n<title>Una passeggiata tranquilla \u2013 Guida turistica in C\u00f3rdoba. Tedesco\/ italiano<\/title>\n<meta name=\"description\" content=\"Una passeggiata tranquilla a C\u00f3rdoba. Questo percorso \u00e8 pensato per capire la citt\u00e0 e la sua storia in modo diverso etranquillo.\" \/>\n<meta name=\"robots\" content=\"index, follow, max-snippet:-1, max-image-preview:large, max-video-preview:-1\" \/>\n<link rel=\"canonical\" href=\"https:\/\/nuriaaebi.com\/it\/visita-guidata-di-cordova\" \/>\n<meta property=\"og:locale\" content=\"it_IT\" \/>\n<meta property=\"og:type\" content=\"article\" \/>\n<meta property=\"og:title\" content=\"Una passeggiata tranquilla \u2013 Guida turistica in C\u00f3rdoba. Tedesco\/ italiano\" \/>\n<meta property=\"og:description\" content=\"Una passeggiata tranquilla a C\u00f3rdoba. Questo percorso \u00e8 pensato per capire la citt\u00e0 e la sua storia in modo diverso etranquillo.\" \/>\n<meta property=\"og:url\" content=\"https:\/\/nuriaaebi.com\/it\/visita-guidata-di-cordova\" \/>\n<meta property=\"og:site_name\" content=\"Gu\u00eda Turstico en C\u00f3rdoba, Espa\u00f1a. Deutsch \/ Italiano\" \/>\n<meta property=\"article:modified_time\" content=\"2026-04-10T08:07:19+00:00\" \/>\n<meta name=\"twitter:card\" content=\"summary_large_image\" \/>\n<meta name=\"twitter:label1\" content=\"Tempo di lettura stimato\" \/>\n\t<meta name=\"twitter:data1\" content=\"3 minuti\" \/>\n<script type=\"application\/ld+json\" class=\"yoast-schema-graph\">{\"@context\":\"https:\\\/\\\/schema.org\",\"@graph\":[{\"@type\":\"WebPage\",\"@id\":\"https:\\\/\\\/nuriaaebi.com\\\/it\\\/visita-guidata-di-cordova\",\"url\":\"https:\\\/\\\/nuriaaebi.com\\\/it\\\/visita-guidata-di-cordova\",\"name\":\"Una passeggiata tranquilla \u2013 Guida turistica in C\u00f3rdoba. Tedesco\\\/ italiano\",\"isPartOf\":{\"@id\":\"https:\\\/\\\/nuriaaebi.com\\\/#website\"},\"datePublished\":\"2020-07-20T15:41:00+00:00\",\"dateModified\":\"2026-04-10T08:07:19+00:00\",\"description\":\"Una passeggiata tranquilla a C\u00f3rdoba. Questo percorso \u00e8 pensato per capire la citt\u00e0 e la sua storia in modo diverso etranquillo.\",\"breadcrumb\":{\"@id\":\"https:\\\/\\\/nuriaaebi.com\\\/it\\\/visita-guidata-di-cordova#breadcrumb\"},\"inLanguage\":\"it-IT\",\"potentialAction\":[{\"@type\":\"ReadAction\",\"target\":[\"https:\\\/\\\/nuriaaebi.com\\\/it\\\/visita-guidata-di-cordova\"]}]},{\"@type\":\"BreadcrumbList\",\"@id\":\"https:\\\/\\\/nuriaaebi.com\\\/it\\\/visita-guidata-di-cordova#breadcrumb\",\"itemListElement\":[{\"@type\":\"ListItem\",\"position\":1,\"name\":\"Portada\",\"item\":\"https:\\\/\\\/nuriaaebi.com\\\/it\"},{\"@type\":\"ListItem\",\"position\":2,\"name\":\"Una passeggiata tranquila\"}]},{\"@type\":\"WebSite\",\"@id\":\"https:\\\/\\\/nuriaaebi.com\\\/#website\",\"url\":\"https:\\\/\\\/nuriaaebi.com\\\/\",\"name\":\"Gu\u00eda Turstico en C\u00f3rdoba, Espa\u00f1a. Deutsch \\\/ Italiano\",\"description\":\"Visita guiada a C\u00f3rdoba - F\u00fchrung durch Cordoba auf Deutsch - Visita guidata di Cordova in italiano\",\"potentialAction\":[{\"@type\":\"SearchAction\",\"target\":{\"@type\":\"EntryPoint\",\"urlTemplate\":\"https:\\\/\\\/nuriaaebi.com\\\/?s={search_term_string}\"},\"query-input\":{\"@type\":\"PropertyValueSpecification\",\"valueRequired\":true,\"valueName\":\"search_term_string\"}}],\"inLanguage\":\"it-IT\"}]}<\/script>\n<!-- \/ Yoast SEO plugin. -->","yoast_head_json":{"title":"Una passeggiata tranquilla \u2013 Guida turistica in C\u00f3rdoba. Tedesco\/ italiano","description":"Una passeggiata tranquilla a C\u00f3rdoba. Questo percorso \u00e8 pensato per capire la citt\u00e0 e la sua storia in modo diverso etranquillo.","robots":{"index":"index","follow":"follow","max-snippet":"max-snippet:-1","max-image-preview":"max-image-preview:large","max-video-preview":"max-video-preview:-1"},"canonical":"https:\/\/nuriaaebi.com\/it\/visita-guidata-di-cordova","og_locale":"it_IT","og_type":"article","og_title":"Una passeggiata tranquilla \u2013 Guida turistica in C\u00f3rdoba. Tedesco\/ italiano","og_description":"Una passeggiata tranquilla a C\u00f3rdoba. Questo percorso \u00e8 pensato per capire la citt\u00e0 e la sua storia in modo diverso etranquillo.","og_url":"https:\/\/nuriaaebi.com\/it\/visita-guidata-di-cordova","og_site_name":"Gu\u00eda Turstico en C\u00f3rdoba, Espa\u00f1a. Deutsch \/ Italiano","article_modified_time":"2026-04-10T08:07:19+00:00","twitter_card":"summary_large_image","twitter_misc":{"Tempo di lettura stimato":"3 minuti"},"schema":{"@context":"https:\/\/schema.org","@graph":[{"@type":"WebPage","@id":"https:\/\/nuriaaebi.com\/it\/visita-guidata-di-cordova","url":"https:\/\/nuriaaebi.com\/it\/visita-guidata-di-cordova","name":"Una passeggiata tranquilla \u2013 Guida turistica in C\u00f3rdoba. Tedesco\/ italiano","isPartOf":{"@id":"https:\/\/nuriaaebi.com\/#website"},"datePublished":"2020-07-20T15:41:00+00:00","dateModified":"2026-04-10T08:07:19+00:00","description":"Una passeggiata tranquilla a C\u00f3rdoba. Questo percorso \u00e8 pensato per capire la citt\u00e0 e la sua storia in modo diverso etranquillo.","breadcrumb":{"@id":"https:\/\/nuriaaebi.com\/it\/visita-guidata-di-cordova#breadcrumb"},"inLanguage":"it-IT","potentialAction":[{"@type":"ReadAction","target":["https:\/\/nuriaaebi.com\/it\/visita-guidata-di-cordova"]}]},{"@type":"BreadcrumbList","@id":"https:\/\/nuriaaebi.com\/it\/visita-guidata-di-cordova#breadcrumb","itemListElement":[{"@type":"ListItem","position":1,"name":"Portada","item":"https:\/\/nuriaaebi.com\/it"},{"@type":"ListItem","position":2,"name":"Una passeggiata tranquila"}]},{"@type":"WebSite","@id":"https:\/\/nuriaaebi.com\/#website","url":"https:\/\/nuriaaebi.com\/","name":"Gu\u00eda Turstico en C\u00f3rdoba, Espa\u00f1a. Deutsch \/ Italiano","description":"Visita guiada a C\u00f3rdoba - F\u00fchrung durch Cordoba auf Deutsch - Visita guidata di Cordova in italiano","potentialAction":[{"@type":"SearchAction","target":{"@type":"EntryPoint","urlTemplate":"https:\/\/nuriaaebi.com\/?s={search_term_string}"},"query-input":{"@type":"PropertyValueSpecification","valueRequired":true,"valueName":"search_term_string"}}],"inLanguage":"it-IT"}]}},"_links":{"self":[{"href":"https:\/\/nuriaaebi.com\/it\/wp-json\/wp\/v2\/pages\/5077","targetHints":{"allow":["GET"]}}],"collection":[{"href":"https:\/\/nuriaaebi.com\/it\/wp-json\/wp\/v2\/pages"}],"about":[{"href":"https:\/\/nuriaaebi.com\/it\/wp-json\/wp\/v2\/types\/page"}],"author":[{"embeddable":true,"href":"https:\/\/nuriaaebi.com\/it\/wp-json\/wp\/v2\/users\/6"}],"replies":[{"embeddable":true,"href":"https:\/\/nuriaaebi.com\/it\/wp-json\/wp\/v2\/comments?post=5077"}],"version-history":[{"count":13,"href":"https:\/\/nuriaaebi.com\/it\/wp-json\/wp\/v2\/pages\/5077\/revisions"}],"predecessor-version":[{"id":5499,"href":"https:\/\/nuriaaebi.com\/it\/wp-json\/wp\/v2\/pages\/5077\/revisions\/5499"}],"wp:attachment":[{"href":"https:\/\/nuriaaebi.com\/it\/wp-json\/wp\/v2\/media?parent=5077"}],"curies":[{"name":"wp","href":"https:\/\/api.w.org\/{rel}","templated":true}]}}