{"id":5180,"date":"2020-09-14T18:21:57","date_gmt":"2020-09-14T16:21:57","guid":{"rendered":"https:\/\/nuriaaebi.com\/?page_id=5180"},"modified":"2021-05-06T10:04:10","modified_gmt":"2021-05-06T08:04:10","slug":"contatti","status":"publish","type":"page","link":"https:\/\/nuriaaebi.com\/it\/contatti","title":{"rendered":"Contatti"},"content":{"rendered":"<div class=\"wpb-content-wrapper\"><p>[vc_row row_type=&#8221;parallax&#8221; content_aligment=&#8221;center&#8221; full_screen_section_height=&#8221;no&#8221; parallax_background_image=&#8221;4602&#8243; parallax_speed=&#8221;0.2&#8243; css=&#8221;.vc_custom_1598867198768{background-color: #ffffff !important;background-position: center !important;background-repeat: no-repeat !important;background-size: cover !important;}&#8221;][vc_column][vc_empty_space height=&#8221;80&#8243;][vc_column_text]<\/p>\n<h1 style=\"text-align: center;\"><span style=\"color: #ffffff;\">CONTATTI<\/span><\/h1>\n<div id=\"gtx-trans\" style=\"position: absolute; left: 196px; top: -0.5625px;\">\n<div class=\"gtx-trans-icon\"><\/div>\n<\/div>\n<p>[\/vc_column_text][vc_empty_space height=&#8221;80&#8243;][vc_empty_space height=&#8221;80&#8243;][vc_empty_space height=&#8221;80&#8243;][\/vc_column][\/vc_row][vc_row content_width=&#8221;grid&#8221;][vc_column width=&#8221;2\/3&#8243;][vc_empty_space height=&#8221;40&#8243;][vc_column_text]<\/p>\n<h3>Modulo di Contatto<\/h3>\n<p>[\/vc_column_text][vc_empty_space height=&#8221;33&#8243;]\n<div class=\"wpcf7 no-js\" id=\"wpcf7-f5184-o1\" lang=\"es-ES\" dir=\"ltr\" data-wpcf7-id=\"5184\">\n<div class=\"screen-reader-response\"><p role=\"status\" aria-live=\"polite\" aria-atomic=\"true\"><\/p> <ul><\/ul><\/div>\n<form action=\"\/it\/wp-json\/wp\/v2\/pages\/5180#wpcf7-f5184-o1\" method=\"post\" class=\"wpcf7-form init\" aria-label=\"Formulario de contacto\" novalidate=\"novalidate\" data-status=\"init\">\n<fieldset class=\"hidden-fields-container\"><input type=\"hidden\" name=\"_wpcf7\" value=\"5184\" \/><input type=\"hidden\" name=\"_wpcf7_version\" value=\"6.1.5\" \/><input type=\"hidden\" name=\"_wpcf7_locale\" value=\"es_ES\" \/><input type=\"hidden\" name=\"_wpcf7_unit_tag\" value=\"wpcf7-f5184-o1\" \/><input type=\"hidden\" name=\"_wpcf7_container_post\" value=\"0\" \/><input type=\"hidden\" name=\"_wpcf7_posted_data_hash\" value=\"\" \/><input type=\"hidden\" name=\"_wpcf7_recaptcha_response\" value=\"\" \/>\n<\/fieldset>\n<p><label> Nome (richiesto)<br \/>\n<span class=\"wpcf7-form-control-wrap\" data-name=\"your-name\"><input size=\"40\" maxlength=\"400\" class=\"wpcf7-form-control wpcf7-text wpcf7-validates-as-required\" aria-required=\"true\" aria-invalid=\"false\" value=\"\" type=\"text\" name=\"your-name\" \/><\/span> <\/label>\n<\/p>\n<p><label> Email (richiesto)<br \/>\n<span class=\"wpcf7-form-control-wrap\" data-name=\"your-email\"><input size=\"40\" maxlength=\"400\" class=\"wpcf7-form-control wpcf7-email wpcf7-validates-as-required wpcf7-text wpcf7-validates-as-email\" aria-required=\"true\" aria-invalid=\"false\" value=\"\" type=\"email\" name=\"your-email\" \/><\/span> <\/label>\n<\/p>\n<p><label> Telefono (richiesto)<br \/>\n<span class=\"wpcf7-form-control-wrap\" data-name=\"your-tel\"><input size=\"40\" maxlength=\"400\" class=\"wpcf7-form-control wpcf7-tel wpcf7-validates-as-required wpcf7-text wpcf7-validates-as-tel\" aria-required=\"true\" aria-invalid=\"false\" value=\"\" type=\"tel\" name=\"your-tel\" \/><\/span> <\/label>\n<\/p>\n<p><label> Oggetto<br \/>\n<span class=\"wpcf7-form-control-wrap\" data-name=\"your-subject\"><input size=\"40\" maxlength=\"400\" class=\"wpcf7-form-control wpcf7-text\" aria-invalid=\"false\" value=\"\" type=\"text\" name=\"your-subject\" \/><\/span> <\/label>\n<\/p>\n<p><label> Messaggio<br \/>\n<span class=\"wpcf7-form-control-wrap\" data-name=\"your-message\"><textarea cols=\"40\" rows=\"10\" maxlength=\"2000\" class=\"wpcf7-form-control wpcf7-textarea\" aria-invalid=\"false\" name=\"your-message\"><\/textarea><\/span> <\/label>\n<\/p>\n<p><span class=\"wpcf7-form-control-wrap\" data-name=\"Privacidad\"><span class=\"wpcf7-form-control wpcf7-acceptance\"><span class=\"wpcf7-list-item\"><label><input type=\"checkbox\" name=\"Privacidad\" value=\"1\" aria-invalid=\"false\" \/><span class=\"wpcf7-list-item-label\">Ho letto e accetto <a rel=\"nofollow\" href=\"\/politica-de-privacidad\">l'informativa sulla privacy<\/a>.<\/span><\/label><\/span><\/span><\/span>\n<\/p>\n<p><input class=\"wpcf7-form-control wpcf7-submit has-spinner\" type=\"submit\" value=\"Inviare\" \/>\n<\/p><div class=\"wpcf7-response-output\" aria-hidden=\"true\"><\/div>\n<\/form>\n<\/div>\n[vc_empty_space height=&#8221;50&#8243;][\/vc_column][vc_column width=&#8221;1\/3&#8243;][vc_empty_space height=&#8221;40&#8243;][vc_empty_space height=&#8221;3&#8243;][vc_column_text]<\/p>\n<h4>Hai bisogno di aiuto?<\/h4>\n<p>[\/vc_column_text][vc_column_text]Per poter offrire il miglior percorso, ho bisogno alcune informazioni, come per esempio: quanti siete? quando volete fare la gita? Ci sono bambini? Anziani? che percorso volete fare?&#8230;ovviamente potete anche esprimere i vostri dubbi.<br \/>\nTi contatter\u00f2 personalmente e troveremo la giusta offerta di percorso che far\u00e0 al caso tuo.[\/vc_column_text][vc_empty_space height=&#8221;83&#8243;][\/vc_column][\/vc_row][vc_row content_aligment=&#8221;center&#8221;][vc_column]<a href=\"mailto:info@nuriaaebi.com\" target=\"_self\"  class=\"mkdf-btn mkdf-btn-huge-full-width mkdf-btn-solid mkdf-btn-custom-hover-bg mkdf-btn-custom-border-hover mkdf-btn-hover-solid\"  data-hover-bg-color=\"#363636\" data-hover-border-color=\"#363636\" >\n\t<span class=\"mkdf-btn-text\">NE PARLIAMO?<\/span>\n\t\n\t<\/a>[\/vc_column][\/vc_row]<\/p>\n<\/div>","protected":false},"excerpt":{"rendered":"<p>[vc_row row_type=&#8221;parallax&#8221; content_aligment=&#8221;center&#8221; full_screen_section_height=&#8221;no&#8221; parallax_background_image=&#8221;4602&#8243; parallax_speed=&#8221;0.2&#8243; css=&#8221;.vc_custom_1598867198768{background-color: #ffffff !important;background-position: center !important;background-repeat: no-repeat !important;background-size: cover !important;}&#8221;][vc_column][vc_empty_space height=&#8221;80&#8243;][vc_column_text] CONTATTI [\/vc_column_text][vc_empty_space height=&#8221;80&#8243;][vc_empty_space height=&#8221;80&#8243;][vc_empty_space height=&#8221;80&#8243;][\/vc_column][\/vc_row][vc_row content_width=&#8221;grid&#8221;][vc_column width=&#8221;2\/3&#8243;][vc_empty_space height=&#8221;40&#8243;][vc_column_text] Modulo di Contatto [\/vc_column_text][vc_empty_space height=&#8221;33&#8243;][vc_empty_space height=&#8221;50&#8243;][\/vc_column][vc_column width=&#8221;1\/3&#8243;][vc_empty_space height=&#8221;40&#8243;][vc_empty_space height=&#8221;3&#8243;][vc_column_text] Hai bisogno di aiuto? [\/vc_column_text][vc_column_text]Per poter offrire il miglior percorso, ho bisogno alcune informazioni, come per esempio: quanti siete? quando volete fare la gita? Ci sono bambini? Anziani? che percorso volete fare?&#8230;ovviamente potete anche esprimere i vostri dubbi. Ti contatter\u00f2 personalmente e troveremo la giusta offerta di percorso che far\u00e0 al caso tuo.[\/vc_column_text][vc_empty_space height=&#8221;83&#8243;][\/vc_column][\/vc_row][vc_row content_aligment=&#8221;center&#8221;][vc_column][\/vc_column][\/vc_row]<\/p>\n","protected":false},"author":6,"featured_media":0,"parent":0,"menu_order":0,"comment_status":"closed","ping_status":"closed","template":"full-width.php","meta":{"_joinchat":[],"footnotes":""},"class_list":["post-5180","page","type-page","status-publish","hentry"],"yoast_head":"<!-- This site is optimized with the Yoast SEO plugin v27.3 - https:\/\/yoast.com\/product\/yoast-seo-wordpress\/ -->\n<title>Contatti guida turistica in C\u00f3rdoba - Guida turistica in C\u00f3rdoba. Tedesco\/ italiano<\/title>\n<meta name=\"description\" content=\"Contatti guida turistica in C\u00f3rdoba. Nuria D. Aebi, guida turistica in C\u00f3rdoba nellelingue: spagnolo, tedesco, italiano. Goditi Corduva con noi.\" \/>\n<meta name=\"robots\" content=\"index, follow, max-snippet:-1, max-image-preview:large, max-video-preview:-1\" \/>\n<link rel=\"canonical\" href=\"https:\/\/nuriaaebi.com\/it\/contatti\" \/>\n<meta property=\"og:locale\" content=\"it_IT\" \/>\n<meta property=\"og:type\" content=\"article\" \/>\n<meta property=\"og:title\" content=\"Contatti guida turistica in C\u00f3rdoba - Guida turistica in C\u00f3rdoba. Tedesco\/ italiano\" \/>\n<meta property=\"og:description\" content=\"Contatti guida turistica in C\u00f3rdoba. Nuria D. Aebi, guida turistica in C\u00f3rdoba nellelingue: spagnolo, tedesco, italiano. Goditi Corduva con noi.\" \/>\n<meta property=\"og:url\" content=\"https:\/\/nuriaaebi.com\/it\/contatti\" \/>\n<meta property=\"og:site_name\" content=\"Gu\u00eda Turstico en C\u00f3rdoba, Espa\u00f1a. Deutsch \/ Italiano\" \/>\n<meta property=\"article:modified_time\" content=\"2021-05-06T08:04:10+00:00\" \/>\n<meta name=\"twitter:card\" content=\"summary_large_image\" \/>\n<meta name=\"twitter:label1\" content=\"Tempo di lettura stimato\" \/>\n\t<meta name=\"twitter:data1\" content=\"1 minuto\" \/>\n<script type=\"application\/ld+json\" class=\"yoast-schema-graph\">{\"@context\":\"https:\\\/\\\/schema.org\",\"@graph\":[{\"@type\":\"WebPage\",\"@id\":\"https:\\\/\\\/nuriaaebi.com\\\/it\\\/contatti\",\"url\":\"https:\\\/\\\/nuriaaebi.com\\\/it\\\/contatti\",\"name\":\"Contatti guida turistica in C\u00f3rdoba - Guida turistica in C\u00f3rdoba. Tedesco\\\/ italiano\",\"isPartOf\":{\"@id\":\"https:\\\/\\\/nuriaaebi.com\\\/#website\"},\"datePublished\":\"2020-09-14T16:21:57+00:00\",\"dateModified\":\"2021-05-06T08:04:10+00:00\",\"description\":\"Contatti guida turistica in C\u00f3rdoba. Nuria D. Aebi, guida turistica in C\u00f3rdoba nellelingue: spagnolo, tedesco, italiano. Goditi Corduva con noi.\",\"breadcrumb\":{\"@id\":\"https:\\\/\\\/nuriaaebi.com\\\/it\\\/contatti#breadcrumb\"},\"inLanguage\":\"it-IT\",\"potentialAction\":[{\"@type\":\"ReadAction\",\"target\":[\"https:\\\/\\\/nuriaaebi.com\\\/it\\\/contatti\"]}]},{\"@type\":\"BreadcrumbList\",\"@id\":\"https:\\\/\\\/nuriaaebi.com\\\/it\\\/contatti#breadcrumb\",\"itemListElement\":[{\"@type\":\"ListItem\",\"position\":1,\"name\":\"Portada\",\"item\":\"https:\\\/\\\/nuriaaebi.com\\\/it\"},{\"@type\":\"ListItem\",\"position\":2,\"name\":\"Contatti\"}]},{\"@type\":\"WebSite\",\"@id\":\"https:\\\/\\\/nuriaaebi.com\\\/#website\",\"url\":\"https:\\\/\\\/nuriaaebi.com\\\/\",\"name\":\"Gu\u00eda Turstico en C\u00f3rdoba, Espa\u00f1a. Deutsch \\\/ Italiano\",\"description\":\"Visita guiada a C\u00f3rdoba - F\u00fchrung durch Cordoba auf Deutsch - Visita guidata di Cordova in italiano\",\"potentialAction\":[{\"@type\":\"SearchAction\",\"target\":{\"@type\":\"EntryPoint\",\"urlTemplate\":\"https:\\\/\\\/nuriaaebi.com\\\/?s={search_term_string}\"},\"query-input\":{\"@type\":\"PropertyValueSpecification\",\"valueRequired\":true,\"valueName\":\"search_term_string\"}}],\"inLanguage\":\"it-IT\"}]}<\/script>\n<!-- \/ Yoast SEO plugin. -->","yoast_head_json":{"title":"Contatti guida turistica in C\u00f3rdoba - Guida turistica in C\u00f3rdoba. Tedesco\/ italiano","description":"Contatti guida turistica in C\u00f3rdoba. Nuria D. Aebi, guida turistica in C\u00f3rdoba nellelingue: spagnolo, tedesco, italiano. Goditi Corduva con noi.","robots":{"index":"index","follow":"follow","max-snippet":"max-snippet:-1","max-image-preview":"max-image-preview:large","max-video-preview":"max-video-preview:-1"},"canonical":"https:\/\/nuriaaebi.com\/it\/contatti","og_locale":"it_IT","og_type":"article","og_title":"Contatti guida turistica in C\u00f3rdoba - Guida turistica in C\u00f3rdoba. Tedesco\/ italiano","og_description":"Contatti guida turistica in C\u00f3rdoba. Nuria D. Aebi, guida turistica in C\u00f3rdoba nellelingue: spagnolo, tedesco, italiano. Goditi Corduva con noi.","og_url":"https:\/\/nuriaaebi.com\/it\/contatti","og_site_name":"Gu\u00eda Turstico en C\u00f3rdoba, Espa\u00f1a. Deutsch \/ Italiano","article_modified_time":"2021-05-06T08:04:10+00:00","twitter_card":"summary_large_image","twitter_misc":{"Tempo di lettura stimato":"1 minuto"},"schema":{"@context":"https:\/\/schema.org","@graph":[{"@type":"WebPage","@id":"https:\/\/nuriaaebi.com\/it\/contatti","url":"https:\/\/nuriaaebi.com\/it\/contatti","name":"Contatti guida turistica in C\u00f3rdoba - Guida turistica in C\u00f3rdoba. Tedesco\/ italiano","isPartOf":{"@id":"https:\/\/nuriaaebi.com\/#website"},"datePublished":"2020-09-14T16:21:57+00:00","dateModified":"2021-05-06T08:04:10+00:00","description":"Contatti guida turistica in C\u00f3rdoba. Nuria D. Aebi, guida turistica in C\u00f3rdoba nellelingue: spagnolo, tedesco, italiano. Goditi Corduva con noi.","breadcrumb":{"@id":"https:\/\/nuriaaebi.com\/it\/contatti#breadcrumb"},"inLanguage":"it-IT","potentialAction":[{"@type":"ReadAction","target":["https:\/\/nuriaaebi.com\/it\/contatti"]}]},{"@type":"BreadcrumbList","@id":"https:\/\/nuriaaebi.com\/it\/contatti#breadcrumb","itemListElement":[{"@type":"ListItem","position":1,"name":"Portada","item":"https:\/\/nuriaaebi.com\/it"},{"@type":"ListItem","position":2,"name":"Contatti"}]},{"@type":"WebSite","@id":"https:\/\/nuriaaebi.com\/#website","url":"https:\/\/nuriaaebi.com\/","name":"Gu\u00eda Turstico en C\u00f3rdoba, Espa\u00f1a. Deutsch \/ Italiano","description":"Visita guiada a C\u00f3rdoba - F\u00fchrung durch Cordoba auf Deutsch - Visita guidata di Cordova in italiano","potentialAction":[{"@type":"SearchAction","target":{"@type":"EntryPoint","urlTemplate":"https:\/\/nuriaaebi.com\/?s={search_term_string}"},"query-input":{"@type":"PropertyValueSpecification","valueRequired":true,"valueName":"search_term_string"}}],"inLanguage":"it-IT"}]}},"_links":{"self":[{"href":"https:\/\/nuriaaebi.com\/it\/wp-json\/wp\/v2\/pages\/5180","targetHints":{"allow":["GET"]}}],"collection":[{"href":"https:\/\/nuriaaebi.com\/it\/wp-json\/wp\/v2\/pages"}],"about":[{"href":"https:\/\/nuriaaebi.com\/it\/wp-json\/wp\/v2\/types\/page"}],"author":[{"embeddable":true,"href":"https:\/\/nuriaaebi.com\/it\/wp-json\/wp\/v2\/users\/6"}],"replies":[{"embeddable":true,"href":"https:\/\/nuriaaebi.com\/it\/wp-json\/wp\/v2\/comments?post=5180"}],"version-history":[{"count":9,"href":"https:\/\/nuriaaebi.com\/it\/wp-json\/wp\/v2\/pages\/5180\/revisions"}],"predecessor-version":[{"id":5313,"href":"https:\/\/nuriaaebi.com\/it\/wp-json\/wp\/v2\/pages\/5180\/revisions\/5313"}],"wp:attachment":[{"href":"https:\/\/nuriaaebi.com\/it\/wp-json\/wp\/v2\/media?parent=5180"}],"curies":[{"name":"wp","href":"https:\/\/api.w.org\/{rel}","templated":true}]}}